{"id":183,"date":"2020-10-20T13:10:23","date_gmt":"2020-10-20T13:10:23","guid":{"rendered":"https:\/\/ibomberdefensepacific.standardof.net\/?page_id=183"},"modified":"2020-10-21T17:19:18","modified_gmt":"2020-10-21T17:19:18","slug":"campaign-mission-01-kokoda-track","status":"publish","type":"page","link":"https:\/\/ibomberdefensepacific.standardof.net\/es\/guide\/campana-mision-01-kokoda-track\/","title":{"rendered":"Misi\u00f3n de la campa\u00f1a 01: &quot;Kokoda Track&quot; Nueva Guinea"},"content":{"rendered":"<h2 class=\"wp-block-heading\">Pista de Kokoda: Nueva Guinea<\/h2>\n\n\n\n<div class=\"wp-block-image\"><figure class=\"aligncenter size-large\"><a href=\"https:\/\/ibomberdefensepacific.standardof.net\/es\/guide\/campana-mision-01-kokoda-track\/ibomber-defense-pacific-campaign-mission-01-kokoda-track-1\/\"><img decoding=\"async\" width=\"800\" height=\"450\" src=\"https:\/\/ibomberdefensepacific.standardof.net\/wp-content\/uploads\/sites\/6\/2020\/10\/iBomber-Defense-Pacific-Campaign-Mission-01-Kokoda-Track-1-800x450.jpg\" alt=\"Un mapa del nivel de campa\u00f1a de Kokoda Track, con flechas dibujadas que muestran los caminos que toman las unidades enemigas hacia la base que debes defender en el videojuego &quot;iBomber Defense Pacific&quot;.\" class=\"wp-image-38\" srcset=\"https:\/\/ibomberdefensepacific.standardof.net\/wp-content\/uploads\/sites\/6\/2020\/10\/iBomber-Defense-Pacific-Campaign-Mission-01-Kokoda-Track-1-800x450.jpg 800w, https:\/\/ibomberdefensepacific.standardof.net\/wp-content\/uploads\/sites\/6\/2020\/10\/iBomber-Defense-Pacific-Campaign-Mission-01-Kokoda-Track-1-512x288.jpg 512w, https:\/\/ibomberdefensepacific.standardof.net\/wp-content\/uploads\/sites\/6\/2020\/10\/iBomber-Defense-Pacific-Campaign-Mission-01-Kokoda-Track-1-200x113.jpg 200w, https:\/\/ibomberdefensepacific.standardof.net\/wp-content\/uploads\/sites\/6\/2020\/10\/iBomber-Defense-Pacific-Campaign-Mission-01-Kokoda-Track-1-768x432.jpg 768w, https:\/\/ibomberdefensepacific.standardof.net\/wp-content\/uploads\/sites\/6\/2020\/10\/iBomber-Defense-Pacific-Campaign-Mission-01-Kokoda-Track-1-16x9.jpg 16w, https:\/\/ibomberdefensepacific.standardof.net\/wp-content\/uploads\/sites\/6\/2020\/10\/iBomber-Defense-Pacific-Campaign-Mission-01-Kokoda-Track-1.jpg 1280w\" sizes=\"(max-width: 800px) 100vw, 800px\" \/><\/a><figcaption>La direcci\u00f3n que toman las unidades enemigas en el nivel Kokoda Track.<\/figcaption><\/figure><\/div>\n\n\n\n<p><em>Protege la bah\u00eda de Milne y evita que las fuerzas japonesas establezcan una base en el este de Nueva Guinea.<\/em><\/p>\n\n\n\n<p>Estar\u00e1s defendiendo un camino \u00fanico que se curva desde la parte superior izquierda del mapa hasta tu base en la parte inferior derecha para 8 ondas de unidades principalmente de luz. Esta es la primera de dos misiones tutoriales que son relativamente f\u00e1ciles (incluso en dificultad Veterano) y sirven para presentar a los nuevos jugadores la mec\u00e1nica del juego. No hay objetivos especiales o cajas de suministros de las que hablar en esta misi\u00f3n.<\/p>\n\n\n\t\t\t\t<div class=\"wp-block-uagb-table-of-contents uagb-toc__align-left uagb-toc__columns-1  uagb-block-9b8f349e\"\n\t\t\t\t\tdata-scroll= \"1\"\n\t\t\t\t\tdata-offset= \"30\"\n\t\t\t\t\tstyle=\"\"\n\t\t\t\t>\n\t\t\t\t<div class=\"uagb-toc__wrap\">\n\t\t\t\t\t\t<div class=\"uagb-toc__title\">\n\t\t\t\t\t\t\tNavegaci\u00f3n de la gu\u00eda de recorrido:\t\t\t\t\t\t<\/div>\n\t\t\t\t\t\t\t\t\t\t\t\t\t\t\t\t<div class=\"uagb-toc__list-wrap\">\n\t\t\t\t\t\t<ol class=\"uagb-toc__list\"><li class=\"uagb-toc__list\"><a href=\"#secondary-objective\" class=\"uagb-toc-link__trigger\">Objetivo secundario<\/a><li class=\"uagb-toc__list\"><a href=\"#turret-placement\" class=\"uagb-toc-link__trigger\">Colocaci\u00f3n de la torreta<\/a><li class=\"uagb-toc__list\"><a href=\"#veteran-difficulty-video-guide\" class=\"uagb-toc-link__trigger\">Gu\u00eda de video de dificultad para veteranos<\/a><\/ol>\t\t\t\t\t<\/div>\n\t\t\t\t\t\t\t\t\t<\/div>\n\t\t\t\t<\/div>\n\t\t\t\n\n\n<hr class=\"wp-block-separator is-style-wide\"\/>\n\n\n\n<h3 class=\"wp-block-heading\">Objetivo secundario<\/h3>\n\n\n\n<p><em>Proteja el almac\u00e9n de suministros.<\/em><\/p>\n\n\n\n<p>Este objetivo consiste en defender el edificio marr\u00f3n al sur de la curva de la carretera despu\u00e9s del puente. Todo lo que necesita hacer es colocar un par de sus torretas frente a \u00e9l para evitar que sufra da\u00f1os.<\/p>\n\n\n\n<div class=\"wp-block-image\"><figure class=\"aligncenter size-large\"><a href=\"https:\/\/ibomberdefensepacific.standardof.net\/es\/guide\/campana-mision-01-kokoda-track\/ibomber-defense-pacific-campaign-mission-01-kokoda-track-3\/\"><img decoding=\"async\" width=\"224\" height=\"140\" src=\"https:\/\/ibomberdefensepacific.standardof.net\/wp-content\/uploads\/sites\/6\/2020\/10\/iBomber-Defense-Pacific-Campaign-Mission-01-Kokoda-Track-3.jpg\" alt=\"Captura de pantalla del edificio del objetivo secundario en el nivel de campa\u00f1a de Kokoda Track en el videojuego &quot;iBomber Defense Pacific&quot;.\" class=\"wp-image-40\" srcset=\"https:\/\/ibomberdefensepacific.standardof.net\/wp-content\/uploads\/sites\/6\/2020\/10\/iBomber-Defense-Pacific-Campaign-Mission-01-Kokoda-Track-3.jpg 224w, https:\/\/ibomberdefensepacific.standardof.net\/wp-content\/uploads\/sites\/6\/2020\/10\/iBomber-Defense-Pacific-Campaign-Mission-01-Kokoda-Track-3-200x125.jpg 200w, https:\/\/ibomberdefensepacific.standardof.net\/wp-content\/uploads\/sites\/6\/2020\/10\/iBomber-Defense-Pacific-Campaign-Mission-01-Kokoda-Track-3-16x10.jpg 16w\" sizes=\"(max-width: 224px) 100vw, 224px\" \/><\/a><figcaption>Objetivo secundario<\/figcaption><\/figure><\/div>\n\n\n\n<hr class=\"wp-block-separator is-style-wide\"\/>\n\n\n\n<h3 class=\"wp-block-heading\">Colocaci\u00f3n de la torreta<\/h3>\n\n\n\n<div class=\"wp-block-image\"><figure class=\"aligncenter size-large\"><a href=\"https:\/\/ibomberdefensepacific.standardof.net\/es\/guide\/campana-mision-01-kokoda-track\/ibomber-defense-pacific-campaign-mission-01-kokoda-track-2\/\"><img decoding=\"async\" width=\"800\" height=\"450\" src=\"https:\/\/ibomberdefensepacific.standardof.net\/wp-content\/uploads\/sites\/6\/2020\/10\/iBomber-Defense-Pacific-Campaign-Mission-01-Kokoda-Track-2-800x450.jpg\" alt=\"Captura de pantalla de la ubicaci\u00f3n sugerida de la torreta al alcanzar la oleada 8 en el nivel de campa\u00f1a de Kokoda Track del videojuego &quot;iBomber Defense Pacific&quot;.\" class=\"wp-image-39\" srcset=\"https:\/\/ibomberdefensepacific.standardof.net\/wp-content\/uploads\/sites\/6\/2020\/10\/iBomber-Defense-Pacific-Campaign-Mission-01-Kokoda-Track-2-800x450.jpg 800w, https:\/\/ibomberdefensepacific.standardof.net\/wp-content\/uploads\/sites\/6\/2020\/10\/iBomber-Defense-Pacific-Campaign-Mission-01-Kokoda-Track-2-512x288.jpg 512w, https:\/\/ibomberdefensepacific.standardof.net\/wp-content\/uploads\/sites\/6\/2020\/10\/iBomber-Defense-Pacific-Campaign-Mission-01-Kokoda-Track-2-200x113.jpg 200w, https:\/\/ibomberdefensepacific.standardof.net\/wp-content\/uploads\/sites\/6\/2020\/10\/iBomber-Defense-Pacific-Campaign-Mission-01-Kokoda-Track-2-768x432.jpg 768w, https:\/\/ibomberdefensepacific.standardof.net\/wp-content\/uploads\/sites\/6\/2020\/10\/iBomber-Defense-Pacific-Campaign-Mission-01-Kokoda-Track-2-16x9.jpg 16w, https:\/\/ibomberdefensepacific.standardof.net\/wp-content\/uploads\/sites\/6\/2020\/10\/iBomber-Defense-Pacific-Campaign-Mission-01-Kokoda-Track-2.jpg 1280w\" sizes=\"(max-width: 800px) 100vw, 800px\" \/><\/a><figcaption>Colocaci\u00f3n de la torreta Wave 8.<\/figcaption><\/figure><\/div>\n\n\n\n<p>Colocar las torretas en este nivel es muy simple y sencillo. Simplemente coloque hasta 4 ametralladoras adicionales en los espacios abiertos a lo largo de la carretera, preferiblemente al menos una frente al almac\u00e9n para protegerlo de da\u00f1os. Actual\u00edzalos al nivel 2 a medida que avanza la misi\u00f3n. Una vez que se acerque al nivel 7, ahorre dinero para colocar un solo ca\u00f1\u00f3n a lo largo del camino para ayudar a lidiar con las unidades m\u00e1s pesadas que ocupan las oleadas finales.<\/p>\n\n\n\n<p><strong>Puntos de victoria al final<\/strong><\/p>\n\n\n\n<p>+20 puntos por completar Kokoda Track con Full House.<br>20 puntos en total.<\/p>\n\n\n\n<p><strong>Actualizaciones adquiridas<\/strong><\/p>\n\n\n\n<ul><li>Ametralladora Nivel 3<\/li><\/ul>\n\n\n\n<hr class=\"wp-block-separator is-style-wide\"\/>\n\n\n\n<h3 class=\"has-text-align-center wp-block-heading\">Gu\u00eda de video de dificultad para veteranos<\/h3>\n\n\n\n<figure class=\"wp-block-embed-youtube wp-block-embed is-type-video is-provider-youtube wp-embed-aspect-4-3 wp-has-aspect-ratio\"><div class=\"wp-block-embed__wrapper\">\n<div class=\"ast-oembed-container\" style=\"height: 100%;\"><iframe title=\"Kokoda Track - M1 iBomber Defense Pacific - Tutorial completo para veteranos\" width=\"500\" height=\"375\" src=\"https:\/\/www.youtube.com\/embed\/AUt2ODO-224?feature=oembed\" frameborder=\"0\" allow=\"accelerometer; autoplay; clipboard-write; encrypted-media; gyroscope; picture-in-picture; web-share\" referrerpolicy=\"strict-origin-when-cross-origin\" allowfullscreen><\/iframe><\/div>\n<\/div><\/figure>","protected":false},"excerpt":{"rendered":"<p>Kokoda Track: New Guinea Protect Milne bay and prevent Japanese forces establishing a base in Eastern New Guinea. You will be defending a single path that curves from the top left part of the map down to your base at the bottom right for 8 waves of mostly light units. This is the first of [&hellip;]<\/p>","protected":false},"author":1,"featured_media":39,"parent":164,"menu_order":1,"comment_status":"open","ping_status":"closed","template":"","meta":{"_uag_custom_page_level_css":"","site-sidebar-layout":"default","site-content-layout":"default","ast-site-content-layout":"","site-content-style":"default","site-sidebar-style":"default","ast-global-header-display":"","ast-banner-title-visibility":"","ast-main-header-display":"","ast-hfb-above-header-display":"","ast-hfb-below-header-display":"","ast-hfb-mobile-header-display":"","site-post-title":"","ast-breadcrumbs-content":"","ast-featured-img":"","footer-sml-layout":"","theme-transparent-header-meta":"default","adv-header-id-meta":"","stick-header-meta":"","header-above-stick-meta":"","header-main-stick-meta":"","header-below-stick-meta":"","astra-migrate-meta-layouts":"default","ast-page-background-enabled":"default","ast-page-background-meta":{"desktop":{"background-color":"","background-image":"","background-repeat":"repeat","background-position":"center center","background-size":"auto","background-attachment":"scroll","background-type":"","background-media":"","overlay-type":"","overlay-color":"","overlay-gradient":""},"tablet":{"background-color":"","background-image":"","background-repeat":"repeat","background-position":"center center","background-size":"auto","background-attachment":"scroll","background-type":"","background-media":"","overlay-type":"","overlay-color":"","overlay-gradient":""},"mobile":{"background-color":"","background-image":"","background-repeat":"repeat","background-position":"center center","background-size":"auto","background-attachment":"scroll","background-type":"","background-media":"","overlay-type":"","overlay-color":"","overlay-gradient":""}},"ast-content-background-meta":{"desktop":{"background-color":"var(--ast-global-color-5)","background-image":"","background-repeat":"repeat","background-position":"center center","background-size":"auto","background-attachment":"scroll","background-type":"","background-media":"","overlay-type":"","overlay-color":"","overlay-gradient":""},"tablet":{"background-color":"var(--ast-global-color-5)","background-image":"","background-repeat":"repeat","background-position":"center center","background-size":"auto","background-attachment":"scroll","background-type":"","background-media":"","overlay-type":"","overlay-color":"","overlay-gradient":""},"mobile":{"background-color":"var(--ast-global-color-5)","background-image":"","background-repeat":"repeat","background-position":"center center","background-size":"auto","background-attachment":"scroll","background-type":"","background-media":"","overlay-type":"","overlay-color":"","overlay-gradient":""}},"footnotes":""},"uagb_featured_image_src":{"full":["https:\/\/ibomberdefensepacific.standardof.net\/wp-content\/uploads\/sites\/6\/2020\/10\/iBomber-Defense-Pacific-Campaign-Mission-01-Kokoda-Track-2.jpg",1280,720,false],"thumbnail":["https:\/\/ibomberdefensepacific.standardof.net\/wp-content\/uploads\/sites\/6\/2020\/10\/iBomber-Defense-Pacific-Campaign-Mission-01-Kokoda-Track-2-200x113.jpg",200,113,true],"medium":["https:\/\/ibomberdefensepacific.standardof.net\/wp-content\/uploads\/sites\/6\/2020\/10\/iBomber-Defense-Pacific-Campaign-Mission-01-Kokoda-Track-2-512x288.jpg",512,288,true],"medium_large":["https:\/\/ibomberdefensepacific.standardof.net\/wp-content\/uploads\/sites\/6\/2020\/10\/iBomber-Defense-Pacific-Campaign-Mission-01-Kokoda-Track-2-768x432.jpg",768,432,true],"large":["https:\/\/ibomberdefensepacific.standardof.net\/wp-content\/uploads\/sites\/6\/2020\/10\/iBomber-Defense-Pacific-Campaign-Mission-01-Kokoda-Track-2-800x450.jpg",800,450,true],"1536x1536":["https:\/\/ibomberdefensepacific.standardof.net\/wp-content\/uploads\/sites\/6\/2020\/10\/iBomber-Defense-Pacific-Campaign-Mission-01-Kokoda-Track-2.jpg",1280,720,false],"2048x2048":["https:\/\/ibomberdefensepacific.standardof.net\/wp-content\/uploads\/sites\/6\/2020\/10\/iBomber-Defense-Pacific-Campaign-Mission-01-Kokoda-Track-2.jpg",1280,720,false],"trp-custom-language-flag":["https:\/\/ibomberdefensepacific.standardof.net\/wp-content\/uploads\/sites\/6\/2020\/10\/iBomber-Defense-Pacific-Campaign-Mission-01-Kokoda-Track-2-16x9.jpg",16,9,true]},"uagb_author_info":{"display_name":"SOE","author_link":"https:\/\/ibomberdefensepacific.standardof.net\/es\/author\/k-tastic\/"},"uagb_comment_info":0,"uagb_excerpt":"Kokoda Track: New Guinea Protect Milne bay and prevent Japanese forces establishing a base in Eastern New Guinea. You will be defending a single path that curves from the top left part of the map down to your base at the bottom right for 8 waves of mostly light units. This is the first of&hellip;","_links":{"self":[{"href":"https:\/\/ibomberdefensepacific.standardof.net\/es\/wp-json\/wp\/v2\/pages\/183"}],"collection":[{"href":"https:\/\/ibomberdefensepacific.standardof.net\/es\/wp-json\/wp\/v2\/pages"}],"about":[{"href":"https:\/\/ibomberdefensepacific.standardof.net\/es\/wp-json\/wp\/v2\/types\/page"}],"author":[{"embeddable":true,"href":"https:\/\/ibomberdefensepacific.standardof.net\/es\/wp-json\/wp\/v2\/users\/1"}],"replies":[{"embeddable":true,"href":"https:\/\/ibomberdefensepacific.standardof.net\/es\/wp-json\/wp\/v2\/comments?post=183"}],"version-history":[{"count":0,"href":"https:\/\/ibomberdefensepacific.standardof.net\/es\/wp-json\/wp\/v2\/pages\/183\/revisions"}],"up":[{"embeddable":true,"href":"https:\/\/ibomberdefensepacific.standardof.net\/es\/wp-json\/wp\/v2\/pages\/164"}],"wp:featuredmedia":[{"embeddable":true,"href":"https:\/\/ibomberdefensepacific.standardof.net\/es\/wp-json\/wp\/v2\/media\/39"}],"wp:attachment":[{"href":"https:\/\/ibomberdefensepacific.standardof.net\/es\/wp-json\/wp\/v2\/media?parent=183"}],"curies":[{"name":"wp","href":"https:\/\/api.w.org\/{rel}","templated":true}]}}