{"id":439,"date":"2020-11-12T00:05:32","date_gmt":"2020-11-12T00:05:32","guid":{"rendered":"https:\/\/ibomberdefensepacific.standardof.net\/?page_id=439"},"modified":"2020-11-12T00:11:39","modified_gmt":"2020-11-12T00:11:39","slug":"contact-us","status":"publish","type":"page","link":"https:\/\/ibomberdefensepacific.standardof.net\/de\/kontaktiere-uns\/","title":{"rendered":"Kontaktiere uns"},"content":{"rendered":"<p>Wenn Sie uns mit Fragen oder Bedenken erreichen m\u00f6chten, k\u00f6nnen Sie das folgende Formular verwenden. Bitte beachten Sie, dass wir Sie gem\u00e4\u00df der GPDR-Verordnung dar\u00fcber informieren m\u00f6chten, dass das Kontaktformular Cookies von Drittanbietern verwendet (<a href=\"https:\/\/policies.google.com\/privacy\" class=\"rank-math-link\" target=\"_blank\" rel=\"noopener\">Google Forms<\/a>) zum Zwecke der Protokollierung Ihrer Antwort. <\/p>\n\n\n\n<a href=\"https:\/\/docs.google.com\/forms\/d\/e\/1FAIpQLSd8gHz2kdENeYSgsvHvK4hdIf-DYXc9COSNVeTrr-9Iw6r-TQ\/viewform?embedded=true\" target=\"contactform\" rel=\"noopener noreferrer\">Wenn Sie der Verwendung von Cookies von Drittanbietern zustimmen, klicken Sie hier, um das Kontaktformular zu laden.<\/a>\n\n\n\n<section class=\"wp-block-uagb-columns uagb-columns__wrap uagb-columns__background-undefined uagb-columns__stack-mobile uagb-columns__valign-undefined uagb-columns__gap-10 alignundefined uagb-block-86522910\"><div class=\"uagb-columns__overlay\"><\/div><div class=\"uagb-columns__inner-wrap uagb-columns__columns-1\">\n<div class=\"wp-block-uagb-column uagb-column__wrap uagb-column__background-color uagb-block-3cd13bb6\"><div class=\"uagb-column__overlay\"><\/div><div class=\"uagb-column__inner-wrap\">\n<p align=\"center\"><iframe name=\"contactform\" src=\"about:blank\" marginheight=\"0\" marginwidth=\"0\" width=\"640\" height=\"980\" frameborder=\"0\">Wird geladen\u2026<\/iframe><\/p>\n<\/div><\/div>\n<\/div><\/section>","protected":false},"excerpt":{"rendered":"<p>If you would like to reach us with questions or concerns, you may use the form below. Please note, as per GPDR regulation, we wish to inform you the contact form uses 3rd party cookies (Google Forms) for the purposes of logging your response. If you consent to the use of 3rd party cookies, Click [&hellip;]<\/p>","protected":false},"author":1,"featured_media":0,"parent":0,"menu_order":0,"comment_status":"closed","ping_status":"closed","template":"","meta":{"_uag_custom_page_level_css":"","site-sidebar-layout":"default","site-content-layout":"default","ast-site-content-layout":"","site-content-style":"default","site-sidebar-style":"default","ast-global-header-display":"","ast-banner-title-visibility":"","ast-main-header-display":"","ast-hfb-above-header-display":"","ast-hfb-below-header-display":"","ast-hfb-mobile-header-display":"","site-post-title":"","ast-breadcrumbs-content":"","ast-featured-img":"","footer-sml-layout":"","theme-transparent-header-meta":"default","adv-header-id-meta":"","stick-header-meta":"","header-above-stick-meta":"","header-main-stick-meta":"","header-below-stick-meta":"","astra-migrate-meta-layouts":"default","ast-page-background-enabled":"default","ast-page-background-meta":{"desktop":{"background-color":"","background-image":"","background-repeat":"repeat","background-position":"center center","background-size":"auto","background-attachment":"scroll","background-type":"","background-media":"","overlay-type":"","overlay-color":"","overlay-gradient":""},"tablet":{"background-color":"","background-image":"","background-repeat":"repeat","background-position":"center center","background-size":"auto","background-attachment":"scroll","background-type":"","background-media":"","overlay-type":"","overlay-color":"","overlay-gradient":""},"mobile":{"background-color":"","background-image":"","background-repeat":"repeat","background-position":"center center","background-size":"auto","background-attachment":"scroll","background-type":"","background-media":"","overlay-type":"","overlay-color":"","overlay-gradient":""}},"ast-content-background-meta":{"desktop":{"background-color":"var(--ast-global-color-5)","background-image":"","background-repeat":"repeat","background-position":"center center","background-size":"auto","background-attachment":"scroll","background-type":"","background-media":"","overlay-type":"","overlay-color":"","overlay-gradient":""},"tablet":{"background-color":"var(--ast-global-color-5)","background-image":"","background-repeat":"repeat","background-position":"center center","background-size":"auto","background-attachment":"scroll","background-type":"","background-media":"","overlay-type":"","overlay-color":"","overlay-gradient":""},"mobile":{"background-color":"var(--ast-global-color-5)","background-image":"","background-repeat":"repeat","background-position":"center center","background-size":"auto","background-attachment":"scroll","background-type":"","background-media":"","overlay-type":"","overlay-color":"","overlay-gradient":""}},"footnotes":""},"uagb_featured_image_src":{"full":false,"thumbnail":false,"medium":false,"medium_large":false,"large":false,"1536x1536":false,"2048x2048":false,"trp-custom-language-flag":false},"uagb_author_info":{"display_name":"SOE","author_link":"https:\/\/ibomberdefensepacific.standardof.net\/de\/author\/k-tastic\/"},"uagb_comment_info":0,"uagb_excerpt":"If you would like to reach us with questions or concerns, you may use the form below. Please note, as per GPDR regulation, we wish to inform you the contact form uses 3rd party cookies (Google Forms) for the purposes of logging your response. If you consent to the use of 3rd party cookies, Click&hellip;","_links":{"self":[{"href":"https:\/\/ibomberdefensepacific.standardof.net\/de\/wp-json\/wp\/v2\/pages\/439"}],"collection":[{"href":"https:\/\/ibomberdefensepacific.standardof.net\/de\/wp-json\/wp\/v2\/pages"}],"about":[{"href":"https:\/\/ibomberdefensepacific.standardof.net\/de\/wp-json\/wp\/v2\/types\/page"}],"author":[{"embeddable":true,"href":"https:\/\/ibomberdefensepacific.standardof.net\/de\/wp-json\/wp\/v2\/users\/1"}],"replies":[{"embeddable":true,"href":"https:\/\/ibomberdefensepacific.standardof.net\/de\/wp-json\/wp\/v2\/comments?post=439"}],"version-history":[{"count":2,"href":"https:\/\/ibomberdefensepacific.standardof.net\/de\/wp-json\/wp\/v2\/pages\/439\/revisions"}],"predecessor-version":[{"id":442,"href":"https:\/\/ibomberdefensepacific.standardof.net\/de\/wp-json\/wp\/v2\/pages\/439\/revisions\/442"}],"wp:attachment":[{"href":"https:\/\/ibomberdefensepacific.standardof.net\/de\/wp-json\/wp\/v2\/media?parent=439"}],"curies":[{"name":"wp","href":"https:\/\/api.w.org\/{rel}","templated":true}]}}