{"id":225,"date":"2020-10-21T13:39:39","date_gmt":"2020-10-21T13:39:39","guid":{"rendered":"https:\/\/ibomberdefensepacific.standardof.net\/?page_id=225"},"modified":"2020-10-21T17:23:23","modified_gmt":"2020-10-21T17:23:23","slug":"campaign-mission-19-operation-a-go-counterattack","status":"publish","type":"page","link":"https:\/\/ibomberdefensepacific.standardof.net\/de\/guide\/kampagne-mission-19-operation-a-go-gegenangriff\/","title":{"rendered":"Kampagnenmission 19: Gegenangriff \u201eOperation A-Go\u201c"},"content":{"rendered":"<h2 class=\"wp-block-heading\"><strong>Operation A-Go: Gegenangriff<\/strong><\/h2>\n\n\n\n<div class=\"wp-block-image\"><figure class=\"aligncenter size-large\"><a href=\"https:\/\/ibomberdefensepacific.standardof.net\/de\/guide\/kampagne-mission-19-operation-a-go-gegenangriff\/ibomber-defense-pacific-campaign-mission-19-operation-a-go-1-copy\/\"><img decoding=\"async\" width=\"800\" height=\"500\" src=\"https:\/\/ibomberdefensepacific.standardof.net\/wp-content\/uploads\/sites\/6\/2020\/10\/iBomber-Defense-Pacific-Campaign-Mission-19-Operation-A-Go-1-copy-800x500.jpg\" alt=\"&quot;iBomber Defense Pacific&quot; - Kampagnenmission 19 - &quot;Operation A-Go&quot; (1)\" class=\"wp-image-129\" srcset=\"https:\/\/ibomberdefensepacific.standardof.net\/wp-content\/uploads\/sites\/6\/2020\/10\/iBomber-Defense-Pacific-Campaign-Mission-19-Operation-A-Go-1-copy-800x500.jpg 800w, https:\/\/ibomberdefensepacific.standardof.net\/wp-content\/uploads\/sites\/6\/2020\/10\/iBomber-Defense-Pacific-Campaign-Mission-19-Operation-A-Go-1-copy-512x320.jpg 512w, https:\/\/ibomberdefensepacific.standardof.net\/wp-content\/uploads\/sites\/6\/2020\/10\/iBomber-Defense-Pacific-Campaign-Mission-19-Operation-A-Go-1-copy-200x125.jpg 200w, https:\/\/ibomberdefensepacific.standardof.net\/wp-content\/uploads\/sites\/6\/2020\/10\/iBomber-Defense-Pacific-Campaign-Mission-19-Operation-A-Go-1-copy-768x480.jpg 768w, https:\/\/ibomberdefensepacific.standardof.net\/wp-content\/uploads\/sites\/6\/2020\/10\/iBomber-Defense-Pacific-Campaign-Mission-19-Operation-A-Go-1-copy-16x10.jpg 16w, https:\/\/ibomberdefensepacific.standardof.net\/wp-content\/uploads\/sites\/6\/2020\/10\/iBomber-Defense-Pacific-Campaign-Mission-19-Operation-A-Go-1-copy.jpg 1200w\" sizes=\"(max-width: 800px) 100vw, 800px\" \/><\/a><figcaption>Feindliche Ans\u00e4tze sind in Operation A-Go genau die gleichen wie in Hell&#039;s Pocket.<\/figcaption><\/figure><\/div>\n\n\n\n<p><em>Die Japaner starten einen umfassenden Angriff auf unsere Position. Verteidige es um jeden Preis.<\/em><\/p>\n\n\n\n<p>F\u00fcr diese letzte Gegenangriffsmission geht es zur\u00fcck in die Tasche der H\u00f6lle. Sie k\u00f6nnen sich gegen einen zweiten Satz von 14 Wellen gemischter Boden- und Lufteinheiten verteidigen. Wie bei den anderen Gegenangriffsmissionen liegt Ihr Hauptaugenmerk darauf, die Verteidigung zu st\u00e4rken, die Sie beim letzten Mal aufgeh\u00f6rt haben, und die gleichen Strategien zu entwickeln.<\/p>\n\n\n\n<p>In diesem Leitfaden erfahren Sie, wie Sie ein Full House erhalten, das eine perfekte Runde mit allen Medaillen und 20 Siegpunkten auf der Stufe Operation A-Go des <em>iBomber Defense Pacific<\/em> Kampagne, gespielt auf dem Schwierigkeitsgrad Veteran. Dar\u00fcber hinaus behandelt dieser Missionsleitfaden das sekund\u00e4re Ziel und das versteckte Ziel zusammen mit einem exemplarischen Video.<\/p>\n\n\n\t\t\t\t<div class=\"wp-block-uagb-table-of-contents uagb-toc__align-left uagb-toc__columns-1  uagb-block-01f245ac\"\n\t\t\t\t\tdata-scroll= \"1\"\n\t\t\t\t\tdata-offset= \"30\"\n\t\t\t\t\tstyle=\"\"\n\t\t\t\t>\n\t\t\t\t<div class=\"uagb-toc__wrap\">\n\t\t\t\t\t\t<div class=\"uagb-toc__title\">\n\t\t\t\t\t\t\tExemplarische Vorgehensweise Navigation:\t\t\t\t\t\t<\/div>\n\t\t\t\t\t\t\t\t\t\t\t\t\t\t\t\t<div class=\"uagb-toc__list-wrap\">\n\t\t\t\t\t\t<ol class=\"uagb-toc__list\"><li class=\"uagb-toc__list\"><a href=\"#secondary-objective\" class=\"uagb-toc-link__trigger\">Sekund\u00e4res Ziel<\/a><li class=\"uagb-toc__list\"><a href=\"#perks-used-for-this-mission\" class=\"uagb-toc-link__trigger\">Vorteile f\u00fcr diese Mission:<\/a><li class=\"uagb-toc__list\"><a href=\"#hidden-target\" class=\"uagb-toc-link__trigger\">Verstecktes Ziel<\/a><li class=\"uagb-toc__list\"><a href=\"#turret-placement\" class=\"uagb-toc-link__trigger\">Revolverplatzierung<\/a><li class=\"uagb-toc__list\"><a href=\"#veteran-difficulty-video-guide\" class=\"uagb-toc-link__trigger\">Video-Leitfaden f\u00fcr Veteranenschwierigkeiten<\/a><\/ol>\t\t\t\t\t<\/div>\n\t\t\t\t\t\t\t\t\t<\/div>\n\t\t\t\t<\/div>\n\t\t\t\n\n\n<hr class=\"wp-block-separator is-style-wide\"\/>\n\n\n\n<h3 class=\"wp-block-heading\"><strong>Sekund\u00e4res Ziel<\/strong><\/h3>\n\n\n\n<p><em>Zerst\u00f6re die japanische Artillerie, bevor sie deine T\u00fcrme zerst\u00f6rt.<\/em><\/p>\n\n\n\n<p>Anstelle des normalen \u00dcberraschungsangriffs, der einen Gegenangriff mit feindlichen Bombern er\u00f6ffnet, die Ihre Verteidigung durcheinander bringen, fliegen sie stattdessen ziellos \u00fcber Ihre Basis, w\u00e4hrend 5 starke Artilleriegeschosse einfahren. Sie treffen auf eines von oben, eines nach links und rechts und zwei auf dem unteren hohen Boden positioniert. Sie ben\u00f6tigen eine sch\u00f6ne Handvoll Bomben, um die Teile zu handhaben, die Ihre T\u00fcrme nicht selbst erreichen k\u00f6nnen.<\/p>\n\n\n\n<p><strong>Versorgungskisten:<\/strong> keiner<\/p>\n\n\n\n<p><strong>Bisherige Siegpunkte:<\/strong> 360<\/p>\n\n\n\n<ul><li>Maschinengewehr Stufe 3<br><sup>X2 Power vs Flamed Spezialisierung<\/sup><\/li><li>Kanone Stufe 3<\/li><li>Bombe Stufe 3<\/li><li>Flamer Stufe 3<br><sup>Langsamere Spezialisierung der Feinde.<\/sup><\/li><li>Kommunikationsstufe 3<br><sup>Erh\u00f6hte Interessenspezialisierung<\/sup><\/li><li>Rakete Stufe 3<br><sup>Schnellere Raketenspezialisierung<\/sup><\/li><li>Luftabwehr Stufe 3<\/li><\/ul>\n\n\n\n<hr class=\"wp-block-separator is-style-wide\"\/>\n\n\n\n<h3 class=\"wp-block-heading\"><strong>Vorteile f\u00fcr diese Mission:<\/strong><\/h3>\n\n\n\n<ul><li>Eisenr\u00fccken II<\/li><li>Verschanzte II<\/li><li>Phantomschlag<\/li><\/ul>\n\n\n\n<p>Diese Mission wird Ihren T\u00fcrmen weitaus mehr Schaden zuf\u00fcgen als zuvor, da starke Feinde und die japanischen Artilleriegesch\u00fctze Ihre Reparaturrechnungen in die H\u00f6he schnellen lassen. Aus diesem Grund ist es sehr wichtig, Ironback einzunehmen.<\/p>\n\n\n\n<p>Verschanzte II gew\u00e4hrt eingegrabenen T\u00fcrmen ernsthafte Schadensboni, was gegen die super schwer gepanzerten Panzer unglaublich hilfreich sein wird, w\u00e4hrend Phantomschlag aus den gleichen Gr\u00fcnden immer noch genauso n\u00fctzlich ist wie in fr\u00fcheren Missionen.<\/p>\n\n\n\n<hr class=\"wp-block-separator is-style-wide\"\/>\n\n\n\n<h3 class=\"wp-block-heading\">Verstecktes Ziel<\/h3>\n\n\n\n<p>Hier gibt es kein verstecktes Ziel, da dieses Level ein Gegenangriff ist.<\/p>\n\n\n\n<hr class=\"wp-block-separator is-style-wide\"\/>\n\n\n\n<h3 class=\"wp-block-heading\">Revolverplatzierung<\/h3>\n\n\n\n<figure class=\"wp-block-gallery aligncenter columns-2 wp-block-gallery-1 is-layout-flex wp-block-gallery-is-layout-flex\"><ul class=\"blocks-gallery-grid\"><li class=\"blocks-gallery-item\"><figure><a href=\"https:\/\/ibomberdefensepacific.standardof.net\/de\/guide\/kampagne-mission-19-operation-a-go-gegenangriff\/ibomber-defense-pacific-campaign-mission-19-operation-a-go-2\/\"><img decoding=\"async\" width=\"800\" height=\"500\" src=\"https:\/\/ibomberdefensepacific.standardof.net\/wp-content\/uploads\/sites\/6\/2020\/10\/iBomber-Defense-Pacific-Campaign-Mission-19-Operation-A-Go-2-800x500.jpg\" alt=\"&quot;iBomber Defense Pacific&quot; - Kampagnenmission 19 - &quot;Operation A-Go&quot; (2)\" data-id=\"130\" data-full-url=\"https:\/\/ibomberdefensepacific.standardof.net\/wp-content\/uploads\/sites\/6\/2020\/10\/iBomber-Defense-Pacific-Campaign-Mission-19-Operation-A-Go-2.jpg\" data-link=\"https:\/\/ibomberdefensepacific.standardof.net\/guide\/campaign-mission-19-operation-a-go-counterattack\/ibomber-defense-pacific-campaign-mission-19-operation-a-go-2\/\" class=\"wp-image-130\" srcset=\"https:\/\/ibomberdefensepacific.standardof.net\/wp-content\/uploads\/sites\/6\/2020\/10\/iBomber-Defense-Pacific-Campaign-Mission-19-Operation-A-Go-2-800x500.jpg 800w, https:\/\/ibomberdefensepacific.standardof.net\/wp-content\/uploads\/sites\/6\/2020\/10\/iBomber-Defense-Pacific-Campaign-Mission-19-Operation-A-Go-2-512x320.jpg 512w, https:\/\/ibomberdefensepacific.standardof.net\/wp-content\/uploads\/sites\/6\/2020\/10\/iBomber-Defense-Pacific-Campaign-Mission-19-Operation-A-Go-2-200x125.jpg 200w, https:\/\/ibomberdefensepacific.standardof.net\/wp-content\/uploads\/sites\/6\/2020\/10\/iBomber-Defense-Pacific-Campaign-Mission-19-Operation-A-Go-2-768x480.jpg 768w, https:\/\/ibomberdefensepacific.standardof.net\/wp-content\/uploads\/sites\/6\/2020\/10\/iBomber-Defense-Pacific-Campaign-Mission-19-Operation-A-Go-2-16x10.jpg 16w, https:\/\/ibomberdefensepacific.standardof.net\/wp-content\/uploads\/sites\/6\/2020\/10\/iBomber-Defense-Pacific-Campaign-Mission-19-Operation-A-Go-2.jpg 1280w\" sizes=\"(max-width: 800px) 100vw, 800px\" \/><\/a><figcaption class=\"blocks-gallery-item__caption\">Startverteidigungen in Operation A-Go, die \u00fcbertragen wurden. Die Bombe unten rechts muss vorerst bewegt werden, da sie der Artillerie ausgesetzt ist.<\/figcaption><\/figure><\/li><li class=\"blocks-gallery-item\"><figure><a href=\"https:\/\/ibomberdefensepacific.standardof.net\/de\/guide\/kampagne-mission-19-operation-a-go-gegenangriff\/ibomber-defense-pacific-campaign-mission-19-operation-a-go-3\/\"><img decoding=\"async\" width=\"800\" height=\"500\" src=\"https:\/\/ibomberdefensepacific.standardof.net\/wp-content\/uploads\/sites\/6\/2020\/10\/iBomber-Defense-Pacific-Campaign-Mission-19-Operation-A-Go-3-800x500.jpg\" alt=\"&quot;iBomber Defense Pacific&quot; - Kampagnenmission 19 - &quot;Operation A-Go&quot; (3)\" data-id=\"131\" data-full-url=\"https:\/\/ibomberdefensepacific.standardof.net\/wp-content\/uploads\/sites\/6\/2020\/10\/iBomber-Defense-Pacific-Campaign-Mission-19-Operation-A-Go-3.jpg\" data-link=\"https:\/\/ibomberdefensepacific.standardof.net\/guide\/campaign-mission-19-operation-a-go-counterattack\/ibomber-defense-pacific-campaign-mission-19-operation-a-go-3\/\" class=\"wp-image-131\" srcset=\"https:\/\/ibomberdefensepacific.standardof.net\/wp-content\/uploads\/sites\/6\/2020\/10\/iBomber-Defense-Pacific-Campaign-Mission-19-Operation-A-Go-3-800x500.jpg 800w, https:\/\/ibomberdefensepacific.standardof.net\/wp-content\/uploads\/sites\/6\/2020\/10\/iBomber-Defense-Pacific-Campaign-Mission-19-Operation-A-Go-3-512x320.jpg 512w, https:\/\/ibomberdefensepacific.standardof.net\/wp-content\/uploads\/sites\/6\/2020\/10\/iBomber-Defense-Pacific-Campaign-Mission-19-Operation-A-Go-3-200x125.jpg 200w, https:\/\/ibomberdefensepacific.standardof.net\/wp-content\/uploads\/sites\/6\/2020\/10\/iBomber-Defense-Pacific-Campaign-Mission-19-Operation-A-Go-3-768x480.jpg 768w, https:\/\/ibomberdefensepacific.standardof.net\/wp-content\/uploads\/sites\/6\/2020\/10\/iBomber-Defense-Pacific-Campaign-Mission-19-Operation-A-Go-3-16x10.jpg 16w, https:\/\/ibomberdefensepacific.standardof.net\/wp-content\/uploads\/sites\/6\/2020\/10\/iBomber-Defense-Pacific-Campaign-Mission-19-Operation-A-Go-3.jpg 1280w\" sizes=\"(max-width: 800px) 100vw, 800px\" \/><\/a><figcaption class=\"blocks-gallery-item__caption\">Platzierung des Revolvers der Welle 5.<\/figcaption><\/figure><\/li><\/ul><\/figure>\n\n\n\n<p>Das Platzieren des Turmes in Operation A-Go ist theoretisch relativ einfach, obwohl es etwas haarig werden kann, wenn die wirklich harten Panzer hereinkommen oder w\u00e4hrend der ersten Wellen, wenn die Artillerie-Teile noch auf Sie schie\u00dfen. Wie bei allen Gegenangriffen besteht Ihre Strategie darin, sich auf Ihre Abwehrkr\u00e4fte aufzubauen, die von \u00fcbertragen wurden <strong><a href=\"https:\/\/ibomberdefensepacific.standardof.net\/de\/guide\/kampagne-mission-17-hollen-tasche-saipan\/\" class=\"rank-math-link\">Die Tasche der H\u00f6lle<\/a><\/strong>. Einige matschige T\u00fcrme wie Bomben m\u00fcssen m\u00f6glicherweise verkauft und an anderer Stelle neu positioniert werden, wenn sie von der Artillerie beschossen werden, um zu verhindern, dass eine exorbitante Menge an Geld verschwendet wird, um sie am Leben zu erhalten, bis Sie mit der Artillerie fertig werden k\u00f6nnen.<\/p>\n\n\n\n<p>Mindestens 1 der Artilleriegesch\u00fctze sollte sich in Reichweite Ihres Turms befinden (rechts). Das Oberteil parkt direkt neben einem erh\u00f6hten Punkt, der sich hervorragend f\u00fcr eine Kanone eignet, die von einer Flamme unterst\u00fctzt wird und darunter kommuniziert. Dies tr\u00e4gt zur Verteidigung bei und spart einige Bomben, da die Kanone die Artillerie ziemlich schnell in die H\u00f6lle jagen kann.<\/p>\n\n\n\n<p>Wenn die Teile zerst\u00f6rt und das Geld von Reparaturen befreit ist, beginnen Sie mit dem Bau weiterer Raketen mit Kommunikationsunterst\u00fctzung und graben Sie sie ein, positioniert entlang der Ann\u00e4herungslinien. Sie werden hier von unsch\u00e4tzbarem Wert sein. Stellen Sie neben der Erh\u00f6hung Ihres Bodenschadens sicher, dass Sie bei Welle 3 eine zweite AA hinzuf\u00fcgen, die in den n\u00e4chsten Wellen auf Stufe 3 aufger\u00fcstet wird. Bis zum Ende von Welle 13 wird eine dritte AA ben\u00f6tigt, die ebenfalls f\u00fcr ein gutes Ma\u00df auf Stufe 3 aufger\u00fcstet wird.<\/p>\n\n\n\n<figure class=\"wp-block-gallery aligncenter columns-2 wp-block-gallery-2 is-layout-flex wp-block-gallery-is-layout-flex\"><ul class=\"blocks-gallery-grid\"><li class=\"blocks-gallery-item\"><figure><a href=\"https:\/\/ibomberdefensepacific.standardof.net\/de\/guide\/kampagne-mission-19-operation-a-go-gegenangriff\/ibomber-defense-pacific-campaign-mission-19-operation-a-go-4\/\"><img decoding=\"async\" width=\"800\" height=\"500\" src=\"https:\/\/ibomberdefensepacific.standardof.net\/wp-content\/uploads\/sites\/6\/2020\/10\/iBomber-Defense-Pacific-Campaign-Mission-19-Operation-A-Go-4-800x500.jpg\" alt=\"&quot;iBomber Defense Pacific&quot; - Kampagnenmission 19 - &quot;Operation A-Go&quot; (4)\" data-id=\"132\" data-full-url=\"https:\/\/ibomberdefensepacific.standardof.net\/wp-content\/uploads\/sites\/6\/2020\/10\/iBomber-Defense-Pacific-Campaign-Mission-19-Operation-A-Go-4.jpg\" data-link=\"https:\/\/ibomberdefensepacific.standardof.net\/guide\/campaign-mission-19-operation-a-go-counterattack\/ibomber-defense-pacific-campaign-mission-19-operation-a-go-4\/\" class=\"wp-image-132\" srcset=\"https:\/\/ibomberdefensepacific.standardof.net\/wp-content\/uploads\/sites\/6\/2020\/10\/iBomber-Defense-Pacific-Campaign-Mission-19-Operation-A-Go-4-800x500.jpg 800w, https:\/\/ibomberdefensepacific.standardof.net\/wp-content\/uploads\/sites\/6\/2020\/10\/iBomber-Defense-Pacific-Campaign-Mission-19-Operation-A-Go-4-512x320.jpg 512w, https:\/\/ibomberdefensepacific.standardof.net\/wp-content\/uploads\/sites\/6\/2020\/10\/iBomber-Defense-Pacific-Campaign-Mission-19-Operation-A-Go-4-200x125.jpg 200w, https:\/\/ibomberdefensepacific.standardof.net\/wp-content\/uploads\/sites\/6\/2020\/10\/iBomber-Defense-Pacific-Campaign-Mission-19-Operation-A-Go-4-768x480.jpg 768w, https:\/\/ibomberdefensepacific.standardof.net\/wp-content\/uploads\/sites\/6\/2020\/10\/iBomber-Defense-Pacific-Campaign-Mission-19-Operation-A-Go-4-16x10.jpg 16w, https:\/\/ibomberdefensepacific.standardof.net\/wp-content\/uploads\/sites\/6\/2020\/10\/iBomber-Defense-Pacific-Campaign-Mission-19-Operation-A-Go-4.jpg 1280w\" sizes=\"(max-width: 800px) 100vw, 800px\" \/><\/a><figcaption class=\"blocks-gallery-item__caption\">Welle 10.<\/figcaption><\/figure><\/li><li class=\"blocks-gallery-item\"><figure><a href=\"https:\/\/ibomberdefensepacific.standardof.net\/de\/guide\/kampagne-mission-19-operation-a-go-gegenangriff\/ibomber-defense-pacific-campaign-mission-19-operation-a-go-5\/\"><img decoding=\"async\" width=\"800\" height=\"500\" src=\"https:\/\/ibomberdefensepacific.standardof.net\/wp-content\/uploads\/sites\/6\/2020\/10\/iBomber-Defense-Pacific-Campaign-Mission-19-Operation-A-Go-5-800x500.jpg\" alt=\"&quot;iBomber Defense Pacific&quot; - Kampagnenmission 19 - &quot;Operation A-Go&quot; (5)\" data-id=\"133\" data-full-url=\"https:\/\/ibomberdefensepacific.standardof.net\/wp-content\/uploads\/sites\/6\/2020\/10\/iBomber-Defense-Pacific-Campaign-Mission-19-Operation-A-Go-5.jpg\" data-link=\"https:\/\/ibomberdefensepacific.standardof.net\/guide\/campaign-mission-19-operation-a-go-counterattack\/ibomber-defense-pacific-campaign-mission-19-operation-a-go-5\/\" class=\"wp-image-133\" srcset=\"https:\/\/ibomberdefensepacific.standardof.net\/wp-content\/uploads\/sites\/6\/2020\/10\/iBomber-Defense-Pacific-Campaign-Mission-19-Operation-A-Go-5-800x500.jpg 800w, https:\/\/ibomberdefensepacific.standardof.net\/wp-content\/uploads\/sites\/6\/2020\/10\/iBomber-Defense-Pacific-Campaign-Mission-19-Operation-A-Go-5-512x320.jpg 512w, https:\/\/ibomberdefensepacific.standardof.net\/wp-content\/uploads\/sites\/6\/2020\/10\/iBomber-Defense-Pacific-Campaign-Mission-19-Operation-A-Go-5-200x125.jpg 200w, https:\/\/ibomberdefensepacific.standardof.net\/wp-content\/uploads\/sites\/6\/2020\/10\/iBomber-Defense-Pacific-Campaign-Mission-19-Operation-A-Go-5-768x480.jpg 768w, https:\/\/ibomberdefensepacific.standardof.net\/wp-content\/uploads\/sites\/6\/2020\/10\/iBomber-Defense-Pacific-Campaign-Mission-19-Operation-A-Go-5-16x10.jpg 16w, https:\/\/ibomberdefensepacific.standardof.net\/wp-content\/uploads\/sites\/6\/2020\/10\/iBomber-Defense-Pacific-Campaign-Mission-19-Operation-A-Go-5.jpg 1280w\" sizes=\"(max-width: 800px) 100vw, 800px\" \/><\/a><figcaption class=\"blocks-gallery-item__caption\">Welle 14.<\/figcaption><\/figure><\/li><\/ul><\/figure>\n\n\n\n<hr class=\"wp-block-separator is-style-wide\"\/>\n\n\n\n<h3 class=\"has-text-align-center wp-block-heading\" id=\"4-veteran-difficulty-video-guide\">Video-Leitfaden f\u00fcr Veteranenschwierigkeiten<\/h3>\n\n\n\n<figure class=\"wp-block-embed-youtube wp-block-embed is-type-video is-provider-youtube wp-embed-aspect-16-9 wp-has-aspect-ratio\"><div class=\"wp-block-embed__wrapper\">\n<div class=\"ast-oembed-container\" style=\"height: 100%;\"><iframe title=\"Operation A Go - M19 iBomber Verteidigung Pazifik - Veteran Full House Walkthrough\" width=\"500\" height=\"375\" src=\"https:\/\/www.youtube.com\/embed\/4Rf8jA3hGNA?feature=oembed\" frameborder=\"0\" allow=\"accelerometer; autoplay; clipboard-write; encrypted-media; gyroscope; picture-in-picture; web-share\" referrerpolicy=\"strict-origin-when-cross-origin\" allowfullscreen><\/iframe><\/div>\n<\/div><\/figure>","protected":false},"excerpt":{"rendered":"<p>Operation A-Go: Counterattack The Japanese are launching a full scale assault on our position. Defend it at all costs. It&#8217;s back to the Hell&#8217;s pocket for this final counterattack mission, pitting your defenses against a second set of 14 waves of mixed ground and air units. Like the other counterattack missions, your primary focus revolves [&hellip;]<\/p>","protected":false},"author":1,"featured_media":133,"parent":164,"menu_order":19,"comment_status":"open","ping_status":"closed","template":"","meta":{"_uag_custom_page_level_css":"","site-sidebar-layout":"default","site-content-layout":"default","ast-site-content-layout":"","site-content-style":"default","site-sidebar-style":"default","ast-global-header-display":"","ast-banner-title-visibility":"","ast-main-header-display":"","ast-hfb-above-header-display":"","ast-hfb-below-header-display":"","ast-hfb-mobile-header-display":"","site-post-title":"","ast-breadcrumbs-content":"","ast-featured-img":"","footer-sml-layout":"","theme-transparent-header-meta":"default","adv-header-id-meta":"","stick-header-meta":"","header-above-stick-meta":"","header-main-stick-meta":"","header-below-stick-meta":"","astra-migrate-meta-layouts":"default","ast-page-background-enabled":"default","ast-page-background-meta":{"desktop":{"background-color":"","background-image":"","background-repeat":"repeat","background-position":"center center","background-size":"auto","background-attachment":"scroll","background-type":"","background-media":"","overlay-type":"","overlay-color":"","overlay-gradient":""},"tablet":{"background-color":"","background-image":"","background-repeat":"repeat","background-position":"center center","background-size":"auto","background-attachment":"scroll","background-type":"","background-media":"","overlay-type":"","overlay-color":"","overlay-gradient":""},"mobile":{"background-color":"","background-image":"","background-repeat":"repeat","background-position":"center center","background-size":"auto","background-attachment":"scroll","background-type":"","background-media":"","overlay-type":"","overlay-color":"","overlay-gradient":""}},"ast-content-background-meta":{"desktop":{"background-color":"var(--ast-global-color-5)","background-image":"","background-repeat":"repeat","background-position":"center center","background-size":"auto","background-attachment":"scroll","background-type":"","background-media":"","overlay-type":"","overlay-color":"","overlay-gradient":""},"tablet":{"background-color":"var(--ast-global-color-5)","background-image":"","background-repeat":"repeat","background-position":"center center","background-size":"auto","background-attachment":"scroll","background-type":"","background-media":"","overlay-type":"","overlay-color":"","overlay-gradient":""},"mobile":{"background-color":"var(--ast-global-color-5)","background-image":"","background-repeat":"repeat","background-position":"center center","background-size":"auto","background-attachment":"scroll","background-type":"","background-media":"","overlay-type":"","overlay-color":"","overlay-gradient":""}},"footnotes":""},"uagb_featured_image_src":{"full":["https:\/\/ibomberdefensepacific.standardof.net\/wp-content\/uploads\/sites\/6\/2020\/10\/iBomber-Defense-Pacific-Campaign-Mission-19-Operation-A-Go-5.jpg",1280,800,false],"thumbnail":["https:\/\/ibomberdefensepacific.standardof.net\/wp-content\/uploads\/sites\/6\/2020\/10\/iBomber-Defense-Pacific-Campaign-Mission-19-Operation-A-Go-5-200x125.jpg",200,125,true],"medium":["https:\/\/ibomberdefensepacific.standardof.net\/wp-content\/uploads\/sites\/6\/2020\/10\/iBomber-Defense-Pacific-Campaign-Mission-19-Operation-A-Go-5-512x320.jpg",512,320,true],"medium_large":["https:\/\/ibomberdefensepacific.standardof.net\/wp-content\/uploads\/sites\/6\/2020\/10\/iBomber-Defense-Pacific-Campaign-Mission-19-Operation-A-Go-5-768x480.jpg",768,480,true],"large":["https:\/\/ibomberdefensepacific.standardof.net\/wp-content\/uploads\/sites\/6\/2020\/10\/iBomber-Defense-Pacific-Campaign-Mission-19-Operation-A-Go-5-800x500.jpg",800,500,true],"1536x1536":["https:\/\/ibomberdefensepacific.standardof.net\/wp-content\/uploads\/sites\/6\/2020\/10\/iBomber-Defense-Pacific-Campaign-Mission-19-Operation-A-Go-5.jpg",1280,800,false],"2048x2048":["https:\/\/ibomberdefensepacific.standardof.net\/wp-content\/uploads\/sites\/6\/2020\/10\/iBomber-Defense-Pacific-Campaign-Mission-19-Operation-A-Go-5.jpg",1280,800,false],"trp-custom-language-flag":["https:\/\/ibomberdefensepacific.standardof.net\/wp-content\/uploads\/sites\/6\/2020\/10\/iBomber-Defense-Pacific-Campaign-Mission-19-Operation-A-Go-5-16x10.jpg",16,10,true]},"uagb_author_info":{"display_name":"SOE","author_link":"https:\/\/ibomberdefensepacific.standardof.net\/de\/author\/k-tastic\/"},"uagb_comment_info":0,"uagb_excerpt":"Operation A-Go: Counterattack The Japanese are launching a full scale assault on our position. Defend it at all costs. It&#8217;s back to the Hell&#8217;s pocket for this final counterattack mission, pitting your defenses against a second set of 14 waves of mixed ground and air units. Like the other counterattack missions, your primary focus revolves&hellip;","_links":{"self":[{"href":"https:\/\/ibomberdefensepacific.standardof.net\/de\/wp-json\/wp\/v2\/pages\/225"}],"collection":[{"href":"https:\/\/ibomberdefensepacific.standardof.net\/de\/wp-json\/wp\/v2\/pages"}],"about":[{"href":"https:\/\/ibomberdefensepacific.standardof.net\/de\/wp-json\/wp\/v2\/types\/page"}],"author":[{"embeddable":true,"href":"https:\/\/ibomberdefensepacific.standardof.net\/de\/wp-json\/wp\/v2\/users\/1"}],"replies":[{"embeddable":true,"href":"https:\/\/ibomberdefensepacific.standardof.net\/de\/wp-json\/wp\/v2\/comments?post=225"}],"version-history":[{"count":0,"href":"https:\/\/ibomberdefensepacific.standardof.net\/de\/wp-json\/wp\/v2\/pages\/225\/revisions"}],"up":[{"embeddable":true,"href":"https:\/\/ibomberdefensepacific.standardof.net\/de\/wp-json\/wp\/v2\/pages\/164"}],"wp:featuredmedia":[{"embeddable":true,"href":"https:\/\/ibomberdefensepacific.standardof.net\/de\/wp-json\/wp\/v2\/media\/133"}],"wp:attachment":[{"href":"https:\/\/ibomberdefensepacific.standardof.net\/de\/wp-json\/wp\/v2\/media?parent=225"}],"curies":[{"name":"wp","href":"https:\/\/api.w.org\/{rel}","templated":true}]}}