{"id":211,"date":"2020-10-21T13:34:39","date_gmt":"2020-10-21T13:34:39","guid":{"rendered":"https:\/\/ibomberdefensepacific.standardof.net\/?page_id=211"},"modified":"2020-10-21T17:22:24","modified_gmt":"2020-10-21T17:22:24","slug":"campaign-mission-14-operation-hailstone-truk-island","status":"publish","type":"page","link":"https:\/\/ibomberdefensepacific.standardof.net\/de\/guide\/kampagne-mission-14-operation-hagel-truk-insel\/","title":{"rendered":"Kampagnenmission 14: Truk Island \u201eOperation Hailstone\u201c"},"content":{"rendered":"<h2 class=\"wp-block-heading\">Operation Hagel: Truk Island<\/h2>\n\n\n\n<div class=\"wp-block-image\"><figure class=\"aligncenter size-large\"><a href=\"https:\/\/ibomberdefensepacific.standardof.net\/de\/guide\/kampagne-mission-14-operation-hagel-truk-insel\/ibomber-defense-pacific-campaign-mission-14-operation-hailstone-1-copy\/\"><img decoding=\"async\" width=\"800\" height=\"500\" src=\"https:\/\/ibomberdefensepacific.standardof.net\/wp-content\/uploads\/sites\/6\/2020\/10\/iBomber-Defense-Pacific-Campaign-Mission-14-Operation-Hailstone-1-copy-800x500.jpg\" alt=\"&quot;iBomber Defense Pacific&quot; - Kampagnenmission 14 - &quot;Operation Hailstone&quot; (1)\" class=\"wp-image-97\" srcset=\"https:\/\/ibomberdefensepacific.standardof.net\/wp-content\/uploads\/sites\/6\/2020\/10\/iBomber-Defense-Pacific-Campaign-Mission-14-Operation-Hailstone-1-copy-800x500.jpg 800w, https:\/\/ibomberdefensepacific.standardof.net\/wp-content\/uploads\/sites\/6\/2020\/10\/iBomber-Defense-Pacific-Campaign-Mission-14-Operation-Hailstone-1-copy-512x320.jpg 512w, https:\/\/ibomberdefensepacific.standardof.net\/wp-content\/uploads\/sites\/6\/2020\/10\/iBomber-Defense-Pacific-Campaign-Mission-14-Operation-Hailstone-1-copy-200x125.jpg 200w, https:\/\/ibomberdefensepacific.standardof.net\/wp-content\/uploads\/sites\/6\/2020\/10\/iBomber-Defense-Pacific-Campaign-Mission-14-Operation-Hailstone-1-copy-768x480.jpg 768w, https:\/\/ibomberdefensepacific.standardof.net\/wp-content\/uploads\/sites\/6\/2020\/10\/iBomber-Defense-Pacific-Campaign-Mission-14-Operation-Hailstone-1-copy-16x10.jpg 16w, https:\/\/ibomberdefensepacific.standardof.net\/wp-content\/uploads\/sites\/6\/2020\/10\/iBomber-Defense-Pacific-Campaign-Mission-14-Operation-Hailstone-1-copy.jpg 1280w\" sizes=\"(max-width: 800px) 100vw, 800px\" \/><\/a><figcaption>Feindliche Wellenwege in Operation Hailstone, Luft in Blau, Marine in Rot.<\/figcaption><\/figure><\/div>\n\n\n\n<p><em>Stoppen Sie die Invasion von Truk. Es ist wichtig f\u00fcr die Unterst\u00fctzung von Inseln und Atollen im gesamten Zentral- und S\u00fcdpazifik.<\/em><\/p>\n\n\n\n<p>In Operation Hailstone sch\u00fctzen Sie Ihre Basis vor einer Reihe von See- und Luftwellen, die sich auf der zentralen Insel der Karte niederschlagen, auf die sich die meisten Ihrer Verteidigungen konzentrieren m\u00fcssen. Sie m\u00fcssen gegen insgesamt 30 Wellen \u00fcberleben, die von kleinen Kanonenbooten zu unglaublich harten Schiffen in Zerst\u00f6rergr\u00f6\u00dfe gelangen. Die Nutzung des zentralen Inselstreifens zwischen den beiden roten Pfaden (siehe Karte oben) ist entscheidend, um das Beste aus Ihrem Geld f\u00fcr die Turmkraft herauszuholen.<\/p>\n\n\n\n<p>In diesem Leitfaden erfahren Sie, wie Sie ein Full House erhalten, das eine perfekte Runde mit allen Medaillen und 20 Siegpunkten auf der Ebene der Operation Hailstone des <em>iBomber Defense Pacific<\/em> Kampagne, gespielt auf dem Schwierigkeitsgrad Veteran. Dar\u00fcber hinaus behandelt dieser Missionsleitfaden das sekund\u00e4re Ziel und das versteckte Ziel zusammen mit einem exemplarischen Video.<\/p>\n\n\n\t\t\t\t<div class=\"wp-block-uagb-table-of-contents uagb-toc__align-left uagb-toc__columns-1  uagb-block-70964a28\"\n\t\t\t\t\tdata-scroll= \"1\"\n\t\t\t\t\tdata-offset= \"30\"\n\t\t\t\t\tstyle=\"\"\n\t\t\t\t>\n\t\t\t\t<div class=\"uagb-toc__wrap\">\n\t\t\t\t\t\t<div class=\"uagb-toc__title\">\n\t\t\t\t\t\t\tExemplarische Vorgehensweise Navigation:\t\t\t\t\t\t<\/div>\n\t\t\t\t\t\t\t\t\t\t\t\t\t\t\t\t<div class=\"uagb-toc__list-wrap\">\n\t\t\t\t\t\t<ol class=\"uagb-toc__list\"><li class=\"uagb-toc__list\"><a href=\"#secondary-objective\" class=\"uagb-toc-link__trigger\">Sekund\u00e4res Ziel<\/a><li class=\"uagb-toc__list\"><a href=\"#perks-used-for-this-mission\" class=\"uagb-toc-link__trigger\">Vorteile f\u00fcr diese Mission:<\/a><li class=\"uagb-toc__list\"><a href=\"#hidden-target\" class=\"uagb-toc-link__trigger\">Verstecktes Ziel<\/a><li class=\"uagb-toc__list\"><a href=\"#turret-placement\" class=\"uagb-toc-link__trigger\">Revolverplatzierung<\/a><li class=\"uagb-toc__list\"><a href=\"#veteran-difficulty-video-guide\" class=\"uagb-toc-link__trigger\">Video-Leitfaden f\u00fcr Veteranenschwierigkeiten<\/a><\/ol>\t\t\t\t\t<\/div>\n\t\t\t\t\t\t\t\t\t<\/div>\n\t\t\t\t<\/div>\n\t\t\t\n\n\n<hr class=\"wp-block-separator is-style-wide\"\/>\n\n\n\n<h3 class=\"wp-block-heading\">Sekund\u00e4res Ziel<\/h3>\n\n\n\n<p><em>Sch\u00fctzen Sie das AA-Lager in der Umgebung.<\/em><\/p>\n\n\n\n<p>In der Mitte der Karte befindet sich eine kleine Basis mit vier kleinen Luftabwehrkanonen, die jeweils einem Turm der Stufe 1 entsprechen. Wenn wir um diese Basis herum bauen, k\u00f6nnen wir sie nicht nur vollst\u00e4ndig vor Besch\u00e4digungen sch\u00fctzen, sondern auch die Kanonen einsetzen, um die Luftwellen zu unterst\u00fctzen und Geld f\u00fcr AA-T\u00fcrme zu sparen. Dank dieser Position, die auch eine hervorragende Abdeckung der oben erw\u00e4hnten Marinepfade bietet, ist die Verankerung dieser Basis auch f\u00fcr Ihre bodengest\u00fctzte Feuerkraft von Vorteil.<\/p>\n\n\n\n<p><strong>Versorgungskisten:<\/strong> 6<\/p>\n\n\n\n<p><strong>Bisherige Siegpunkte:<\/strong> 260<\/p>\n\n\n\n<ul><li>Maschinengewehr Stufe 3<br><sup>X2 Power vs Flamed Spezialisierung<\/sup><\/li><li>Kanone Stufe 3<\/li><li>Bombe Stufe 3<\/li><li>Flamer Stufe 3<\/li><li>Kommunikationsstufe 3<br><sup>Erh\u00f6hte Interessenspezialisierung<\/sup><\/li><li>Rakete Stufe 2<\/li><li>Luftabwehr Stufe 3<\/li><\/ul>\n\n\n\n<hr class=\"wp-block-separator is-style-wide\"\/>\n\n\n\n<h3 class=\"wp-block-heading\">Vorteile f\u00fcr diese Mission:<\/h3>\n\n\n\n<ul><li>Greenback II<\/li><li>Adlerauge II<\/li><li>Phantomschlag<\/li><\/ul>\n\n\n\n<p>Schnelles Zielen ist zusammen mit der gr\u00f6\u00dferen Reichweite des Phantomschlags sehr hilfreich. Die meisten Ihrer T\u00fcrme m\u00fcssen zwei Pfade gleichzeitig sch\u00fctzen. Daher bringt weniger Zeit f\u00fcr das Bewegen zwischen Zielen und mehr Zeit f\u00fcr das Schie\u00dfen auf diese Ziele einen erheblichen Vorteil.<\/p>\n\n\n\n<hr class=\"wp-block-separator is-style-wide\"\/>\n\n\n\n<h3 class=\"wp-block-heading\">Verstecktes Ziel<\/h3>\n\n\n\n<p>Das versteckte Ziel in Operation Hailstone sind die beiden blauen Lagerh\u00e4user n\u00f6rdlich Ihrer Basis. Sie sind neben Ihrer Basis die einzigen wirklichen Strukturen in diesem Level.<\/p>\n\n\n\n<div class=\"wp-block-image\"><figure class=\"aligncenter size-large\"><img decoding=\"async\" width=\"266\" height=\"247\" src=\"https:\/\/ibomberdefensepacific.standardof.net\/wp-content\/uploads\/sites\/6\/2020\/10\/iBomber-Defense-Pacific-Campaign-Mission-14-Operation-Hailstone-2.jpg\" alt=\"&quot;iBomber Defense Pacific&quot; - Kampagnenmission 14 - &quot;Operation Hailstone&quot; (2)\" class=\"wp-image-98\" srcset=\"https:\/\/ibomberdefensepacific.standardof.net\/wp-content\/uploads\/sites\/6\/2020\/10\/iBomber-Defense-Pacific-Campaign-Mission-14-Operation-Hailstone-2.jpg 266w, https:\/\/ibomberdefensepacific.standardof.net\/wp-content\/uploads\/sites\/6\/2020\/10\/iBomber-Defense-Pacific-Campaign-Mission-14-Operation-Hailstone-2-200x186.jpg 200w, https:\/\/ibomberdefensepacific.standardof.net\/wp-content\/uploads\/sites\/6\/2020\/10\/iBomber-Defense-Pacific-Campaign-Mission-14-Operation-Hailstone-2-13x12.jpg 13w\" sizes=\"(max-width: 266px) 100vw, 266px\" \/><figcaption>Die versteckten Ziellager.<\/figcaption><\/figure><\/div>\n\n\n\n<hr class=\"wp-block-separator is-style-wide\"\/>\n\n\n\n<h3 class=\"wp-block-heading\">Revolverplatzierung<\/h3>\n\n\n\n<figure class=\"wp-block-gallery columns-2 is-cropped wp-block-gallery-1 is-layout-flex wp-block-gallery-is-layout-flex\"><ul class=\"blocks-gallery-grid\"><li class=\"blocks-gallery-item\"><figure><a href=\"https:\/\/ibomberdefensepacific.standardof.net\/de\/guide\/kampagne-mission-14-operation-hagel-truk-insel\/ibomber-defense-pacific-campaign-mission-14-operation-hailstone-3\/\"><img decoding=\"async\" width=\"800\" height=\"500\" src=\"https:\/\/ibomberdefensepacific.standardof.net\/wp-content\/uploads\/sites\/6\/2020\/10\/iBomber-Defense-Pacific-Campaign-Mission-14-Operation-Hailstone-3-800x500.jpg\" alt=\"&quot;iBomber Defense Pacific&quot; - Kampagnenmission 14 - &quot;Operation Hailstone&quot; (3)\" data-id=\"99\" data-full-url=\"https:\/\/ibomberdefensepacific.standardof.net\/wp-content\/uploads\/sites\/6\/2020\/10\/iBomber-Defense-Pacific-Campaign-Mission-14-Operation-Hailstone-3.jpg\" data-link=\"https:\/\/ibomberdefensepacific.standardof.net\/guide\/campaign-mission-14-operation-hailstone-truk-island\/ibomber-defense-pacific-campaign-mission-14-operation-hailstone-3\/\" class=\"wp-image-99\" srcset=\"https:\/\/ibomberdefensepacific.standardof.net\/wp-content\/uploads\/sites\/6\/2020\/10\/iBomber-Defense-Pacific-Campaign-Mission-14-Operation-Hailstone-3-800x500.jpg 800w, https:\/\/ibomberdefensepacific.standardof.net\/wp-content\/uploads\/sites\/6\/2020\/10\/iBomber-Defense-Pacific-Campaign-Mission-14-Operation-Hailstone-3-512x320.jpg 512w, https:\/\/ibomberdefensepacific.standardof.net\/wp-content\/uploads\/sites\/6\/2020\/10\/iBomber-Defense-Pacific-Campaign-Mission-14-Operation-Hailstone-3-200x125.jpg 200w, https:\/\/ibomberdefensepacific.standardof.net\/wp-content\/uploads\/sites\/6\/2020\/10\/iBomber-Defense-Pacific-Campaign-Mission-14-Operation-Hailstone-3-768x480.jpg 768w, https:\/\/ibomberdefensepacific.standardof.net\/wp-content\/uploads\/sites\/6\/2020\/10\/iBomber-Defense-Pacific-Campaign-Mission-14-Operation-Hailstone-3-16x10.jpg 16w, https:\/\/ibomberdefensepacific.standardof.net\/wp-content\/uploads\/sites\/6\/2020\/10\/iBomber-Defense-Pacific-Campaign-Mission-14-Operation-Hailstone-3.jpg 1200w\" sizes=\"(max-width: 800px) 100vw, 800px\" \/><\/a><figcaption class=\"blocks-gallery-item__caption\">Revolverplatzierung bei Welle 6.<\/figcaption><\/figure><\/li><li class=\"blocks-gallery-item\"><figure><a href=\"https:\/\/ibomberdefensepacific.standardof.net\/de\/guide\/kampagne-mission-14-operation-hagel-truk-insel\/ibomber-defense-pacific-campaign-mission-14-operation-hailstone-4\/\"><img decoding=\"async\" width=\"800\" height=\"500\" src=\"https:\/\/ibomberdefensepacific.standardof.net\/wp-content\/uploads\/sites\/6\/2020\/10\/iBomber-Defense-Pacific-Campaign-Mission-14-Operation-Hailstone-4-800x500.jpg\" alt=\"&quot;iBomber Defense Pacific&quot; - Kampagnenmission 14 - &quot;Operation Hailstone&quot; (4)\" data-id=\"100\" data-full-url=\"https:\/\/ibomberdefensepacific.standardof.net\/wp-content\/uploads\/sites\/6\/2020\/10\/iBomber-Defense-Pacific-Campaign-Mission-14-Operation-Hailstone-4.jpg\" data-link=\"https:\/\/ibomberdefensepacific.standardof.net\/guide\/campaign-mission-14-operation-hailstone-truk-island\/ibomber-defense-pacific-campaign-mission-14-operation-hailstone-4\/\" class=\"wp-image-100\" srcset=\"https:\/\/ibomberdefensepacific.standardof.net\/wp-content\/uploads\/sites\/6\/2020\/10\/iBomber-Defense-Pacific-Campaign-Mission-14-Operation-Hailstone-4-800x500.jpg 800w, https:\/\/ibomberdefensepacific.standardof.net\/wp-content\/uploads\/sites\/6\/2020\/10\/iBomber-Defense-Pacific-Campaign-Mission-14-Operation-Hailstone-4-512x320.jpg 512w, https:\/\/ibomberdefensepacific.standardof.net\/wp-content\/uploads\/sites\/6\/2020\/10\/iBomber-Defense-Pacific-Campaign-Mission-14-Operation-Hailstone-4-200x125.jpg 200w, https:\/\/ibomberdefensepacific.standardof.net\/wp-content\/uploads\/sites\/6\/2020\/10\/iBomber-Defense-Pacific-Campaign-Mission-14-Operation-Hailstone-4-768x480.jpg 768w, https:\/\/ibomberdefensepacific.standardof.net\/wp-content\/uploads\/sites\/6\/2020\/10\/iBomber-Defense-Pacific-Campaign-Mission-14-Operation-Hailstone-4-16x10.jpg 16w, https:\/\/ibomberdefensepacific.standardof.net\/wp-content\/uploads\/sites\/6\/2020\/10\/iBomber-Defense-Pacific-Campaign-Mission-14-Operation-Hailstone-4.jpg 1280w\" sizes=\"(max-width: 800px) 100vw, 800px\" \/><\/a><figcaption class=\"blocks-gallery-item__caption\">Platzierung des Revolvers der Welle 12 in Operation Hailstone.<\/figcaption><\/figure><\/li><\/ul><\/figure>\n\n\n\n<p>Wenn Sie Ihre Waffen platzieren, m\u00fcssen Sie zun\u00e4chst die Zentralinsel mit so vielen Waffen wie m\u00f6glich ausstatten, da alle dort platzierten T\u00fcrme die beste Abdeckung f\u00fcr feindliche Einheiten bieten - mit Ausnahme Ihrer Bombent\u00fcrme, die an anderer Stelle au\u00dferhalb des Schadens platziert werden sollten. Die Insel direkt im S\u00fcden ist f\u00fcr sie ein relativ anst\u00e4ndiger Ort, da sie in Bezug auf die Anf\u00e4lligkeit f\u00fcr feindliche Feuer- und Schleichangriffe begrenzt ist. Die AA der Insel wird helfen, sich um die ersten Luftwellen zu k\u00fcmmern, aber ein AA-Turm in der rechten unteren Ecke rundet die hier erforderlichen Luftverteidigungen ab.<\/p>\n\n\n\n<p>Versuchen Sie, f\u00fcr jeden Pfad einen Flammenturm zu haben, von dem wahrscheinlich einer auf dem n\u00f6rdlichen Festland gebaut werden muss. Wenn Sie die zentrale Insel ausgef\u00fcllt und aufger\u00fcstet haben, sollten Sie am Eingang Ihrer Basis einige Kanonen mit Kommunikationsverst\u00e4rkung und m\u00f6glicherweise ein Maschinengewehr hinzuf\u00fcgen, um eventuelle Nachz\u00fcgler auszusortieren, die es schaffen. Speichern Sie schlie\u00dflich Ihre R\u00fcckspulen und Bomben in dieser Mission, insbesondere gegen Ende, da Tauchboote und die h\u00e4rteren Schiffe die Dinge schwierig machen und m\u00f6glicherweise eine schnelle Bombardierung ben\u00f6tigen, um ein Leck zu verhindern.<\/p>\n\n\n\n<figure class=\"wp-block-gallery aligncenter columns-2 wp-block-gallery-2 is-layout-flex wp-block-gallery-is-layout-flex\"><ul class=\"blocks-gallery-grid\"><li class=\"blocks-gallery-item\"><figure><a href=\"https:\/\/ibomberdefensepacific.standardof.net\/de\/guide\/kampagne-mission-14-operation-hagel-truk-insel\/ibomber-defense-pacific-campaign-mission-14-operation-hailstone-5\/\"><img decoding=\"async\" width=\"800\" height=\"500\" src=\"https:\/\/ibomberdefensepacific.standardof.net\/wp-content\/uploads\/sites\/6\/2020\/10\/iBomber-Defense-Pacific-Campaign-Mission-14-Operation-Hailstone-5-800x500.jpg\" alt=\"&quot;iBomber Defense Pacific&quot; - Kampagnenmission 14 - &quot;Operation Hailstone&quot; (5)\" data-id=\"101\" data-full-url=\"https:\/\/ibomberdefensepacific.standardof.net\/wp-content\/uploads\/sites\/6\/2020\/10\/iBomber-Defense-Pacific-Campaign-Mission-14-Operation-Hailstone-5.jpg\" data-link=\"https:\/\/ibomberdefensepacific.standardof.net\/guide\/campaign-mission-14-operation-hailstone-truk-island\/ibomber-defense-pacific-campaign-mission-14-operation-hailstone-5\/\" class=\"wp-image-101\" srcset=\"https:\/\/ibomberdefensepacific.standardof.net\/wp-content\/uploads\/sites\/6\/2020\/10\/iBomber-Defense-Pacific-Campaign-Mission-14-Operation-Hailstone-5-800x500.jpg 800w, https:\/\/ibomberdefensepacific.standardof.net\/wp-content\/uploads\/sites\/6\/2020\/10\/iBomber-Defense-Pacific-Campaign-Mission-14-Operation-Hailstone-5-512x320.jpg 512w, https:\/\/ibomberdefensepacific.standardof.net\/wp-content\/uploads\/sites\/6\/2020\/10\/iBomber-Defense-Pacific-Campaign-Mission-14-Operation-Hailstone-5-200x125.jpg 200w, https:\/\/ibomberdefensepacific.standardof.net\/wp-content\/uploads\/sites\/6\/2020\/10\/iBomber-Defense-Pacific-Campaign-Mission-14-Operation-Hailstone-5-768x480.jpg 768w, https:\/\/ibomberdefensepacific.standardof.net\/wp-content\/uploads\/sites\/6\/2020\/10\/iBomber-Defense-Pacific-Campaign-Mission-14-Operation-Hailstone-5-16x10.jpg 16w, https:\/\/ibomberdefensepacific.standardof.net\/wp-content\/uploads\/sites\/6\/2020\/10\/iBomber-Defense-Pacific-Campaign-Mission-14-Operation-Hailstone-5.jpg 1280w\" sizes=\"(max-width: 800px) 100vw, 800px\" \/><\/a><figcaption class=\"blocks-gallery-item__caption\">Welle 18<\/figcaption><\/figure><\/li><li class=\"blocks-gallery-item\"><figure><a href=\"https:\/\/ibomberdefensepacific.standardof.net\/de\/guide\/kampagne-mission-14-operation-hagel-truk-insel\/ibomber-defense-pacific-campaign-mission-14-operation-hailstone-6\/\"><img decoding=\"async\" width=\"800\" height=\"500\" src=\"https:\/\/ibomberdefensepacific.standardof.net\/wp-content\/uploads\/sites\/6\/2020\/10\/iBomber-Defense-Pacific-Campaign-Mission-14-Operation-Hailstone-6-800x500.jpg\" alt=\"&quot;iBomber Defense Pacific&quot; - Kampagnenmission 14 - &quot;Operation Hailstone&quot; (6)\" data-id=\"102\" data-full-url=\"https:\/\/ibomberdefensepacific.standardof.net\/wp-content\/uploads\/sites\/6\/2020\/10\/iBomber-Defense-Pacific-Campaign-Mission-14-Operation-Hailstone-6.jpg\" data-link=\"https:\/\/ibomberdefensepacific.standardof.net\/guide\/campaign-mission-14-operation-hailstone-truk-island\/ibomber-defense-pacific-campaign-mission-14-operation-hailstone-6\/\" class=\"wp-image-102\" srcset=\"https:\/\/ibomberdefensepacific.standardof.net\/wp-content\/uploads\/sites\/6\/2020\/10\/iBomber-Defense-Pacific-Campaign-Mission-14-Operation-Hailstone-6-800x500.jpg 800w, https:\/\/ibomberdefensepacific.standardof.net\/wp-content\/uploads\/sites\/6\/2020\/10\/iBomber-Defense-Pacific-Campaign-Mission-14-Operation-Hailstone-6-512x320.jpg 512w, https:\/\/ibomberdefensepacific.standardof.net\/wp-content\/uploads\/sites\/6\/2020\/10\/iBomber-Defense-Pacific-Campaign-Mission-14-Operation-Hailstone-6-200x125.jpg 200w, https:\/\/ibomberdefensepacific.standardof.net\/wp-content\/uploads\/sites\/6\/2020\/10\/iBomber-Defense-Pacific-Campaign-Mission-14-Operation-Hailstone-6-768x480.jpg 768w, https:\/\/ibomberdefensepacific.standardof.net\/wp-content\/uploads\/sites\/6\/2020\/10\/iBomber-Defense-Pacific-Campaign-Mission-14-Operation-Hailstone-6-16x10.jpg 16w, https:\/\/ibomberdefensepacific.standardof.net\/wp-content\/uploads\/sites\/6\/2020\/10\/iBomber-Defense-Pacific-Campaign-Mission-14-Operation-Hailstone-6.jpg 1280w\" sizes=\"(max-width: 800px) 100vw, 800px\" \/><\/a><figcaption class=\"blocks-gallery-item__caption\">Welle 24<\/figcaption><\/figure><\/li><li class=\"blocks-gallery-item\"><figure><a href=\"https:\/\/ibomberdefensepacific.standardof.net\/de\/guide\/kampagne-mission-14-operation-hagel-truk-insel\/ibomber-defense-pacific-campaign-mission-14-operation-hailstone-7\/\"><img decoding=\"async\" width=\"800\" height=\"500\" src=\"https:\/\/ibomberdefensepacific.standardof.net\/wp-content\/uploads\/sites\/6\/2020\/10\/iBomber-Defense-Pacific-Campaign-Mission-14-Operation-Hailstone-7-800x500.jpg\" alt=\"&quot;iBomber Defense Pacific&quot; - Kampagnenmission 14 - &quot;Operation Hailstone&quot; (7)\" data-id=\"103\" data-full-url=\"https:\/\/ibomberdefensepacific.standardof.net\/wp-content\/uploads\/sites\/6\/2020\/10\/iBomber-Defense-Pacific-Campaign-Mission-14-Operation-Hailstone-7.jpg\" data-link=\"https:\/\/ibomberdefensepacific.standardof.net\/guide\/campaign-mission-14-operation-hailstone-truk-island\/ibomber-defense-pacific-campaign-mission-14-operation-hailstone-7\/\" class=\"wp-image-103\" srcset=\"https:\/\/ibomberdefensepacific.standardof.net\/wp-content\/uploads\/sites\/6\/2020\/10\/iBomber-Defense-Pacific-Campaign-Mission-14-Operation-Hailstone-7-800x500.jpg 800w, https:\/\/ibomberdefensepacific.standardof.net\/wp-content\/uploads\/sites\/6\/2020\/10\/iBomber-Defense-Pacific-Campaign-Mission-14-Operation-Hailstone-7-512x320.jpg 512w, https:\/\/ibomberdefensepacific.standardof.net\/wp-content\/uploads\/sites\/6\/2020\/10\/iBomber-Defense-Pacific-Campaign-Mission-14-Operation-Hailstone-7-200x125.jpg 200w, https:\/\/ibomberdefensepacific.standardof.net\/wp-content\/uploads\/sites\/6\/2020\/10\/iBomber-Defense-Pacific-Campaign-Mission-14-Operation-Hailstone-7-768x480.jpg 768w, https:\/\/ibomberdefensepacific.standardof.net\/wp-content\/uploads\/sites\/6\/2020\/10\/iBomber-Defense-Pacific-Campaign-Mission-14-Operation-Hailstone-7-16x10.jpg 16w, https:\/\/ibomberdefensepacific.standardof.net\/wp-content\/uploads\/sites\/6\/2020\/10\/iBomber-Defense-Pacific-Campaign-Mission-14-Operation-Hailstone-7.jpg 1280w\" sizes=\"(max-width: 800px) 100vw, 800px\" \/><\/a><figcaption class=\"blocks-gallery-item__caption\">Welle 30<\/figcaption><\/figure><\/li><\/ul><\/figure>\n\n\n\n<hr class=\"wp-block-separator is-style-wide\"\/>\n\n\n\n<h3 class=\"has-text-align-center wp-block-heading\" id=\"4-veteran-difficulty-video-guide\">Video-Leitfaden f\u00fcr Veteranenschwierigkeiten<\/h3>\n\n\n\n<figure class=\"wp-block-embed-youtube wp-block-embed is-type-video is-provider-youtube wp-embed-aspect-4-3 wp-has-aspect-ratio\"><div class=\"wp-block-embed__wrapper\">\n<div class=\"ast-oembed-container\" style=\"height: 100%;\"><iframe title=\"Operation Hagelstein - M14 iBomber Defense Pacific - Veteran Full House Walkthrough\" width=\"500\" height=\"375\" src=\"https:\/\/www.youtube.com\/embed\/LCzmtsqRJTg?feature=oembed\" frameborder=\"0\" allow=\"accelerometer; autoplay; clipboard-write; encrypted-media; gyroscope; picture-in-picture; web-share\" referrerpolicy=\"strict-origin-when-cross-origin\" allowfullscreen><\/iframe><\/div>\n<\/div><\/figure>","protected":false},"excerpt":{"rendered":"<p>Operation Hailstone: Truk Island Stop the invasion of Truk. It is significant in the support of islands and atolls throughout Central and South Pacific. In Operation Hailstone, you will be protecting your base from a series of naval and air waves that come down and around the central island of the map, where most of [&hellip;]<\/p>","protected":false},"author":1,"featured_media":103,"parent":164,"menu_order":14,"comment_status":"open","ping_status":"closed","template":"","meta":{"_uag_custom_page_level_css":"","site-sidebar-layout":"default","site-content-layout":"default","ast-site-content-layout":"","site-content-style":"default","site-sidebar-style":"default","ast-global-header-display":"","ast-banner-title-visibility":"","ast-main-header-display":"","ast-hfb-above-header-display":"","ast-hfb-below-header-display":"","ast-hfb-mobile-header-display":"","site-post-title":"","ast-breadcrumbs-content":"","ast-featured-img":"","footer-sml-layout":"","theme-transparent-header-meta":"default","adv-header-id-meta":"","stick-header-meta":"","header-above-stick-meta":"","header-main-stick-meta":"","header-below-stick-meta":"","astra-migrate-meta-layouts":"default","ast-page-background-enabled":"default","ast-page-background-meta":{"desktop":{"background-color":"","background-image":"","background-repeat":"repeat","background-position":"center center","background-size":"auto","background-attachment":"scroll","background-type":"","background-media":"","overlay-type":"","overlay-color":"","overlay-gradient":""},"tablet":{"background-color":"","background-image":"","background-repeat":"repeat","background-position":"center center","background-size":"auto","background-attachment":"scroll","background-type":"","background-media":"","overlay-type":"","overlay-color":"","overlay-gradient":""},"mobile":{"background-color":"","background-image":"","background-repeat":"repeat","background-position":"center center","background-size":"auto","background-attachment":"scroll","background-type":"","background-media":"","overlay-type":"","overlay-color":"","overlay-gradient":""}},"ast-content-background-meta":{"desktop":{"background-color":"var(--ast-global-color-5)","background-image":"","background-repeat":"repeat","background-position":"center center","background-size":"auto","background-attachment":"scroll","background-type":"","background-media":"","overlay-type":"","overlay-color":"","overlay-gradient":""},"tablet":{"background-color":"var(--ast-global-color-5)","background-image":"","background-repeat":"repeat","background-position":"center center","background-size":"auto","background-attachment":"scroll","background-type":"","background-media":"","overlay-type":"","overlay-color":"","overlay-gradient":""},"mobile":{"background-color":"var(--ast-global-color-5)","background-image":"","background-repeat":"repeat","background-position":"center center","background-size":"auto","background-attachment":"scroll","background-type":"","background-media":"","overlay-type":"","overlay-color":"","overlay-gradient":""}},"footnotes":""},"uagb_featured_image_src":{"full":["https:\/\/ibomberdefensepacific.standardof.net\/wp-content\/uploads\/sites\/6\/2020\/10\/iBomber-Defense-Pacific-Campaign-Mission-14-Operation-Hailstone-7.jpg",1280,800,false],"thumbnail":["https:\/\/ibomberdefensepacific.standardof.net\/wp-content\/uploads\/sites\/6\/2020\/10\/iBomber-Defense-Pacific-Campaign-Mission-14-Operation-Hailstone-7-200x125.jpg",200,125,true],"medium":["https:\/\/ibomberdefensepacific.standardof.net\/wp-content\/uploads\/sites\/6\/2020\/10\/iBomber-Defense-Pacific-Campaign-Mission-14-Operation-Hailstone-7-512x320.jpg",512,320,true],"medium_large":["https:\/\/ibomberdefensepacific.standardof.net\/wp-content\/uploads\/sites\/6\/2020\/10\/iBomber-Defense-Pacific-Campaign-Mission-14-Operation-Hailstone-7-768x480.jpg",768,480,true],"large":["https:\/\/ibomberdefensepacific.standardof.net\/wp-content\/uploads\/sites\/6\/2020\/10\/iBomber-Defense-Pacific-Campaign-Mission-14-Operation-Hailstone-7-800x500.jpg",800,500,true],"1536x1536":["https:\/\/ibomberdefensepacific.standardof.net\/wp-content\/uploads\/sites\/6\/2020\/10\/iBomber-Defense-Pacific-Campaign-Mission-14-Operation-Hailstone-7.jpg",1280,800,false],"2048x2048":["https:\/\/ibomberdefensepacific.standardof.net\/wp-content\/uploads\/sites\/6\/2020\/10\/iBomber-Defense-Pacific-Campaign-Mission-14-Operation-Hailstone-7.jpg",1280,800,false],"trp-custom-language-flag":["https:\/\/ibomberdefensepacific.standardof.net\/wp-content\/uploads\/sites\/6\/2020\/10\/iBomber-Defense-Pacific-Campaign-Mission-14-Operation-Hailstone-7-16x10.jpg",16,10,true]},"uagb_author_info":{"display_name":"SOE","author_link":"https:\/\/ibomberdefensepacific.standardof.net\/de\/author\/k-tastic\/"},"uagb_comment_info":0,"uagb_excerpt":"Operation Hailstone: Truk Island Stop the invasion of Truk. It is significant in the support of islands and atolls throughout Central and South Pacific. In Operation Hailstone, you will be protecting your base from a series of naval and air waves that come down and around the central island of the map, where most of&hellip;","_links":{"self":[{"href":"https:\/\/ibomberdefensepacific.standardof.net\/de\/wp-json\/wp\/v2\/pages\/211"}],"collection":[{"href":"https:\/\/ibomberdefensepacific.standardof.net\/de\/wp-json\/wp\/v2\/pages"}],"about":[{"href":"https:\/\/ibomberdefensepacific.standardof.net\/de\/wp-json\/wp\/v2\/types\/page"}],"author":[{"embeddable":true,"href":"https:\/\/ibomberdefensepacific.standardof.net\/de\/wp-json\/wp\/v2\/users\/1"}],"replies":[{"embeddable":true,"href":"https:\/\/ibomberdefensepacific.standardof.net\/de\/wp-json\/wp\/v2\/comments?post=211"}],"version-history":[{"count":0,"href":"https:\/\/ibomberdefensepacific.standardof.net\/de\/wp-json\/wp\/v2\/pages\/211\/revisions"}],"up":[{"embeddable":true,"href":"https:\/\/ibomberdefensepacific.standardof.net\/de\/wp-json\/wp\/v2\/pages\/164"}],"wp:featuredmedia":[{"embeddable":true,"href":"https:\/\/ibomberdefensepacific.standardof.net\/de\/wp-json\/wp\/v2\/media\/103"}],"wp:attachment":[{"href":"https:\/\/ibomberdefensepacific.standardof.net\/de\/wp-json\/wp\/v2\/media?parent=211"}],"curies":[{"name":"wp","href":"https:\/\/api.w.org\/{rel}","templated":true}]}}