{"id":209,"date":"2020-10-21T13:34:00","date_gmt":"2020-10-21T13:34:00","guid":{"rendered":"https:\/\/ibomberdefensepacific.standardof.net\/?page_id=209"},"modified":"2020-10-21T17:22:07","modified_gmt":"2020-10-21T17:22:07","slug":"campaign-mission-12-battle-of-tenaru-watchtower","status":"publish","type":"page","link":"https:\/\/ibomberdefensepacific.standardof.net\/de\/guide\/kampagne-mission-12-schlacht-von-tenaru-wachturm\/","title":{"rendered":"Kampagnenmission 12: Wachtturm \u201eSchlacht von Tenaru\u201c"},"content":{"rendered":"<h2 class=\"wp-block-heading\">Schlacht von Tenaru: Wachtturm<\/h2>\n\n\n\n<div class=\"wp-block-image\"><figure class=\"aligncenter size-large\"><a href=\"https:\/\/ibomberdefensepacific.standardof.net\/de\/guide\/kampagne-mission-12-schlacht-von-tenaru-wachturm\/ibomber-defense-pacific-campaign-mission-12-battle-of-tenaru-1-copy\/\"><img decoding=\"async\" width=\"800\" height=\"500\" src=\"https:\/\/ibomberdefensepacific.standardof.net\/wp-content\/uploads\/sites\/6\/2020\/10\/iBomber-Defense-Pacific-Campaign-Mission-12-Battle-of-Tenaru-1-copy-800x500.jpg\" alt=\"&quot;iBomber Defense Pacific&quot; - Kampagnenmission 12 - &quot;Schlacht von Tenaru&quot; (1)\" class=\"wp-image-86\" srcset=\"https:\/\/ibomberdefensepacific.standardof.net\/wp-content\/uploads\/sites\/6\/2020\/10\/iBomber-Defense-Pacific-Campaign-Mission-12-Battle-of-Tenaru-1-copy-800x500.jpg 800w, https:\/\/ibomberdefensepacific.standardof.net\/wp-content\/uploads\/sites\/6\/2020\/10\/iBomber-Defense-Pacific-Campaign-Mission-12-Battle-of-Tenaru-1-copy-512x320.jpg 512w, https:\/\/ibomberdefensepacific.standardof.net\/wp-content\/uploads\/sites\/6\/2020\/10\/iBomber-Defense-Pacific-Campaign-Mission-12-Battle-of-Tenaru-1-copy-200x125.jpg 200w, https:\/\/ibomberdefensepacific.standardof.net\/wp-content\/uploads\/sites\/6\/2020\/10\/iBomber-Defense-Pacific-Campaign-Mission-12-Battle-of-Tenaru-1-copy-768x480.jpg 768w, https:\/\/ibomberdefensepacific.standardof.net\/wp-content\/uploads\/sites\/6\/2020\/10\/iBomber-Defense-Pacific-Campaign-Mission-12-Battle-of-Tenaru-1-copy-16x10.jpg 16w, https:\/\/ibomberdefensepacific.standardof.net\/wp-content\/uploads\/sites\/6\/2020\/10\/iBomber-Defense-Pacific-Campaign-Mission-12-Battle-of-Tenaru-1-copy.jpg 1280w\" sizes=\"(max-width: 800px) 100vw, 800px\" \/><\/a><figcaption>Die feindlichen Wellenwege in der Gegenangriffsmission der Schlacht von Tenaru. Rote Linien zeigen den Boden und blaue die Luft.<\/figcaption><\/figure><\/div>\n\n\n\n<p><em>Sch\u00fctzen Sie Ihre Position in den Salomonen vor einem unerwarteten Gegenangriff.<\/em><\/p>\n\n\n\n<p>In der Schlacht von Tenaru kehren Sie zum vorherigen Level von zur\u00fcck <strong><a href=\"https:\/\/ibomberdefensepacific.standardof.net\/de\/guide\/kampagne-mission-10-alligator-creek-wachturm\/\" class=\"rank-math-link\">Alligator Creek<\/a><\/strong>Komplett mit den T\u00fcrmen, die Sie am Ende der Mission \u00fcbrig hatten, um weitere 15 Wellen aus gemischtem Boden und Luft zu bek\u00e4mpfen. Deine Einheiten werden in den ersten Augenblicken des Levels bombardiert und zerst\u00f6ren die Basis, an der du beim letzten Mal so hart gearbeitet hast, um sie zu sch\u00fctzen. Stellen Sie sicher, dass Sie alles sofort reparieren.<\/p>\n\n\n\n<p>In diesem Leitfaden erfahren Sie, wie Sie ein Full House erhalten, das eine perfekte Runde mit allen Medaillen und 20 Siegpunkten auf der Ebene der Schlacht von Tenaru des <em>iBomber Defense Pacific<\/em> Kampagne, gespielt auf dem Schwierigkeitsgrad Veteran. Dar\u00fcber hinaus behandelt dieser Missionsleitfaden das sekund\u00e4re Ziel und das versteckte Ziel zusammen mit einem exemplarischen Video.<\/p>\n\n\n\t\t\t\t<div class=\"wp-block-uagb-table-of-contents uagb-toc__align-left uagb-toc__columns-1  uagb-block-96140d9f\"\n\t\t\t\t\tdata-scroll= \"1\"\n\t\t\t\t\tdata-offset= \"30\"\n\t\t\t\t\tstyle=\"\"\n\t\t\t\t>\n\t\t\t\t<div class=\"uagb-toc__wrap\">\n\t\t\t\t\t\t<div class=\"uagb-toc__title\">\n\t\t\t\t\t\t\tExemplarische Vorgehensweise Navigation:\t\t\t\t\t\t<\/div>\n\t\t\t\t\t\t\t\t\t\t\t\t\t\t\t\t<div class=\"uagb-toc__list-wrap\">\n\t\t\t\t\t\t<ol class=\"uagb-toc__list\"><li class=\"uagb-toc__list\"><a href=\"#secondary-objective\" class=\"uagb-toc-link__trigger\">Sekund\u00e4res Ziel<\/a><li class=\"uagb-toc__list\"><a href=\"#perks-used-for-this-mission\" class=\"uagb-toc-link__trigger\">Vorteile f\u00fcr diese Mission:<\/a><li class=\"uagb-toc__list\"><a href=\"#hidden-target\" class=\"uagb-toc-link__trigger\">Verstecktes Ziel<\/a><li class=\"uagb-toc__list\"><a href=\"#turret-placement\" class=\"uagb-toc-link__trigger\">Revolverplatzierung<\/a><li class=\"uagb-toc__list\"><a href=\"#veteran-difficulty-video-guide\" class=\"uagb-toc-link__trigger\">Video-Leitfaden f\u00fcr Veteranenschwierigkeiten<\/a><\/ol>\t\t\t\t\t<\/div>\n\t\t\t\t\t\t\t\t\t<\/div>\n\t\t\t\t<\/div>\n\t\t\t\n\n\n<hr class=\"wp-block-separator is-style-wide\"\/>\n\n\n\n<h3 class=\"wp-block-heading\">Sekund\u00e4res Ziel<\/h3>\n\n\n\n<p><em>Die japanische Luftmacht hat in der Region zugenommen. Baue AA-T\u00fcrme, um unsere Position auf Guadalcanal zu sch\u00fctzen.<\/em><\/p>\n\n\n\n<p>Wie in der Anleitung f\u00fcr die urspr\u00fcnglichen Wellen an dieser Stelle erw\u00e4hnt, sollten die 6 Felder, die Ihrer Basis am n\u00e4chsten liegen (entlang des letzten Teils des Pfades), f\u00fcr den Bau von AA-T\u00fcrmen ge\u00f6ffnet sein. M\u00f6glicherweise m\u00fcssen Sie einige T\u00fcrme verkaufen, wenn Sie hier gebaut haben, da sie an anderer Stelle platziert werden und extremen Sch\u00e4den und kostspieligen Reparaturrechnungen ausgesetzt sind.<\/p>\n\n\n\n<p><strong>Versorgungskisten:<\/strong> keiner<\/p>\n\n\n\n<p><strong>Bisherige Siegpunkte:<\/strong> 220<\/p>\n\n\n\n<ul><li>Maschinengewehr Stufe 3<br><sup>X2 Power vs Flamed Spezialisierung<\/sup><\/li><li>Kanone Stufe 3<\/li><li>Bombe Stufe 3<\/li><li>Flamer Stufe 3<\/li><li>Kommunikationsstufe 3<br><sup>Erh\u00f6hte Interessenspezialisierung<\/sup><\/li><li>Rakete Stufe 1<\/li><\/ul>\n\n\n\n<hr class=\"wp-block-separator is-style-wide\"\/>\n\n\n\n<h3 class=\"wp-block-heading\">Vorteile f\u00fcr diese Mission:<\/h3>\n\n\n\n<ul><li>Greenback II<\/li><li>Eisenr\u00fccken II<\/li><li>Schnelle Finger<\/li><\/ul>\n\n\n\n<p>Dies ist eine weitere Stufe, in der Ihren T\u00fcrmen schwerer Schaden zugef\u00fcgt wird, wodurch die Verst\u00e4rkung zu einem echten Geldsparer wird. Schnelle Finger erh\u00f6hen den Gesamtschaden, was gegen die schwer gepanzerten Feinde in diesem Level n\u00fctzlich ist.<\/p>\n\n\n\n<hr class=\"wp-block-separator is-style-wide\"\/>\n\n\n\n<h3 class=\"wp-block-heading\">Verstecktes Ziel<\/h3>\n\n\n\n<p>Es gibt kein verstecktes Ziel im Gegenangriff.<\/p>\n\n\n\n<hr class=\"wp-block-separator is-style-wide\"\/>\n\n\n\n<h3 class=\"wp-block-heading\">Revolverplatzierung<\/h3>\n\n\n\n<figure class=\"wp-block-gallery columns-2 is-cropped wp-block-gallery-1 is-layout-flex wp-block-gallery-is-layout-flex\"><ul class=\"blocks-gallery-grid\"><li class=\"blocks-gallery-item\"><figure><a href=\"https:\/\/ibomberdefensepacific.standardof.net\/de\/guide\/kampagne-mission-12-schlacht-von-tenaru-wachturm\/ibomber-defense-pacific-campaign-mission-12-battle-of-tenaru-2\/\"><img decoding=\"async\" width=\"800\" height=\"500\" src=\"https:\/\/ibomberdefensepacific.standardof.net\/wp-content\/uploads\/sites\/6\/2020\/10\/iBomber-Defense-Pacific-Campaign-Mission-12-Battle-of-Tenaru-2-800x500.jpg\" alt=\"&quot;iBomber Defense Pacific&quot; - Kampagnenmission 12 - &quot;Schlacht von Tenaru&quot; (2)\" data-id=\"87\" data-full-url=\"https:\/\/ibomberdefensepacific.standardof.net\/wp-content\/uploads\/sites\/6\/2020\/10\/iBomber-Defense-Pacific-Campaign-Mission-12-Battle-of-Tenaru-2.jpg\" data-link=\"https:\/\/ibomberdefensepacific.standardof.net\/guide\/campaign-mission-12-battle-of-tenaru-watchtower\/ibomber-defense-pacific-campaign-mission-12-battle-of-tenaru-2\/\" class=\"wp-image-87\" srcset=\"https:\/\/ibomberdefensepacific.standardof.net\/wp-content\/uploads\/sites\/6\/2020\/10\/iBomber-Defense-Pacific-Campaign-Mission-12-Battle-of-Tenaru-2-800x500.jpg 800w, https:\/\/ibomberdefensepacific.standardof.net\/wp-content\/uploads\/sites\/6\/2020\/10\/iBomber-Defense-Pacific-Campaign-Mission-12-Battle-of-Tenaru-2-512x320.jpg 512w, https:\/\/ibomberdefensepacific.standardof.net\/wp-content\/uploads\/sites\/6\/2020\/10\/iBomber-Defense-Pacific-Campaign-Mission-12-Battle-of-Tenaru-2-200x125.jpg 200w, https:\/\/ibomberdefensepacific.standardof.net\/wp-content\/uploads\/sites\/6\/2020\/10\/iBomber-Defense-Pacific-Campaign-Mission-12-Battle-of-Tenaru-2-768x480.jpg 768w, https:\/\/ibomberdefensepacific.standardof.net\/wp-content\/uploads\/sites\/6\/2020\/10\/iBomber-Defense-Pacific-Campaign-Mission-12-Battle-of-Tenaru-2-16x10.jpg 16w, https:\/\/ibomberdefensepacific.standardof.net\/wp-content\/uploads\/sites\/6\/2020\/10\/iBomber-Defense-Pacific-Campaign-Mission-12-Battle-of-Tenaru-2.jpg 1280w\" sizes=\"(max-width: 800px) 100vw, 800px\" \/><\/a><figcaption class=\"blocks-gallery-item__caption\">Platzierung beginnen.<\/figcaption><\/figure><\/li><li class=\"blocks-gallery-item\"><figure><a href=\"https:\/\/ibomberdefensepacific.standardof.net\/de\/guide\/kampagne-mission-12-schlacht-von-tenaru-wachturm\/ibomber-defense-pacific-campaign-mission-12-battle-of-tenaru-3\/\"><img decoding=\"async\" width=\"800\" height=\"500\" src=\"https:\/\/ibomberdefensepacific.standardof.net\/wp-content\/uploads\/sites\/6\/2020\/10\/iBomber-Defense-Pacific-Campaign-Mission-12-Battle-of-Tenaru-3-800x500.jpg\" alt=\"&quot;iBomber Defense Pacific&quot; - Kampagnenmission 12 - &quot;Schlacht von Tenaru&quot; (3)\" data-id=\"88\" data-full-url=\"https:\/\/ibomberdefensepacific.standardof.net\/wp-content\/uploads\/sites\/6\/2020\/10\/iBomber-Defense-Pacific-Campaign-Mission-12-Battle-of-Tenaru-3.jpg\" data-link=\"https:\/\/ibomberdefensepacific.standardof.net\/guide\/campaign-mission-12-battle-of-tenaru-watchtower\/ibomber-defense-pacific-campaign-mission-12-battle-of-tenaru-3\/\" class=\"wp-image-88\" srcset=\"https:\/\/ibomberdefensepacific.standardof.net\/wp-content\/uploads\/sites\/6\/2020\/10\/iBomber-Defense-Pacific-Campaign-Mission-12-Battle-of-Tenaru-3-800x500.jpg 800w, https:\/\/ibomberdefensepacific.standardof.net\/wp-content\/uploads\/sites\/6\/2020\/10\/iBomber-Defense-Pacific-Campaign-Mission-12-Battle-of-Tenaru-3-512x320.jpg 512w, https:\/\/ibomberdefensepacific.standardof.net\/wp-content\/uploads\/sites\/6\/2020\/10\/iBomber-Defense-Pacific-Campaign-Mission-12-Battle-of-Tenaru-3-200x125.jpg 200w, https:\/\/ibomberdefensepacific.standardof.net\/wp-content\/uploads\/sites\/6\/2020\/10\/iBomber-Defense-Pacific-Campaign-Mission-12-Battle-of-Tenaru-3-768x480.jpg 768w, https:\/\/ibomberdefensepacific.standardof.net\/wp-content\/uploads\/sites\/6\/2020\/10\/iBomber-Defense-Pacific-Campaign-Mission-12-Battle-of-Tenaru-3-16x10.jpg 16w, https:\/\/ibomberdefensepacific.standardof.net\/wp-content\/uploads\/sites\/6\/2020\/10\/iBomber-Defense-Pacific-Campaign-Mission-12-Battle-of-Tenaru-3.jpg 1280w\" sizes=\"(max-width: 800px) 100vw, 800px\" \/><\/a><figcaption class=\"blocks-gallery-item__caption\">Welle 5.<\/figcaption><\/figure><\/li><\/ul><\/figure>\n\n\n\n<p>Stellen Sie f\u00fcr den Anfang sicher, dass Sie einen kurzen Blick auf die <strong><a href=\"https:\/\/ibomberdefensepacific.standardof.net\/de\/guide\/kampagne-mission-10-alligator-creek-wachturm\/\" class=\"rank-math-link\">Alligator Creek<\/a><\/strong> Anleitung, wenn Sie dies noch nicht getan haben; es wird viel mit dieser Anleitung zu tun haben, da die T\u00fcrme auf diese Ebene \u00fcbertragen werden. Diese Mission wird sich haupts\u00e4chlich darauf konzentrieren, den Korridor des Todes, den wir zuvor mit st\u00e4rkeren Waffen geschaffen haben, zu verbessern, w\u00e4hrend die 6 freien Pl\u00e4tze, die wir oben auf dem zentralen Pfad offen gelassen haben, mit Luftt\u00fcrmen im gesamten Level gef\u00fcllt werden. Verkaufe das Maschinengewehrpaar, das an der Seite des zentralen Pfades platziert ist, um die Ex-Basis zu verteidigen, die hier zuvor das sekund\u00e4re Ziel war.<\/p>\n\n\n\n<p>Die ersten 2 AA-T\u00fcrme sollten sofort abfallen, wenn Luft in die erste Welle kommt (sobald Sie nat\u00fcrlich alles reparieren). Die letzten vier sollten bis zur 8. bis 10. Welle steigen, da die Luftleistung bis dahin deutlich st\u00e4rker sein wird. Versuchen Sie au\u00dferdem, etwas Geld zu sparen, um Zinsen zu sammeln und den Korridor zu erweitern, und bauen Sie neue T\u00fcrme am Ende des Pfades, um eine geb\u00fcndelte Schusslinie aufrechtzuerhalten. Schlie\u00dflich k\u00f6nnen die Raketent\u00fcrme eingegraben und positioniert werden, um die Gasse abzufeuern (falls nicht bereits geschehen), um ernsthafte Sch\u00e4den zu verursachen.<\/p>\n\n\n\n<figure class=\"wp-block-gallery columns-2 is-cropped wp-block-gallery-2 is-layout-flex wp-block-gallery-is-layout-flex\"><ul class=\"blocks-gallery-grid\"><li class=\"blocks-gallery-item\"><figure><a href=\"https:\/\/ibomberdefensepacific.standardof.net\/de\/guide\/kampagne-mission-12-schlacht-von-tenaru-wachturm\/ibomber-defense-pacific-campaign-mission-12-battle-of-tenaru-4\/\"><img decoding=\"async\" width=\"800\" height=\"500\" src=\"https:\/\/ibomberdefensepacific.standardof.net\/wp-content\/uploads\/sites\/6\/2020\/10\/iBomber-Defense-Pacific-Campaign-Mission-12-Battle-of-Tenaru-4-800x500.jpg\" alt=\"&quot;iBomber Defense Pacific&quot; - Kampagnenmission 12 - &quot;Schlacht von Tenaru&quot; (4)\" data-id=\"89\" data-full-url=\"https:\/\/ibomberdefensepacific.standardof.net\/wp-content\/uploads\/sites\/6\/2020\/10\/iBomber-Defense-Pacific-Campaign-Mission-12-Battle-of-Tenaru-4.jpg\" data-link=\"https:\/\/ibomberdefensepacific.standardof.net\/guide\/campaign-mission-12-battle-of-tenaru-watchtower\/ibomber-defense-pacific-campaign-mission-12-battle-of-tenaru-4\/\" class=\"wp-image-89\" srcset=\"https:\/\/ibomberdefensepacific.standardof.net\/wp-content\/uploads\/sites\/6\/2020\/10\/iBomber-Defense-Pacific-Campaign-Mission-12-Battle-of-Tenaru-4-800x500.jpg 800w, https:\/\/ibomberdefensepacific.standardof.net\/wp-content\/uploads\/sites\/6\/2020\/10\/iBomber-Defense-Pacific-Campaign-Mission-12-Battle-of-Tenaru-4-512x320.jpg 512w, https:\/\/ibomberdefensepacific.standardof.net\/wp-content\/uploads\/sites\/6\/2020\/10\/iBomber-Defense-Pacific-Campaign-Mission-12-Battle-of-Tenaru-4-200x125.jpg 200w, https:\/\/ibomberdefensepacific.standardof.net\/wp-content\/uploads\/sites\/6\/2020\/10\/iBomber-Defense-Pacific-Campaign-Mission-12-Battle-of-Tenaru-4-768x480.jpg 768w, https:\/\/ibomberdefensepacific.standardof.net\/wp-content\/uploads\/sites\/6\/2020\/10\/iBomber-Defense-Pacific-Campaign-Mission-12-Battle-of-Tenaru-4-16x10.jpg 16w, https:\/\/ibomberdefensepacific.standardof.net\/wp-content\/uploads\/sites\/6\/2020\/10\/iBomber-Defense-Pacific-Campaign-Mission-12-Battle-of-Tenaru-4.jpg 1280w\" sizes=\"(max-width: 800px) 100vw, 800px\" \/><\/a><figcaption class=\"blocks-gallery-item__caption\">Platzierung des Revolvers der Welle 10.<\/figcaption><\/figure><\/li><li class=\"blocks-gallery-item\"><figure><a href=\"https:\/\/ibomberdefensepacific.standardof.net\/de\/guide\/kampagne-mission-12-schlacht-von-tenaru-wachturm\/ibomber-defense-pacific-campaign-mission-12-battle-of-tenaru-5\/\"><img decoding=\"async\" width=\"800\" height=\"500\" src=\"https:\/\/ibomberdefensepacific.standardof.net\/wp-content\/uploads\/sites\/6\/2020\/10\/iBomber-Defense-Pacific-Campaign-Mission-12-Battle-of-Tenaru-5-800x500.jpg\" alt=\"&quot;iBomber Defense Pacific&quot; - Kampagnenmission 12 - &quot;Schlacht von Tenaru&quot; (5)\" data-id=\"90\" data-full-url=\"https:\/\/ibomberdefensepacific.standardof.net\/wp-content\/uploads\/sites\/6\/2020\/10\/iBomber-Defense-Pacific-Campaign-Mission-12-Battle-of-Tenaru-5.jpg\" data-link=\"https:\/\/ibomberdefensepacific.standardof.net\/guide\/campaign-mission-12-battle-of-tenaru-watchtower\/ibomber-defense-pacific-campaign-mission-12-battle-of-tenaru-5\/\" class=\"wp-image-90\" srcset=\"https:\/\/ibomberdefensepacific.standardof.net\/wp-content\/uploads\/sites\/6\/2020\/10\/iBomber-Defense-Pacific-Campaign-Mission-12-Battle-of-Tenaru-5-800x500.jpg 800w, https:\/\/ibomberdefensepacific.standardof.net\/wp-content\/uploads\/sites\/6\/2020\/10\/iBomber-Defense-Pacific-Campaign-Mission-12-Battle-of-Tenaru-5-512x320.jpg 512w, https:\/\/ibomberdefensepacific.standardof.net\/wp-content\/uploads\/sites\/6\/2020\/10\/iBomber-Defense-Pacific-Campaign-Mission-12-Battle-of-Tenaru-5-200x125.jpg 200w, https:\/\/ibomberdefensepacific.standardof.net\/wp-content\/uploads\/sites\/6\/2020\/10\/iBomber-Defense-Pacific-Campaign-Mission-12-Battle-of-Tenaru-5-768x480.jpg 768w, https:\/\/ibomberdefensepacific.standardof.net\/wp-content\/uploads\/sites\/6\/2020\/10\/iBomber-Defense-Pacific-Campaign-Mission-12-Battle-of-Tenaru-5-16x10.jpg 16w, https:\/\/ibomberdefensepacific.standardof.net\/wp-content\/uploads\/sites\/6\/2020\/10\/iBomber-Defense-Pacific-Campaign-Mission-12-Battle-of-Tenaru-5.jpg 1280w\" sizes=\"(max-width: 800px) 100vw, 800px\" \/><\/a><figcaption class=\"blocks-gallery-item__caption\">Welle 15.<\/figcaption><\/figure><\/li><\/ul><\/figure>\n\n\n\n<hr class=\"wp-block-separator is-style-wide\"\/>\n\n\n\n<h3 class=\"has-text-align-center wp-block-heading\" id=\"4-veteran-difficulty-video-guide\">Video-Leitfaden f\u00fcr Veteranenschwierigkeiten<\/h3>\n\n\n\n<figure class=\"wp-block-embed-youtube wp-block-embed is-type-video is-provider-youtube wp-embed-aspect-4-3 wp-has-aspect-ratio\"><div class=\"wp-block-embed__wrapper\">\n<div class=\"ast-oembed-container\" style=\"height: 100%;\"><iframe title=\"Schlacht von Tenaru - M12 iBomber Defense Pacific - Veteran Full House Walkthrough\" width=\"500\" height=\"375\" src=\"https:\/\/www.youtube.com\/embed\/mcRYP73hcUY?feature=oembed\" frameborder=\"0\" allow=\"accelerometer; autoplay; clipboard-write; encrypted-media; gyroscope; picture-in-picture; web-share\" referrerpolicy=\"strict-origin-when-cross-origin\" allowfullscreen><\/iframe><\/div>\n<\/div><\/figure>","protected":false},"excerpt":{"rendered":"<p>Battle of Tenaru: Watchtower Protect your position in the Solomons against an unexpected counterattack. In Battle of Tenaru, you will be returning to the previous level of Alligator Creek, complete with the turrets you had leftover at the end of the mission, to fight another 15 waves of mixed ground and air. Your units will [&hellip;]<\/p>","protected":false},"author":1,"featured_media":90,"parent":164,"menu_order":12,"comment_status":"open","ping_status":"closed","template":"","meta":{"_uag_custom_page_level_css":"","site-sidebar-layout":"default","site-content-layout":"default","ast-site-content-layout":"","site-content-style":"default","site-sidebar-style":"default","ast-global-header-display":"","ast-banner-title-visibility":"","ast-main-header-display":"","ast-hfb-above-header-display":"","ast-hfb-below-header-display":"","ast-hfb-mobile-header-display":"","site-post-title":"","ast-breadcrumbs-content":"","ast-featured-img":"","footer-sml-layout":"","theme-transparent-header-meta":"default","adv-header-id-meta":"","stick-header-meta":"","header-above-stick-meta":"","header-main-stick-meta":"","header-below-stick-meta":"","astra-migrate-meta-layouts":"default","ast-page-background-enabled":"default","ast-page-background-meta":{"desktop":{"background-color":"","background-image":"","background-repeat":"repeat","background-position":"center center","background-size":"auto","background-attachment":"scroll","background-type":"","background-media":"","overlay-type":"","overlay-color":"","overlay-gradient":""},"tablet":{"background-color":"","background-image":"","background-repeat":"repeat","background-position":"center center","background-size":"auto","background-attachment":"scroll","background-type":"","background-media":"","overlay-type":"","overlay-color":"","overlay-gradient":""},"mobile":{"background-color":"","background-image":"","background-repeat":"repeat","background-position":"center center","background-size":"auto","background-attachment":"scroll","background-type":"","background-media":"","overlay-type":"","overlay-color":"","overlay-gradient":""}},"ast-content-background-meta":{"desktop":{"background-color":"var(--ast-global-color-5)","background-image":"","background-repeat":"repeat","background-position":"center center","background-size":"auto","background-attachment":"scroll","background-type":"","background-media":"","overlay-type":"","overlay-color":"","overlay-gradient":""},"tablet":{"background-color":"var(--ast-global-color-5)","background-image":"","background-repeat":"repeat","background-position":"center center","background-size":"auto","background-attachment":"scroll","background-type":"","background-media":"","overlay-type":"","overlay-color":"","overlay-gradient":""},"mobile":{"background-color":"var(--ast-global-color-5)","background-image":"","background-repeat":"repeat","background-position":"center center","background-size":"auto","background-attachment":"scroll","background-type":"","background-media":"","overlay-type":"","overlay-color":"","overlay-gradient":""}},"footnotes":""},"uagb_featured_image_src":{"full":["https:\/\/ibomberdefensepacific.standardof.net\/wp-content\/uploads\/sites\/6\/2020\/10\/iBomber-Defense-Pacific-Campaign-Mission-12-Battle-of-Tenaru-5.jpg",1280,800,false],"thumbnail":["https:\/\/ibomberdefensepacific.standardof.net\/wp-content\/uploads\/sites\/6\/2020\/10\/iBomber-Defense-Pacific-Campaign-Mission-12-Battle-of-Tenaru-5-200x125.jpg",200,125,true],"medium":["https:\/\/ibomberdefensepacific.standardof.net\/wp-content\/uploads\/sites\/6\/2020\/10\/iBomber-Defense-Pacific-Campaign-Mission-12-Battle-of-Tenaru-5-512x320.jpg",512,320,true],"medium_large":["https:\/\/ibomberdefensepacific.standardof.net\/wp-content\/uploads\/sites\/6\/2020\/10\/iBomber-Defense-Pacific-Campaign-Mission-12-Battle-of-Tenaru-5-768x480.jpg",768,480,true],"large":["https:\/\/ibomberdefensepacific.standardof.net\/wp-content\/uploads\/sites\/6\/2020\/10\/iBomber-Defense-Pacific-Campaign-Mission-12-Battle-of-Tenaru-5-800x500.jpg",800,500,true],"1536x1536":["https:\/\/ibomberdefensepacific.standardof.net\/wp-content\/uploads\/sites\/6\/2020\/10\/iBomber-Defense-Pacific-Campaign-Mission-12-Battle-of-Tenaru-5.jpg",1280,800,false],"2048x2048":["https:\/\/ibomberdefensepacific.standardof.net\/wp-content\/uploads\/sites\/6\/2020\/10\/iBomber-Defense-Pacific-Campaign-Mission-12-Battle-of-Tenaru-5.jpg",1280,800,false],"trp-custom-language-flag":["https:\/\/ibomberdefensepacific.standardof.net\/wp-content\/uploads\/sites\/6\/2020\/10\/iBomber-Defense-Pacific-Campaign-Mission-12-Battle-of-Tenaru-5-16x10.jpg",16,10,true]},"uagb_author_info":{"display_name":"SOE","author_link":"https:\/\/ibomberdefensepacific.standardof.net\/de\/author\/k-tastic\/"},"uagb_comment_info":0,"uagb_excerpt":"Battle of Tenaru: Watchtower Protect your position in the Solomons against an unexpected counterattack. In Battle of Tenaru, you will be returning to the previous level of Alligator Creek, complete with the turrets you had leftover at the end of the mission, to fight another 15 waves of mixed ground and air. Your units will&hellip;","_links":{"self":[{"href":"https:\/\/ibomberdefensepacific.standardof.net\/de\/wp-json\/wp\/v2\/pages\/209"}],"collection":[{"href":"https:\/\/ibomberdefensepacific.standardof.net\/de\/wp-json\/wp\/v2\/pages"}],"about":[{"href":"https:\/\/ibomberdefensepacific.standardof.net\/de\/wp-json\/wp\/v2\/types\/page"}],"author":[{"embeddable":true,"href":"https:\/\/ibomberdefensepacific.standardof.net\/de\/wp-json\/wp\/v2\/users\/1"}],"replies":[{"embeddable":true,"href":"https:\/\/ibomberdefensepacific.standardof.net\/de\/wp-json\/wp\/v2\/comments?post=209"}],"version-history":[{"count":0,"href":"https:\/\/ibomberdefensepacific.standardof.net\/de\/wp-json\/wp\/v2\/pages\/209\/revisions"}],"up":[{"embeddable":true,"href":"https:\/\/ibomberdefensepacific.standardof.net\/de\/wp-json\/wp\/v2\/pages\/164"}],"wp:featuredmedia":[{"embeddable":true,"href":"https:\/\/ibomberdefensepacific.standardof.net\/de\/wp-json\/wp\/v2\/media\/90"}],"wp:attachment":[{"href":"https:\/\/ibomberdefensepacific.standardof.net\/de\/wp-json\/wp\/v2\/media?parent=209"}],"curies":[{"name":"wp","href":"https:\/\/api.w.org\/{rel}","templated":true}]}}