{"id":208,"date":"2020-10-21T13:33:41","date_gmt":"2020-10-21T13:33:41","guid":{"rendered":"https:\/\/ibomberdefensepacific.standardof.net\/?page_id=208"},"modified":"2020-10-21T17:21:42","modified_gmt":"2020-10-21T17:21:42","slug":"campaign-mission-11-santa-cruz-sea-attack","status":"publish","type":"page","link":"https:\/\/ibomberdefensepacific.standardof.net\/de\/guide\/kampagne-mission-11-santa-cruz-sea-angriff\/","title":{"rendered":"Kampagnenmission 11: Seeangriff \u201eSanta Cruz\u201c!"},"content":{"rendered":"<h2 class=\"wp-block-heading\">Santa Cruz: Seeangriff!<\/h2>\n\n\n\n<div class=\"wp-block-image\"><figure class=\"aligncenter size-large\"><img decoding=\"async\" width=\"800\" height=\"500\" src=\"https:\/\/ibomberdefensepacific.standardof.net\/wp-content\/uploads\/sites\/6\/2020\/10\/iBomber-Defense-Pacific-Campaign-Mission-11-Santa-Cruz-1-copy-800x500.jpg\" alt=\"&quot;iBomber Defense Pacific&quot; - Kampagnenmission 11 - &quot;Santa Cruz&quot; (1)\" class=\"wp-image-81\" srcset=\"https:\/\/ibomberdefensepacific.standardof.net\/wp-content\/uploads\/sites\/6\/2020\/10\/iBomber-Defense-Pacific-Campaign-Mission-11-Santa-Cruz-1-copy-800x500.jpg 800w, https:\/\/ibomberdefensepacific.standardof.net\/wp-content\/uploads\/sites\/6\/2020\/10\/iBomber-Defense-Pacific-Campaign-Mission-11-Santa-Cruz-1-copy-512x320.jpg 512w, https:\/\/ibomberdefensepacific.standardof.net\/wp-content\/uploads\/sites\/6\/2020\/10\/iBomber-Defense-Pacific-Campaign-Mission-11-Santa-Cruz-1-copy-200x125.jpg 200w, https:\/\/ibomberdefensepacific.standardof.net\/wp-content\/uploads\/sites\/6\/2020\/10\/iBomber-Defense-Pacific-Campaign-Mission-11-Santa-Cruz-1-copy-768x480.jpg 768w, https:\/\/ibomberdefensepacific.standardof.net\/wp-content\/uploads\/sites\/6\/2020\/10\/iBomber-Defense-Pacific-Campaign-Mission-11-Santa-Cruz-1-copy-16x10.jpg 16w, https:\/\/ibomberdefensepacific.standardof.net\/wp-content\/uploads\/sites\/6\/2020\/10\/iBomber-Defense-Pacific-Campaign-Mission-11-Santa-Cruz-1-copy.jpg 1280w\" sizes=\"(max-width: 800px) 100vw, 800px\" \/><figcaption>Die Wege der feindlichen Marinewelle in der Mission Santa Cruz von &quot;iBomber Defense Pacific&quot;.<\/figcaption><\/figure><\/div>\n\n\n\n<p><em>Brechen Sie die Pattsituation und erringen Sie einen entscheidenden Sieg. Halte deine Position in den Salomonen.<\/em><\/p>\n\n\n\n<p>In Santa Cruz verteidigen Sie Ihre Basis gegen 25 Wellen von nichts als Marineeinheiten, meistens gr\u00f6\u00dfere, gut gepanzerte, die aus der oberen Mitte und dem oberen rechten Teil der Karte kommen und zu Ihrer Basis auf der linken Seite gehen. Gute Schusspositionen in diesem Level sind begrenzt.<\/p>\n\n\n\n<p>In diesem Leitfaden erfahren Sie, wie Sie ein Full House erhalten, das eine perfekte Runde mit allen Medaillen und 20 Siegpunkten auf dem Santa Cruz-Level des <em>iBomber Defense Pacific<\/em> Kampagne, gespielt auf dem Schwierigkeitsgrad Veteran. Dar\u00fcber hinaus behandelt dieser Missionsleitfaden das sekund\u00e4re Ziel und das versteckte Ziel zusammen mit einem exemplarischen Video.<\/p>\n\n\n\t\t\t\t<div class=\"wp-block-uagb-table-of-contents uagb-toc__align-left uagb-toc__columns-1  uagb-block-5f36fb38\"\n\t\t\t\t\tdata-scroll= \"1\"\n\t\t\t\t\tdata-offset= \"30\"\n\t\t\t\t\tstyle=\"\"\n\t\t\t\t>\n\t\t\t\t<div class=\"uagb-toc__wrap\">\n\t\t\t\t\t\t<div class=\"uagb-toc__title\">\n\t\t\t\t\t\t\tExemplarische Vorgehensweise Navigation:\t\t\t\t\t\t<\/div>\n\t\t\t\t\t\t\t\t\t\t\t\t\t\t\t\t<div class=\"uagb-toc__list-wrap\">\n\t\t\t\t\t\t<ol class=\"uagb-toc__list\"><li class=\"uagb-toc__list\"><a href=\"#secondary-objective\" class=\"uagb-toc-link__trigger\">Sekund\u00e4res Ziel<\/a><li class=\"uagb-toc__list\"><a href=\"#perks-used-for-this-mission\" class=\"uagb-toc-link__trigger\">Vorteile f\u00fcr diese Mission:<\/a><li class=\"uagb-toc__list\"><a href=\"#hidden-target\" class=\"uagb-toc-link__trigger\">Verstecktes Ziel<\/a><li class=\"uagb-toc__list\"><a href=\"#turret-placement\" class=\"uagb-toc-link__trigger\">Revolverplatzierung<\/a><li class=\"uagb-toc__list\"><a href=\"#veteran-difficulty-video-guide\" class=\"uagb-toc-link__trigger\">Video-Leitfaden f\u00fcr Veteranenschwierigkeiten<\/a><li class=\"uagb-toc__list\"><a href=\"#sharp-shooter-achievement\" class=\"uagb-toc-link__trigger\">Sharp Shooter Leistung<\/a><\/ol>\t\t\t\t\t<\/div>\n\t\t\t\t\t\t\t\t\t<\/div>\n\t\t\t\t<\/div>\n\t\t\t\n\n\n<hr class=\"wp-block-separator is-style-wide\"\/>\n\n\n\n<h3 class=\"wp-block-heading\">Sekund\u00e4res Ziel<\/h3>\n\n\n\n<p><em>Der Schutz der Br\u00fccke ist f\u00fcr alliierte Operationen auf Santa Cruz unerl\u00e4sslich. Sch\u00fctzen Sie es um jeden Preis.<\/em><\/p>\n\n\n\n<p>Auf dieser Ebene befindet sich eine Holzbr\u00fccke, die die beiden Hauptgrundst\u00fccke verbindet. Es ist relativ anf\u00e4llig f\u00fcr feindliches Feuer und kann schnell zerst\u00f6rt werden. Es besteht jedoch aus mehreren Abschnitten, von denen nur einige gespeichert werden m\u00fcssen, um dieses Ziel zu erreichen. Erwarten Sie, die halbe Br\u00fccke zu verlieren, und versuchen Sie, nicht zu viel Stress zu verursachen.<\/p>\n\n\n\n<p><strong>Versorgungskisten:<\/strong> 7<\/p>\n\n\n\n<p><strong>Bisherige Siegpunkte:<\/strong> 200<\/p>\n\n\n\n<ul><li>Maschinengewehr Stufe 3<br>X2 Power vs Flamed Spezialisierung<\/li><li>Kanone Stufe 3<\/li><li>Bombe Stufe 3<\/li><li>Flamer Stufe 3<\/li><li>Kommunikationsstufe 3<\/li><li>Rakete Stufe 1<\/li><\/ul>\n\n\n\n<hr class=\"wp-block-separator is-style-wide\"\/>\n\n\n\n<h3 class=\"wp-block-heading\">Vorteile f\u00fcr diese Mission:<\/h3>\n\n\n\n<ul><li>Greenback II<\/li><li>Eisenr\u00fccken II<\/li><li>Sonderlieferung<\/li><\/ul>\n\n\n\n<p>Greenback, jetzt auf Rang zwei, und Special Delivery werden erheblich dazu beitragen, die Verteidigung zu st\u00e4rken und gleichzeitig die Br\u00fccke abzudecken. Ironback II ist aufgrund des betr\u00e4chtlichen Schadens, den der Feind in diesem Level verursacht, n\u00fctzlich und spart eine Menge Geld bei Reparaturen, die Ihre Verteidigung andernfalls m\u00f6glicherweise kurzschlie\u00dfen k\u00f6nnen.<\/p>\n\n\n\n<hr class=\"wp-block-separator is-style-wide\"\/>\n\n\n\n<h3 class=\"wp-block-heading\">Verstecktes Ziel<\/h3>\n\n\n\n<p>Das versteckte Ziel in Santa Cruz ist ziemlich leicht zu finden, da es auf dieser Karte au\u00dfer Ihrer Basis und der Br\u00fccke keine anderen Strukturen gibt, auf die Sie auf keinen Fall Bomben werfen sollten. Ich beobachte dich . . .<\/p>\n\n\n\n<p>Schauen Sie auf das \u00f6stliche, gr\u00f6\u00dfere St\u00fcck Festland, um ein Paar Holzkonstruktionen zu finden, die zwischen einigen B\u00e4umen versteckt sind, die nicht wirklich versteckt sind, wenn man bedenkt, dass sie von einem offenen Feld umgeben sind. Es ist schwer zu sagen, welche Struktur des Paares das eigentliche Ziel ist. Es ist jedoch leicht genug, beide mit einer Bombe zu treffen.<\/p>\n\n\n\n<div class=\"wp-block-image\"><figure class=\"aligncenter size-large\"><a href=\"https:\/\/ibomberdefensepacific.standardof.net\/de\/guide\/kampagne-mission-11-santa-cruz-sea-angriff\/ibomber-defense-pacific-campaign-mission-11-santa-cruz-2\/\"><img decoding=\"async\" width=\"340\" height=\"211\" src=\"https:\/\/ibomberdefensepacific.standardof.net\/wp-content\/uploads\/sites\/6\/2020\/10\/iBomber-Defense-Pacific-Campaign-Mission-11-Santa-Cruz-2.jpg\" alt=\"&quot;iBomber Defense Pacific&quot; - Kampagnenmission 11 - &quot;Santa Cruz&quot; (2)\" class=\"wp-image-82\" srcset=\"https:\/\/ibomberdefensepacific.standardof.net\/wp-content\/uploads\/sites\/6\/2020\/10\/iBomber-Defense-Pacific-Campaign-Mission-11-Santa-Cruz-2.jpg 340w, https:\/\/ibomberdefensepacific.standardof.net\/wp-content\/uploads\/sites\/6\/2020\/10\/iBomber-Defense-Pacific-Campaign-Mission-11-Santa-Cruz-2-200x124.jpg 200w, https:\/\/ibomberdefensepacific.standardof.net\/wp-content\/uploads\/sites\/6\/2020\/10\/iBomber-Defense-Pacific-Campaign-Mission-11-Santa-Cruz-2-16x10.jpg 16w\" sizes=\"(max-width: 340px) 100vw, 340px\" \/><\/a><figcaption>Das nicht so versteckte Ziel in Santa Cruz.<\/figcaption><\/figure><\/div>\n\n\n\n<hr class=\"wp-block-separator is-style-wide\"\/>\n\n\n\n<h3 class=\"wp-block-heading\">Revolverplatzierung<\/h3>\n\n\n\n<figure class=\"wp-block-gallery columns-2 is-cropped wp-block-gallery-1 is-layout-flex wp-block-gallery-is-layout-flex\"><ul class=\"blocks-gallery-grid\"><li class=\"blocks-gallery-item\"><figure><a href=\"https:\/\/ibomberdefensepacific.standardof.net\/de\/guide\/kampagne-mission-11-santa-cruz-sea-angriff\/ibomber-defense-pacific-campaign-mission-11-santa-cruz-3\/\"><img decoding=\"async\" width=\"800\" height=\"500\" src=\"https:\/\/ibomberdefensepacific.standardof.net\/wp-content\/uploads\/sites\/6\/2020\/10\/iBomber-Defense-Pacific-Campaign-Mission-11-Santa-Cruz-3-800x500.jpg\" alt=\"&quot;iBomber Defense Pacific&quot; - Kampagnenmission 11 - &quot;Santa Cruz&quot; (3)\" data-id=\"83\" data-full-url=\"https:\/\/ibomberdefensepacific.standardof.net\/wp-content\/uploads\/sites\/6\/2020\/10\/iBomber-Defense-Pacific-Campaign-Mission-11-Santa-Cruz-3.jpg\" data-link=\"https:\/\/ibomberdefensepacific.standardof.net\/guide\/campaign-mission-11-santa-cruz-sea-attack\/ibomber-defense-pacific-campaign-mission-11-santa-cruz-3\/\" class=\"wp-image-83\" srcset=\"https:\/\/ibomberdefensepacific.standardof.net\/wp-content\/uploads\/sites\/6\/2020\/10\/iBomber-Defense-Pacific-Campaign-Mission-11-Santa-Cruz-3-800x500.jpg 800w, https:\/\/ibomberdefensepacific.standardof.net\/wp-content\/uploads\/sites\/6\/2020\/10\/iBomber-Defense-Pacific-Campaign-Mission-11-Santa-Cruz-3-512x320.jpg 512w, https:\/\/ibomberdefensepacific.standardof.net\/wp-content\/uploads\/sites\/6\/2020\/10\/iBomber-Defense-Pacific-Campaign-Mission-11-Santa-Cruz-3-200x125.jpg 200w, https:\/\/ibomberdefensepacific.standardof.net\/wp-content\/uploads\/sites\/6\/2020\/10\/iBomber-Defense-Pacific-Campaign-Mission-11-Santa-Cruz-3-768x480.jpg 768w, https:\/\/ibomberdefensepacific.standardof.net\/wp-content\/uploads\/sites\/6\/2020\/10\/iBomber-Defense-Pacific-Campaign-Mission-11-Santa-Cruz-3-16x10.jpg 16w, https:\/\/ibomberdefensepacific.standardof.net\/wp-content\/uploads\/sites\/6\/2020\/10\/iBomber-Defense-Pacific-Campaign-Mission-11-Santa-Cruz-3.jpg 1280w\" sizes=\"(max-width: 800px) 100vw, 800px\" \/><\/a><figcaption class=\"blocks-gallery-item__caption\">Platzierung des Revolvers der Welle 8.<\/figcaption><\/figure><\/li><li class=\"blocks-gallery-item\"><figure><a href=\"https:\/\/ibomberdefensepacific.standardof.net\/de\/guide\/kampagne-mission-11-santa-cruz-sea-angriff\/ibomber-defense-pacific-campaign-mission-11-santa-cruz-4\/\"><img decoding=\"async\" width=\"800\" height=\"500\" src=\"https:\/\/ibomberdefensepacific.standardof.net\/wp-content\/uploads\/sites\/6\/2020\/10\/iBomber-Defense-Pacific-Campaign-Mission-11-Santa-Cruz-4-800x500.jpg\" alt=\"&quot;iBomber Defense Pacific&quot; - Kampagnenmission 11 - &quot;Santa Cruz&quot; (4)\" data-id=\"84\" data-full-url=\"https:\/\/ibomberdefensepacific.standardof.net\/wp-content\/uploads\/sites\/6\/2020\/10\/iBomber-Defense-Pacific-Campaign-Mission-11-Santa-Cruz-4.jpg\" data-link=\"https:\/\/ibomberdefensepacific.standardof.net\/guide\/campaign-mission-11-santa-cruz-sea-attack\/ibomber-defense-pacific-campaign-mission-11-santa-cruz-4\/\" class=\"wp-image-84\" srcset=\"https:\/\/ibomberdefensepacific.standardof.net\/wp-content\/uploads\/sites\/6\/2020\/10\/iBomber-Defense-Pacific-Campaign-Mission-11-Santa-Cruz-4-800x500.jpg 800w, https:\/\/ibomberdefensepacific.standardof.net\/wp-content\/uploads\/sites\/6\/2020\/10\/iBomber-Defense-Pacific-Campaign-Mission-11-Santa-Cruz-4-512x320.jpg 512w, https:\/\/ibomberdefensepacific.standardof.net\/wp-content\/uploads\/sites\/6\/2020\/10\/iBomber-Defense-Pacific-Campaign-Mission-11-Santa-Cruz-4-200x125.jpg 200w, https:\/\/ibomberdefensepacific.standardof.net\/wp-content\/uploads\/sites\/6\/2020\/10\/iBomber-Defense-Pacific-Campaign-Mission-11-Santa-Cruz-4-768x480.jpg 768w, https:\/\/ibomberdefensepacific.standardof.net\/wp-content\/uploads\/sites\/6\/2020\/10\/iBomber-Defense-Pacific-Campaign-Mission-11-Santa-Cruz-4-16x10.jpg 16w, https:\/\/ibomberdefensepacific.standardof.net\/wp-content\/uploads\/sites\/6\/2020\/10\/iBomber-Defense-Pacific-Campaign-Mission-11-Santa-Cruz-4.jpg 1280w\" sizes=\"(max-width: 800px) 100vw, 800px\" \/><\/a><figcaption class=\"blocks-gallery-item__caption\">Platzierung des Revolvers der Welle 18.<\/figcaption><\/figure><\/li><\/ul><\/figure>\n\n\n\n<p>Die Platzierung des Turms konzentriert sich darauf, auf der kleineren Insel, die sich in der N\u00e4he Ihrer Basis befindet, eine starke Kraftaus\u00fcbung zu zeigen. Ein Bombenrevolver wird fr\u00fchzeitig platziert, um mit der Arbeit \u00fcber den Kisten zu beginnen und gelegentlich Schleichangriffe auszuf\u00fchren. Platziere eine Flamme rechts von der Br\u00fccke, um Einheiten zu verlangsamen, die vom k\u00fcrzeren Pfad kommen, damit deine anderen T\u00fcrme mehr Zeit haben, sie abzuschie\u00dfen.<\/p>\n\n\n\n<p>Die Mittel sind begrenzt, sodass Sie die Mission mit nur einer Handvoll verbesserter T\u00fcrme beenden k\u00f6nnen. Platziere 3 Kanonen entlang des kleinen Teils des zusammengef\u00fchrten Pfades - das erste Paar auf der rechten Seite der kleinen Landmasse und das dritte auf der kleinen Insel -, damit die ersten beiden von einem Kommunikationsturm profitieren k\u00f6nnen, der den gr\u00f6\u00dften Teil davon zuerst verst\u00e4rkt Gruppe.<\/p>\n\n\n\n<p>Ein einzelner Maschinengewehr-Turm an der S\u00fcdseite der Br\u00fccke sch\u00fctzt Ihr sekund\u00e4res Ziel, w\u00e4hrend Sie auf Einheiten schie\u00dfen, die vom l\u00e4ngeren Pfad kommen. Wie oben erw\u00e4hnt, ist jedoch zu erwarten, dass die Br\u00fccke immer noch einiges an unvermeidbarem Schaden erleidet.<\/p>\n\n\n\n<figure class=\"wp-block-gallery aligncenter columns-1 is-cropped wp-block-gallery-2 is-layout-flex wp-block-gallery-is-layout-flex\"><ul class=\"blocks-gallery-grid\"><li class=\"blocks-gallery-item\"><figure><a href=\"https:\/\/ibomberdefensepacific.standardof.net\/de\/guide\/kampagne-mission-11-santa-cruz-sea-angriff\/ibomber-defense-pacific-campaign-mission-11-santa-cruz-5\/\"><img decoding=\"async\" width=\"800\" height=\"500\" src=\"https:\/\/ibomberdefensepacific.standardof.net\/wp-content\/uploads\/sites\/6\/2020\/10\/iBomber-Defense-Pacific-Campaign-Mission-11-Santa-Cruz-5-800x500.jpg\" alt=\"&quot;iBomber Defense Pacific&quot; - Kampagnenmission 11 - &quot;Santa Cruz&quot; (5)\" data-id=\"85\" data-full-url=\"https:\/\/ibomberdefensepacific.standardof.net\/wp-content\/uploads\/sites\/6\/2020\/10\/iBomber-Defense-Pacific-Campaign-Mission-11-Santa-Cruz-5.jpg\" data-link=\"https:\/\/ibomberdefensepacific.standardof.net\/guide\/campaign-mission-11-santa-cruz-sea-attack\/ibomber-defense-pacific-campaign-mission-11-santa-cruz-5\/\" class=\"wp-image-85\" srcset=\"https:\/\/ibomberdefensepacific.standardof.net\/wp-content\/uploads\/sites\/6\/2020\/10\/iBomber-Defense-Pacific-Campaign-Mission-11-Santa-Cruz-5-800x500.jpg 800w, https:\/\/ibomberdefensepacific.standardof.net\/wp-content\/uploads\/sites\/6\/2020\/10\/iBomber-Defense-Pacific-Campaign-Mission-11-Santa-Cruz-5-512x320.jpg 512w, https:\/\/ibomberdefensepacific.standardof.net\/wp-content\/uploads\/sites\/6\/2020\/10\/iBomber-Defense-Pacific-Campaign-Mission-11-Santa-Cruz-5-200x125.jpg 200w, https:\/\/ibomberdefensepacific.standardof.net\/wp-content\/uploads\/sites\/6\/2020\/10\/iBomber-Defense-Pacific-Campaign-Mission-11-Santa-Cruz-5-768x480.jpg 768w, https:\/\/ibomberdefensepacific.standardof.net\/wp-content\/uploads\/sites\/6\/2020\/10\/iBomber-Defense-Pacific-Campaign-Mission-11-Santa-Cruz-5-16x10.jpg 16w, https:\/\/ibomberdefensepacific.standardof.net\/wp-content\/uploads\/sites\/6\/2020\/10\/iBomber-Defense-Pacific-Campaign-Mission-11-Santa-Cruz-5.jpg 1280w\" sizes=\"(max-width: 800px) 100vw, 800px\" \/><\/a><figcaption class=\"blocks-gallery-item__caption\">Platzierung des Turmes der Welle 26 in Santa Cruz.<\/figcaption><\/figure><\/li><\/ul><\/figure>\n\n\n\n<hr class=\"wp-block-separator is-style-wide\"\/>\n\n\n\n<h3 class=\"has-text-align-center wp-block-heading\" id=\"4-veteran-difficulty-video-guide\">Video-Leitfaden f\u00fcr Veteranenschwierigkeiten<\/h3>\n\n\n\n<figure class=\"wp-block-embed-youtube wp-block-embed is-type-video is-provider-youtube wp-embed-aspect-4-3 wp-has-aspect-ratio\"><div class=\"wp-block-embed__wrapper\">\n<div class=\"ast-oembed-container\" style=\"height: 100%;\"><iframe title=\"Santa Cruz - M11 iBomber Defense Pacific - Veteran Full House Walkthrough\" width=\"500\" height=\"375\" src=\"https:\/\/www.youtube.com\/embed\/5Zxh4HjtIss?feature=oembed\" frameborder=\"0\" allow=\"accelerometer; autoplay; clipboard-write; encrypted-media; gyroscope; picture-in-picture; web-share\" referrerpolicy=\"strict-origin-when-cross-origin\" allowfullscreen><\/iframe><\/div>\n<\/div><\/figure>\n\n\n\n<hr class=\"wp-block-separator is-style-wide\"\/>\n\n\n\n<h3 class=\"wp-block-heading\">Sharp Shooter Leistung<\/h3>\n\n\n\n<p>Es gibt eine besondere Leistung in dieser Mission, Sharp Shooter, die Sie nur mit Maschinengewehrt\u00fcrmen erreichen k\u00f6nnen. Um dies zu sehen, \u00fcberpr\u00fcfen Sie die spezielle Videoanleitung unten.<\/p>\n\n\n\n<figure class=\"wp-block-embed-youtube wp-block-embed is-type-video is-provider-youtube wp-embed-aspect-16-9 wp-has-aspect-ratio\"><div class=\"wp-block-embed__wrapper\">\n<div class=\"ast-oembed-container\" style=\"height: 100%;\"><iframe title=\"Sharp Shooter Achievement Guide - iBomber Defense Pacific - Perfekter Walkthrough f\u00fcr Veteranen\" width=\"500\" height=\"281\" src=\"https:\/\/www.youtube.com\/embed\/vhOP6VQCwg8?feature=oembed\" frameborder=\"0\" allow=\"accelerometer; autoplay; clipboard-write; encrypted-media; gyroscope; picture-in-picture; web-share\" referrerpolicy=\"strict-origin-when-cross-origin\" allowfullscreen><\/iframe><\/div>\n<\/div><\/figure>","protected":false},"excerpt":{"rendered":"<p>Santa Cruz: Sea Attack! Break the stalemate and gain a decisive victory. Hold your position in the Solomons. In Santa Cruz, you will be defending your base against 25 waves of nothing but naval units, mostly larger well-armored ones, coming from the top center and top right portions of the map and heading to your [&hellip;]<\/p>","protected":false},"author":1,"featured_media":85,"parent":164,"menu_order":11,"comment_status":"open","ping_status":"closed","template":"","meta":{"_uag_custom_page_level_css":"","site-sidebar-layout":"default","site-content-layout":"default","ast-site-content-layout":"","site-content-style":"default","site-sidebar-style":"default","ast-global-header-display":"","ast-banner-title-visibility":"","ast-main-header-display":"","ast-hfb-above-header-display":"","ast-hfb-below-header-display":"","ast-hfb-mobile-header-display":"","site-post-title":"","ast-breadcrumbs-content":"","ast-featured-img":"","footer-sml-layout":"","theme-transparent-header-meta":"default","adv-header-id-meta":"","stick-header-meta":"","header-above-stick-meta":"","header-main-stick-meta":"","header-below-stick-meta":"","astra-migrate-meta-layouts":"default","ast-page-background-enabled":"default","ast-page-background-meta":{"desktop":{"background-color":"","background-image":"","background-repeat":"repeat","background-position":"center center","background-size":"auto","background-attachment":"scroll","background-type":"","background-media":"","overlay-type":"","overlay-color":"","overlay-gradient":""},"tablet":{"background-color":"","background-image":"","background-repeat":"repeat","background-position":"center center","background-size":"auto","background-attachment":"scroll","background-type":"","background-media":"","overlay-type":"","overlay-color":"","overlay-gradient":""},"mobile":{"background-color":"","background-image":"","background-repeat":"repeat","background-position":"center center","background-size":"auto","background-attachment":"scroll","background-type":"","background-media":"","overlay-type":"","overlay-color":"","overlay-gradient":""}},"ast-content-background-meta":{"desktop":{"background-color":"var(--ast-global-color-5)","background-image":"","background-repeat":"repeat","background-position":"center center","background-size":"auto","background-attachment":"scroll","background-type":"","background-media":"","overlay-type":"","overlay-color":"","overlay-gradient":""},"tablet":{"background-color":"var(--ast-global-color-5)","background-image":"","background-repeat":"repeat","background-position":"center center","background-size":"auto","background-attachment":"scroll","background-type":"","background-media":"","overlay-type":"","overlay-color":"","overlay-gradient":""},"mobile":{"background-color":"var(--ast-global-color-5)","background-image":"","background-repeat":"repeat","background-position":"center center","background-size":"auto","background-attachment":"scroll","background-type":"","background-media":"","overlay-type":"","overlay-color":"","overlay-gradient":""}},"footnotes":""},"uagb_featured_image_src":{"full":["https:\/\/ibomberdefensepacific.standardof.net\/wp-content\/uploads\/sites\/6\/2020\/10\/iBomber-Defense-Pacific-Campaign-Mission-11-Santa-Cruz-5.jpg",1280,800,false],"thumbnail":["https:\/\/ibomberdefensepacific.standardof.net\/wp-content\/uploads\/sites\/6\/2020\/10\/iBomber-Defense-Pacific-Campaign-Mission-11-Santa-Cruz-5-200x125.jpg",200,125,true],"medium":["https:\/\/ibomberdefensepacific.standardof.net\/wp-content\/uploads\/sites\/6\/2020\/10\/iBomber-Defense-Pacific-Campaign-Mission-11-Santa-Cruz-5-512x320.jpg",512,320,true],"medium_large":["https:\/\/ibomberdefensepacific.standardof.net\/wp-content\/uploads\/sites\/6\/2020\/10\/iBomber-Defense-Pacific-Campaign-Mission-11-Santa-Cruz-5-768x480.jpg",768,480,true],"large":["https:\/\/ibomberdefensepacific.standardof.net\/wp-content\/uploads\/sites\/6\/2020\/10\/iBomber-Defense-Pacific-Campaign-Mission-11-Santa-Cruz-5-800x500.jpg",800,500,true],"1536x1536":["https:\/\/ibomberdefensepacific.standardof.net\/wp-content\/uploads\/sites\/6\/2020\/10\/iBomber-Defense-Pacific-Campaign-Mission-11-Santa-Cruz-5.jpg",1280,800,false],"2048x2048":["https:\/\/ibomberdefensepacific.standardof.net\/wp-content\/uploads\/sites\/6\/2020\/10\/iBomber-Defense-Pacific-Campaign-Mission-11-Santa-Cruz-5.jpg",1280,800,false],"trp-custom-language-flag":["https:\/\/ibomberdefensepacific.standardof.net\/wp-content\/uploads\/sites\/6\/2020\/10\/iBomber-Defense-Pacific-Campaign-Mission-11-Santa-Cruz-5-16x10.jpg",16,10,true]},"uagb_author_info":{"display_name":"SOE","author_link":"https:\/\/ibomberdefensepacific.standardof.net\/de\/author\/k-tastic\/"},"uagb_comment_info":0,"uagb_excerpt":"Santa Cruz: Sea Attack! Break the stalemate and gain a decisive victory. Hold your position in the Solomons. In Santa Cruz, you will be defending your base against 25 waves of nothing but naval units, mostly larger well-armored ones, coming from the top center and top right portions of the map and heading to your&hellip;","_links":{"self":[{"href":"https:\/\/ibomberdefensepacific.standardof.net\/de\/wp-json\/wp\/v2\/pages\/208"}],"collection":[{"href":"https:\/\/ibomberdefensepacific.standardof.net\/de\/wp-json\/wp\/v2\/pages"}],"about":[{"href":"https:\/\/ibomberdefensepacific.standardof.net\/de\/wp-json\/wp\/v2\/types\/page"}],"author":[{"embeddable":true,"href":"https:\/\/ibomberdefensepacific.standardof.net\/de\/wp-json\/wp\/v2\/users\/1"}],"replies":[{"embeddable":true,"href":"https:\/\/ibomberdefensepacific.standardof.net\/de\/wp-json\/wp\/v2\/comments?post=208"}],"version-history":[{"count":0,"href":"https:\/\/ibomberdefensepacific.standardof.net\/de\/wp-json\/wp\/v2\/pages\/208\/revisions"}],"up":[{"embeddable":true,"href":"https:\/\/ibomberdefensepacific.standardof.net\/de\/wp-json\/wp\/v2\/pages\/164"}],"wp:featuredmedia":[{"embeddable":true,"href":"https:\/\/ibomberdefensepacific.standardof.net\/de\/wp-json\/wp\/v2\/media\/85"}],"wp:attachment":[{"href":"https:\/\/ibomberdefensepacific.standardof.net\/de\/wp-json\/wp\/v2\/media?parent=208"}],"curies":[{"name":"wp","href":"https:\/\/api.w.org\/{rel}","templated":true}]}}