{"id":207,"date":"2020-10-21T13:33:25","date_gmt":"2020-10-21T13:33:25","guid":{"rendered":"https:\/\/ibomberdefensepacific.standardof.net\/?page_id=207"},"modified":"2020-10-21T17:21:25","modified_gmt":"2020-10-21T17:21:25","slug":"campaign-mission-10-alligator-creek-watchtower","status":"publish","type":"page","link":"https:\/\/ibomberdefensepacific.standardof.net\/de\/guide\/kampagne-mission-10-alligator-creek-wachturm\/","title":{"rendered":"Kampagnenmission 10: Wachtturm \u201eAlligator Creek\u201c"},"content":{"rendered":"<h2 class=\"wp-block-heading\">Alligator Creek: Wachtturm<\/h2>\n\n\n\n<div class=\"wp-block-image\"><figure class=\"aligncenter size-large\"><a href=\"https:\/\/ibomberdefensepacific.standardof.net\/de\/guide\/kampagne-mission-10-alligator-creek-wachturm\/ibomber-defense-pacific-campaign-mission-10-alligator-creek-1-copy\/\"><img decoding=\"async\" width=\"800\" height=\"500\" src=\"https:\/\/ibomberdefensepacific.standardof.net\/wp-content\/uploads\/sites\/6\/2020\/10\/iBomber-Defense-Pacific-Campaign-Mission-10-Alligator-Creek-1-copy-800x500.jpg\" alt=\"&quot;iBomber Defense Pacific&quot; - Kampagnenmission 10 - &quot;Alligator Creek&quot; (1)\" class=\"wp-image-76\" srcset=\"https:\/\/ibomberdefensepacific.standardof.net\/wp-content\/uploads\/sites\/6\/2020\/10\/iBomber-Defense-Pacific-Campaign-Mission-10-Alligator-Creek-1-copy-800x500.jpg 800w, https:\/\/ibomberdefensepacific.standardof.net\/wp-content\/uploads\/sites\/6\/2020\/10\/iBomber-Defense-Pacific-Campaign-Mission-10-Alligator-Creek-1-copy-512x320.jpg 512w, https:\/\/ibomberdefensepacific.standardof.net\/wp-content\/uploads\/sites\/6\/2020\/10\/iBomber-Defense-Pacific-Campaign-Mission-10-Alligator-Creek-1-copy-200x125.jpg 200w, https:\/\/ibomberdefensepacific.standardof.net\/wp-content\/uploads\/sites\/6\/2020\/10\/iBomber-Defense-Pacific-Campaign-Mission-10-Alligator-Creek-1-copy-768x480.jpg 768w, https:\/\/ibomberdefensepacific.standardof.net\/wp-content\/uploads\/sites\/6\/2020\/10\/iBomber-Defense-Pacific-Campaign-Mission-10-Alligator-Creek-1-copy-16x10.jpg 16w, https:\/\/ibomberdefensepacific.standardof.net\/wp-content\/uploads\/sites\/6\/2020\/10\/iBomber-Defense-Pacific-Campaign-Mission-10-Alligator-Creek-1-copy.jpg 1280w\" sizes=\"(max-width: 800px) 100vw, 800px\" \/><\/a><figcaption>Die beiden Pfade der feindlichen Wellen in Alligator Creek, die das W bilden, wenn sie zur Basis konvergieren.<\/figcaption><\/figure><\/div>\n\n\n\n<p><em>Sch\u00fctzen Sie die Versorgungswege zwischen den USA, Australien und Neuseeland, indem Sie eine Position in den Salomonen halten.<\/em><\/p>\n\n\n\n<p>In Alligator Creek sch\u00fctzen Sie Ihre Basis am oberen zentralen Pfad vor zwei Bodenpfaden, die sich in Form eines W von beiden Seiten kr\u00fcmmen. Die Verteidigung konzentriert sich auf den Konvergenzpunkt, und Sie m\u00f6chten einen Korridor erstellen des Todes, der effektiv funktioniert, egal aus welcher Richtung der Feind kommt.<\/p>\n\n\n\n<p>Dies ist eine wichtige fr\u00fche Mission, um Lehren daraus zu ziehen, wie Sie Ihre T\u00fcrme in die kosteng\u00fcnstigsten Positionen bringen k\u00f6nnen. Die meisten Revolver-Verteidigungsspiele drehen sich stark um die Verwaltung eines festen Einkommens, das von den Feinden bestimmt wird, die auf jeder Karte erscheinen. Ebenso werden die Gesundheit angreifender Feinde und der potenzielle Schaden der T\u00fcrme, die Sie verwenden k\u00f6nnen, stark berechnet, um sicherzustellen, dass die \u201eL\u00f6sung\u201c der zugrunde liegenden mathematischen Probleme eine Herausforderung darstellt.<\/p>\n\n\n\n<p>In diesem Leitfaden erfahren Sie, wie Sie ein Full House erhalten, das eine perfekte Runde mit allen Medaillen und 20 Siegpunkten auf der Alligator Creek-Ebene des <em>iBomber Defense Pacific<\/em> Kampagne, gespielt auf dem Schwierigkeitsgrad Veteran. Dar\u00fcber hinaus behandelt dieser Missionsleitfaden das sekund\u00e4re Ziel und das versteckte Ziel zusammen mit einem exemplarischen Video.<\/p>\n\n\n\t\t\t\t<div class=\"wp-block-uagb-table-of-contents uagb-toc__align-left uagb-toc__columns-1  uagb-block-c5ea399f\"\n\t\t\t\t\tdata-scroll= \"1\"\n\t\t\t\t\tdata-offset= \"30\"\n\t\t\t\t\tstyle=\"\"\n\t\t\t\t>\n\t\t\t\t<div class=\"uagb-toc__wrap\">\n\t\t\t\t\t\t<div class=\"uagb-toc__title\">\n\t\t\t\t\t\t\tExemplarische Vorgehensweise Navigation:\t\t\t\t\t\t<\/div>\n\t\t\t\t\t\t\t\t\t\t\t\t\t\t\t\t<div class=\"uagb-toc__list-wrap\">\n\t\t\t\t\t\t<ol class=\"uagb-toc__list\"><li class=\"uagb-toc__list\"><a href=\"#secondary-objective\" class=\"uagb-toc-link__trigger\">Sekund\u00e4res Ziel<\/a><li class=\"uagb-toc__list\"><a href=\"#perks-used-for-this-mission\" class=\"uagb-toc-link__trigger\">Vorteile f\u00fcr diese Mission:<\/a><li class=\"uagb-toc__list\"><a href=\"#hidden-target\" class=\"uagb-toc-link__trigger\">Verstecktes Ziel<\/a><li class=\"uagb-toc__list\"><a href=\"#turret-placement\" class=\"uagb-toc-link__trigger\">Revolverplatzierung<\/a><li class=\"uagb-toc__list\"><a href=\"#veteran-difficulty-video-guide\" class=\"uagb-toc-link__trigger\">Video-Leitfaden f\u00fcr Veteranenschwierigkeiten<\/a><\/ol>\t\t\t\t\t<\/div>\n\t\t\t\t\t\t\t\t\t<\/div>\n\t\t\t\t<\/div>\n\t\t\t\n\n\n<hr class=\"wp-block-separator is-style-wide\"\/>\n\n\n\n<h3 class=\"wp-block-heading\">Sekund\u00e4res Ziel<\/h3>\n\n\n\n<p><em>Besch\u00fctze dein Lager.<\/em><\/p>\n\n\n\n<p>Es gibt eine Reihe von Geb\u00e4uden im offenen Grasland zwischen Ihrer Basis und dem Konvergenzpunkt, die w\u00e4hrend der gesamten Mission gesch\u00fctzt werden m\u00fcssen. Neben Ihrem internen Korridor, der die inneren Strukturen sch\u00fctzt, dienen zwei MG-T\u00fcrme auf beiden Seiten dieser Strukturen als wirksame Schutzschilde. (Einzelheiten zur Platzierung finden Sie in den Bildern unten.)<\/p>\n\n\n\n<p><strong>Versorgungskisten:<\/strong> 6<\/p>\n\n\n\n<p><strong>Bisherige Siegpunkte:<\/strong> 180 (20 nicht ausgegeben)<\/p>\n\n\n\n<ul><li>Maschinengewehr Stufe 3<br><sup>X2 Power vs Flamed Spezialisierung<\/sup><\/li><li>Kanone Stufe 3<\/li><li>Bombe Stufe 2<\/li><li>Flamer Stufe 3<\/li><li>Kommunikationsstufe 3<\/li><\/ul>\n\n\n\n<hr class=\"wp-block-separator is-style-wide\"\/>\n\n\n\n<h3 class=\"wp-block-heading\">Vorteile f\u00fcr diese Mission:<\/h3>\n\n\n\n<ul><li>Greenback II<\/li><li>Adlerauge I.<\/li><li>Sonderlieferung<\/li><\/ul>\n\n\n\n<p>Zu Beginn des Spiels sind unsere Bonusoptionen noch begrenzt, aber das zus\u00e4tzliche Geld und die besseren T\u00fcrme, die Sie sich dank Greenback leisten k\u00f6nnen, sind fast nie eine schlechte Option. Der Bombardier-Bonus bleibt zu Beginn des Spiels im Staub, wenn Vorteile wie Eagle Eye verf\u00fcgbar werden. Dies ist entscheidend, um Schaden zu verursachen, sobald sich ein Feind in Reichweite befindet, dank des schnelleren Zielbonus.<\/p>\n\n\n\n<hr class=\"wp-block-separator is-style-wide\"\/>\n\n\n\n<h3 class=\"wp-block-heading\">Verstecktes Ziel<\/h3>\n\n\n\n<p>Das versteckte Ziel ist eine weitere kleine H\u00fctte in diesem Level. Es ist auf der rechten Seite der Karte am Waldrand versteckt, w\u00e4hrend sich der rechte feindliche Wellenweg kr\u00fcmmt.<\/p>\n\n\n\n<div class=\"wp-block-image\"><figure class=\"aligncenter size-large\"><a href=\"https:\/\/ibomberdefensepacific.standardof.net\/de\/guide\/kampagne-mission-10-alligator-creek-wachturm\/ibomber-defense-pacific-campaign-mission-10-alligator-creek-2\/\"><img decoding=\"async\" width=\"255\" height=\"193\" src=\"https:\/\/ibomberdefensepacific.standardof.net\/wp-content\/uploads\/sites\/6\/2020\/10\/iBomber-Defense-Pacific-Campaign-Mission-10-Alligator-Creek-2.jpg\" alt=\"&quot;iBomber Defense Pacific&quot; - Kampagnenmission 10 - &quot;Alligator Creek&quot; (2)\" class=\"wp-image-77\" srcset=\"https:\/\/ibomberdefensepacific.standardof.net\/wp-content\/uploads\/sites\/6\/2020\/10\/iBomber-Defense-Pacific-Campaign-Mission-10-Alligator-Creek-2.jpg 255w, https:\/\/ibomberdefensepacific.standardof.net\/wp-content\/uploads\/sites\/6\/2020\/10\/iBomber-Defense-Pacific-Campaign-Mission-10-Alligator-Creek-2-200x151.jpg 200w, https:\/\/ibomberdefensepacific.standardof.net\/wp-content\/uploads\/sites\/6\/2020\/10\/iBomber-Defense-Pacific-Campaign-Mission-10-Alligator-Creek-2-16x12.jpg 16w\" sizes=\"(max-width: 255px) 100vw, 255px\" \/><\/a><figcaption>Die kleine H\u00fctte versteckte Ziel.<\/figcaption><\/figure><\/div>\n\n\n\n<hr class=\"wp-block-separator is-style-wide\"\/>\n\n\n\n<h3 class=\"wp-block-heading\">Revolverplatzierung<\/h3>\n\n\n\n<figure class=\"wp-block-gallery columns-2 is-cropped wp-block-gallery-1 is-layout-flex wp-block-gallery-is-layout-flex\"><ul class=\"blocks-gallery-grid\"><li class=\"blocks-gallery-item\"><figure><a href=\"https:\/\/ibomberdefensepacific.standardof.net\/de\/guide\/kampagne-mission-10-alligator-creek-wachturm\/ibomber-defense-pacific-campaign-mission-10-alligator-creek-3\/\"><img decoding=\"async\" width=\"800\" height=\"500\" src=\"https:\/\/ibomberdefensepacific.standardof.net\/wp-content\/uploads\/sites\/6\/2020\/10\/iBomber-Defense-Pacific-Campaign-Mission-10-Alligator-Creek-3-800x500.jpg\" alt=\"&quot;iBomber Defense Pacific&quot; - Kampagnenmission 10 - &quot;Alligator Creek&quot; (3)\" data-id=\"78\" data-full-url=\"https:\/\/ibomberdefensepacific.standardof.net\/wp-content\/uploads\/sites\/6\/2020\/10\/iBomber-Defense-Pacific-Campaign-Mission-10-Alligator-Creek-3.jpg\" data-link=\"https:\/\/ibomberdefensepacific.standardof.net\/guide\/campaign-mission-10-alligator-creek-watchtower\/ibomber-defense-pacific-campaign-mission-10-alligator-creek-3\/\" class=\"wp-image-78\" srcset=\"https:\/\/ibomberdefensepacific.standardof.net\/wp-content\/uploads\/sites\/6\/2020\/10\/iBomber-Defense-Pacific-Campaign-Mission-10-Alligator-Creek-3-800x500.jpg 800w, https:\/\/ibomberdefensepacific.standardof.net\/wp-content\/uploads\/sites\/6\/2020\/10\/iBomber-Defense-Pacific-Campaign-Mission-10-Alligator-Creek-3-512x320.jpg 512w, https:\/\/ibomberdefensepacific.standardof.net\/wp-content\/uploads\/sites\/6\/2020\/10\/iBomber-Defense-Pacific-Campaign-Mission-10-Alligator-Creek-3-200x125.jpg 200w, https:\/\/ibomberdefensepacific.standardof.net\/wp-content\/uploads\/sites\/6\/2020\/10\/iBomber-Defense-Pacific-Campaign-Mission-10-Alligator-Creek-3-768x480.jpg 768w, https:\/\/ibomberdefensepacific.standardof.net\/wp-content\/uploads\/sites\/6\/2020\/10\/iBomber-Defense-Pacific-Campaign-Mission-10-Alligator-Creek-3-16x10.jpg 16w, https:\/\/ibomberdefensepacific.standardof.net\/wp-content\/uploads\/sites\/6\/2020\/10\/iBomber-Defense-Pacific-Campaign-Mission-10-Alligator-Creek-3.jpg 1280w\" sizes=\"(max-width: 800px) 100vw, 800px\" \/><\/a><figcaption class=\"blocks-gallery-item__caption\">Platzierung des Turmes der Welle 8 in Alligator Creek.<\/figcaption><\/figure><\/li><li class=\"blocks-gallery-item\"><figure><a href=\"https:\/\/ibomberdefensepacific.standardof.net\/de\/guide\/kampagne-mission-10-alligator-creek-wachturm\/ibomber-defense-pacific-campaign-mission-10-alligator-creek-4\/\"><img decoding=\"async\" width=\"800\" height=\"500\" src=\"https:\/\/ibomberdefensepacific.standardof.net\/wp-content\/uploads\/sites\/6\/2020\/10\/iBomber-Defense-Pacific-Campaign-Mission-10-Alligator-Creek-4-800x500.jpg\" alt=\"&quot;iBomber Defense Pacific&quot; - Kampagnenmission 10 - &quot;Alligator Creek&quot; (4)\" data-id=\"79\" data-full-url=\"https:\/\/ibomberdefensepacific.standardof.net\/wp-content\/uploads\/sites\/6\/2020\/10\/iBomber-Defense-Pacific-Campaign-Mission-10-Alligator-Creek-4.jpg\" data-link=\"https:\/\/ibomberdefensepacific.standardof.net\/guide\/campaign-mission-10-alligator-creek-watchtower\/ibomber-defense-pacific-campaign-mission-10-alligator-creek-4\/\" class=\"wp-image-79\" srcset=\"https:\/\/ibomberdefensepacific.standardof.net\/wp-content\/uploads\/sites\/6\/2020\/10\/iBomber-Defense-Pacific-Campaign-Mission-10-Alligator-Creek-4-800x500.jpg 800w, https:\/\/ibomberdefensepacific.standardof.net\/wp-content\/uploads\/sites\/6\/2020\/10\/iBomber-Defense-Pacific-Campaign-Mission-10-Alligator-Creek-4-512x320.jpg 512w, https:\/\/ibomberdefensepacific.standardof.net\/wp-content\/uploads\/sites\/6\/2020\/10\/iBomber-Defense-Pacific-Campaign-Mission-10-Alligator-Creek-4-200x125.jpg 200w, https:\/\/ibomberdefensepacific.standardof.net\/wp-content\/uploads\/sites\/6\/2020\/10\/iBomber-Defense-Pacific-Campaign-Mission-10-Alligator-Creek-4-768x480.jpg 768w, https:\/\/ibomberdefensepacific.standardof.net\/wp-content\/uploads\/sites\/6\/2020\/10\/iBomber-Defense-Pacific-Campaign-Mission-10-Alligator-Creek-4-16x10.jpg 16w, https:\/\/ibomberdefensepacific.standardof.net\/wp-content\/uploads\/sites\/6\/2020\/10\/iBomber-Defense-Pacific-Campaign-Mission-10-Alligator-Creek-4.jpg 1280w\" sizes=\"(max-width: 800px) 100vw, 800px\" \/><\/a><figcaption class=\"blocks-gallery-item__caption\">Platzierung des Revolvers der Welle 16.<\/figcaption><\/figure><\/li><\/ul><\/figure>\n\n\n\n<p>Wie oben erw\u00e4hnt, konzentriert sich die Turmplatzierung auf einen Korridor des Todes entlang der beiden Linien auf beiden Seiten des konvergierten Pfades sowie auf das kleine St\u00fcck Land s\u00fcdlich des Treffpunkts der beiden Hauptpfade in dieser Karte. Eine Sache, die Sie beachten sollten, ist, dass es sp\u00e4ter zu einem Gegenangriff auf dieser Ebene kommt. Sie sollten daher vermeiden, die oberen drei Stellen auf beiden Seiten des konvergierten Pfades direkt neben Ihrer Basis einzubauen, mit Ausnahme des einen oder anderen Bombenturms. (Die Gr\u00fcnde daf\u00fcr werden im Leitfaden dieser Mission behandelt.)<\/p>\n\n\n\n<p>Bauen Sie nicht nur ein Paar Maschinengewehre, eines vor der Konvergenz auf beiden Seiten der Innenseite des W (damit sie die Basis f\u00fcr Ihr sekund\u00e4res Ziel sch\u00fctzen), sondern bauen Sie MGs, Kanonen und ein paar Raketenwerfer um diesen zentralen Pfad. Platziere einen einzelnen Flammenturm an der Ecke des Treffpunkts, um dir eine gro\u00dfartige T\u00f6tungszone zu verschaffen. Stellen Sie sicher, dass Sie die Kommunikationsunterst\u00fctzung mit einer m\u00f6glichst starken Abdeckung hinzuf\u00fcgen, und Sie werden es gut machen.<\/p>\n\n\n\n<div class=\"wp-block-image\"><figure class=\"aligncenter size-large\"><a href=\"https:\/\/ibomberdefensepacific.standardof.net\/de\/guide\/kampagne-mission-10-alligator-creek-wachturm\/ibomber-defense-pacific-campaign-mission-10-alligator-creek-5\/\"><img decoding=\"async\" width=\"800\" height=\"500\" src=\"https:\/\/ibomberdefensepacific.standardof.net\/wp-content\/uploads\/sites\/6\/2020\/10\/iBomber-Defense-Pacific-Campaign-Mission-10-Alligator-Creek-5-800x500.jpg\" alt=\"&quot;iBomber Defense Pacific&quot; - Kampagnenmission 10 - &quot;Alligator Creek&quot; (5)\" class=\"wp-image-80\" srcset=\"https:\/\/ibomberdefensepacific.standardof.net\/wp-content\/uploads\/sites\/6\/2020\/10\/iBomber-Defense-Pacific-Campaign-Mission-10-Alligator-Creek-5-800x500.jpg 800w, https:\/\/ibomberdefensepacific.standardof.net\/wp-content\/uploads\/sites\/6\/2020\/10\/iBomber-Defense-Pacific-Campaign-Mission-10-Alligator-Creek-5-512x320.jpg 512w, https:\/\/ibomberdefensepacific.standardof.net\/wp-content\/uploads\/sites\/6\/2020\/10\/iBomber-Defense-Pacific-Campaign-Mission-10-Alligator-Creek-5-200x125.jpg 200w, https:\/\/ibomberdefensepacific.standardof.net\/wp-content\/uploads\/sites\/6\/2020\/10\/iBomber-Defense-Pacific-Campaign-Mission-10-Alligator-Creek-5-768x480.jpg 768w, https:\/\/ibomberdefensepacific.standardof.net\/wp-content\/uploads\/sites\/6\/2020\/10\/iBomber-Defense-Pacific-Campaign-Mission-10-Alligator-Creek-5-16x10.jpg 16w, https:\/\/ibomberdefensepacific.standardof.net\/wp-content\/uploads\/sites\/6\/2020\/10\/iBomber-Defense-Pacific-Campaign-Mission-10-Alligator-Creek-5.jpg 1280w\" sizes=\"(max-width: 800px) 100vw, 800px\" \/><\/a><figcaption>Platzierung des Revolvers der Welle 24.<\/figcaption><\/figure><\/div>\n\n\n\n<hr class=\"wp-block-separator is-style-wide\"\/>\n\n\n\n<h3 class=\"has-text-align-center wp-block-heading\" id=\"4-veteran-difficulty-video-guide\">Video-Leitfaden f\u00fcr Veteranenschwierigkeiten<\/h3>\n\n\n\n<figure class=\"wp-block-embed-youtube wp-block-embed is-type-video is-provider-youtube wp-embed-aspect-16-9 wp-has-aspect-ratio\"><div class=\"wp-block-embed__wrapper\">\n<div class=\"ast-oembed-container\" style=\"height: 100%;\"><iframe title=\"Alligator Creek - M10 iBomber Verteidigung Pazifik - Veteran Full House Walkthrough\" width=\"500\" height=\"375\" src=\"https:\/\/www.youtube.com\/embed\/1GWjWMY_Mo4?feature=oembed\" frameborder=\"0\" allow=\"accelerometer; autoplay; clipboard-write; encrypted-media; gyroscope; picture-in-picture; web-share\" referrerpolicy=\"strict-origin-when-cross-origin\" allowfullscreen><\/iframe><\/div>\n<\/div><\/figure>","protected":false},"excerpt":{"rendered":"<p>Alligator Creek: Watchtower Protect supply routes between the U.S., Australia and New Zealand by holding position in the Solomons. In Alligator Creek, you will be protecting your base at the top central path from a pair of ground paths that curve from either side in the shape of a W. Defense will focus on the [&hellip;]<\/p>","protected":false},"author":1,"featured_media":80,"parent":164,"menu_order":10,"comment_status":"open","ping_status":"closed","template":"","meta":{"_uag_custom_page_level_css":"","site-sidebar-layout":"default","site-content-layout":"default","ast-site-content-layout":"","site-content-style":"default","site-sidebar-style":"default","ast-global-header-display":"","ast-banner-title-visibility":"","ast-main-header-display":"","ast-hfb-above-header-display":"","ast-hfb-below-header-display":"","ast-hfb-mobile-header-display":"","site-post-title":"","ast-breadcrumbs-content":"","ast-featured-img":"","footer-sml-layout":"","theme-transparent-header-meta":"default","adv-header-id-meta":"","stick-header-meta":"","header-above-stick-meta":"","header-main-stick-meta":"","header-below-stick-meta":"","astra-migrate-meta-layouts":"default","ast-page-background-enabled":"default","ast-page-background-meta":{"desktop":{"background-color":"","background-image":"","background-repeat":"repeat","background-position":"center center","background-size":"auto","background-attachment":"scroll","background-type":"","background-media":"","overlay-type":"","overlay-color":"","overlay-gradient":""},"tablet":{"background-color":"","background-image":"","background-repeat":"repeat","background-position":"center center","background-size":"auto","background-attachment":"scroll","background-type":"","background-media":"","overlay-type":"","overlay-color":"","overlay-gradient":""},"mobile":{"background-color":"","background-image":"","background-repeat":"repeat","background-position":"center center","background-size":"auto","background-attachment":"scroll","background-type":"","background-media":"","overlay-type":"","overlay-color":"","overlay-gradient":""}},"ast-content-background-meta":{"desktop":{"background-color":"var(--ast-global-color-5)","background-image":"","background-repeat":"repeat","background-position":"center center","background-size":"auto","background-attachment":"scroll","background-type":"","background-media":"","overlay-type":"","overlay-color":"","overlay-gradient":""},"tablet":{"background-color":"var(--ast-global-color-5)","background-image":"","background-repeat":"repeat","background-position":"center center","background-size":"auto","background-attachment":"scroll","background-type":"","background-media":"","overlay-type":"","overlay-color":"","overlay-gradient":""},"mobile":{"background-color":"var(--ast-global-color-5)","background-image":"","background-repeat":"repeat","background-position":"center center","background-size":"auto","background-attachment":"scroll","background-type":"","background-media":"","overlay-type":"","overlay-color":"","overlay-gradient":""}},"footnotes":""},"uagb_featured_image_src":{"full":["https:\/\/ibomberdefensepacific.standardof.net\/wp-content\/uploads\/sites\/6\/2020\/10\/iBomber-Defense-Pacific-Campaign-Mission-10-Alligator-Creek-5.jpg",1280,800,false],"thumbnail":["https:\/\/ibomberdefensepacific.standardof.net\/wp-content\/uploads\/sites\/6\/2020\/10\/iBomber-Defense-Pacific-Campaign-Mission-10-Alligator-Creek-5-200x125.jpg",200,125,true],"medium":["https:\/\/ibomberdefensepacific.standardof.net\/wp-content\/uploads\/sites\/6\/2020\/10\/iBomber-Defense-Pacific-Campaign-Mission-10-Alligator-Creek-5-512x320.jpg",512,320,true],"medium_large":["https:\/\/ibomberdefensepacific.standardof.net\/wp-content\/uploads\/sites\/6\/2020\/10\/iBomber-Defense-Pacific-Campaign-Mission-10-Alligator-Creek-5-768x480.jpg",768,480,true],"large":["https:\/\/ibomberdefensepacific.standardof.net\/wp-content\/uploads\/sites\/6\/2020\/10\/iBomber-Defense-Pacific-Campaign-Mission-10-Alligator-Creek-5-800x500.jpg",800,500,true],"1536x1536":["https:\/\/ibomberdefensepacific.standardof.net\/wp-content\/uploads\/sites\/6\/2020\/10\/iBomber-Defense-Pacific-Campaign-Mission-10-Alligator-Creek-5.jpg",1280,800,false],"2048x2048":["https:\/\/ibomberdefensepacific.standardof.net\/wp-content\/uploads\/sites\/6\/2020\/10\/iBomber-Defense-Pacific-Campaign-Mission-10-Alligator-Creek-5.jpg",1280,800,false],"trp-custom-language-flag":["https:\/\/ibomberdefensepacific.standardof.net\/wp-content\/uploads\/sites\/6\/2020\/10\/iBomber-Defense-Pacific-Campaign-Mission-10-Alligator-Creek-5-16x10.jpg",16,10,true]},"uagb_author_info":{"display_name":"SOE","author_link":"https:\/\/ibomberdefensepacific.standardof.net\/de\/author\/k-tastic\/"},"uagb_comment_info":0,"uagb_excerpt":"Alligator Creek: Watchtower Protect supply routes between the U.S., Australia and New Zealand by holding position in the Solomons. In Alligator Creek, you will be protecting your base at the top central path from a pair of ground paths that curve from either side in the shape of a W. Defense will focus on the&hellip;","_links":{"self":[{"href":"https:\/\/ibomberdefensepacific.standardof.net\/de\/wp-json\/wp\/v2\/pages\/207"}],"collection":[{"href":"https:\/\/ibomberdefensepacific.standardof.net\/de\/wp-json\/wp\/v2\/pages"}],"about":[{"href":"https:\/\/ibomberdefensepacific.standardof.net\/de\/wp-json\/wp\/v2\/types\/page"}],"author":[{"embeddable":true,"href":"https:\/\/ibomberdefensepacific.standardof.net\/de\/wp-json\/wp\/v2\/users\/1"}],"replies":[{"embeddable":true,"href":"https:\/\/ibomberdefensepacific.standardof.net\/de\/wp-json\/wp\/v2\/comments?post=207"}],"version-history":[{"count":0,"href":"https:\/\/ibomberdefensepacific.standardof.net\/de\/wp-json\/wp\/v2\/pages\/207\/revisions"}],"up":[{"embeddable":true,"href":"https:\/\/ibomberdefensepacific.standardof.net\/de\/wp-json\/wp\/v2\/pages\/164"}],"wp:featuredmedia":[{"embeddable":true,"href":"https:\/\/ibomberdefensepacific.standardof.net\/de\/wp-json\/wp\/v2\/media\/80"}],"wp:attachment":[{"href":"https:\/\/ibomberdefensepacific.standardof.net\/de\/wp-json\/wp\/v2\/media?parent=207"}],"curies":[{"name":"wp","href":"https:\/\/api.w.org\/{rel}","templated":true}]}}