{"id":199,"date":"2020-10-21T13:32:06","date_gmt":"2020-10-21T13:32:06","guid":{"rendered":"https:\/\/ibomberdefensepacific.standardof.net\/?page_id=199"},"modified":"2020-10-21T17:21:04","modified_gmt":"2020-10-21T17:21:04","slug":"campaign-mission-08-operation-mai-counterattack","status":"publish","type":"page","link":"https:\/\/ibomberdefensepacific.standardof.net\/de\/guide\/kampagne-mission-08-operation-mai-gegenangriff\/","title":{"rendered":"Kampagnenmission 08: Gegenangriff \u201eOperation Mai\u201c"},"content":{"rendered":"<h2 class=\"wp-block-heading\">Operation Mai: Gegenangriff<\/h2>\n\n\n\n<div class=\"wp-block-image\"><figure class=\"aligncenter size-large\"><a href=\"https:\/\/ibomberdefensepacific.standardof.net\/de\/guide\/kampagne-mission-08-operation-mai-gegenangriff\/ibomber-defense-pacific-campaign-mission-08-operation-mai-1-copy\/\"><img decoding=\"async\" width=\"800\" height=\"500\" src=\"https:\/\/ibomberdefensepacific.standardof.net\/wp-content\/uploads\/sites\/6\/2020\/10\/iBomber-Defense-Pacific-Campaign-Mission-08-Operation-Mai-1-copy-800x500.jpg\" alt=\"&quot;iBomber Defense Pacific&quot; - Kampagnenmission 08 - &quot;Operation Mai&quot; (1)\" class=\"wp-image-69\" srcset=\"https:\/\/ibomberdefensepacific.standardof.net\/wp-content\/uploads\/sites\/6\/2020\/10\/iBomber-Defense-Pacific-Campaign-Mission-08-Operation-Mai-1-copy-800x500.jpg 800w, https:\/\/ibomberdefensepacific.standardof.net\/wp-content\/uploads\/sites\/6\/2020\/10\/iBomber-Defense-Pacific-Campaign-Mission-08-Operation-Mai-1-copy-512x320.jpg 512w, https:\/\/ibomberdefensepacific.standardof.net\/wp-content\/uploads\/sites\/6\/2020\/10\/iBomber-Defense-Pacific-Campaign-Mission-08-Operation-Mai-1-copy-200x125.jpg 200w, https:\/\/ibomberdefensepacific.standardof.net\/wp-content\/uploads\/sites\/6\/2020\/10\/iBomber-Defense-Pacific-Campaign-Mission-08-Operation-Mai-1-copy-768x480.jpg 768w, https:\/\/ibomberdefensepacific.standardof.net\/wp-content\/uploads\/sites\/6\/2020\/10\/iBomber-Defense-Pacific-Campaign-Mission-08-Operation-Mai-1-copy-16x10.jpg 16w, https:\/\/ibomberdefensepacific.standardof.net\/wp-content\/uploads\/sites\/6\/2020\/10\/iBomber-Defense-Pacific-Campaign-Mission-08-Operation-Mai-1-copy.jpg 1280w\" sizes=\"(max-width: 800px) 100vw, 800px\" \/><\/a><figcaption>Die Pfade der feindlichen Wellen in der Mission Operation Mai in &quot;iBomber Defense Pacific&quot;.<\/figcaption><\/figure><\/div>\n\n\n\n<p><em>Lassen Sie wichtige Landebahnen nicht in feindliche H\u00e4nde fallen.<\/em><\/p>\n\n\n\n<p>Operation Mai ist die erste Gegenangriffsmission in <em>iBomber Defense Pacific<\/em>Die Kampagne \u00e4hnelt dem Konzept des vorherigen Spiels, f\u00fcr eine weitere Runde auf ein fr\u00fcheres Schlachtfeld zur\u00fcckzukehren. In diesem Level kehren Sie zur\u00fcck <strong><a href=\"https:\/\/ibomberdefensepacific.standardof.net\/de\/guide\/kampagne-mission-05-midway-atoll-sea-angriff\/\" class=\"rank-math-link\">Midway Atoll<\/a><\/strong>, au\u00dfer jetzt k\u00e4mpfst du 20 Wellen lang vom Boden und vom Meer aus gegen Feinde. Der Bildschirm ist gegen\u00fcber der vorherigen Zeit versetzt, aber der Gro\u00dfteil Ihrer Verteidigung bleibt im Kampf und startet Sie stark.<\/p>\n\n\n\n<p>Aufgrund der Funktionsweise von Gegenangriffen ist es wichtig, dass Sie sicherstellen, dass Sie Missionen so gut wie m\u00f6glich beenden, da das Beenden einer Mission auf einem schlechten Fu\u00df dazu f\u00fchren kann, dass Sie scheitern, wenn Sie zum Gegenangriff zur\u00fcckkehren. Dies wird besonders in sp\u00e4teren Leveln wichtig, wenn die Feinde, denen Sie gegen\u00fcberstehen, wahnsinnig stark werden und schweres koordiniertes Feuer erfordern, um niederzuschlagen.<\/p>\n\n\n\n<p>Eine Sache, die verwirrend sein kann (aber wichtig ist, sich daran zu erinnern), ist, dass Sie nicht immer zur letzten Mission zur\u00fcckkehren, um einen Gegenangriff durchzuf\u00fchren. Manchmal, wie in diesem Fall, kehren Sie zwei oder mehr Ebenen zur\u00fcck, von denen Sie gerade in der Kampagne waren.<\/p>\n\n\n\n<p>In diesem Leitfaden erfahren Sie, wie Sie ein Full House erhalten, das eine perfekte Runde mit allen Medaillen und 20 Siegpunkten auf der Stufe &quot;Operation Mai Counterattack&quot; der Operation Mai darstellt <em>iBomber Defense Pacific<\/em> Kampagne, gespielt auf dem Schwierigkeitsgrad Veteran. Dar\u00fcber hinaus wird in diesem Missionsleitfaden auch das sekund\u00e4re Ziel behandelt und ein exemplarisches Video bereitgestellt.<\/p>\n\n\n\t\t\t\t<div class=\"wp-block-uagb-table-of-contents uagb-toc__align-left uagb-toc__columns-1  uagb-block-fcbd21ad\"\n\t\t\t\t\tdata-scroll= \"1\"\n\t\t\t\t\tdata-offset= \"30\"\n\t\t\t\t\tstyle=\"\"\n\t\t\t\t>\n\t\t\t\t<div class=\"uagb-toc__wrap\">\n\t\t\t\t\t\t<div class=\"uagb-toc__title\">\n\t\t\t\t\t\t\tExemplarische Vorgehensweise Navigation:\t\t\t\t\t\t<\/div>\n\t\t\t\t\t\t\t\t\t\t\t\t\t\t\t\t<div class=\"uagb-toc__list-wrap\">\n\t\t\t\t\t\t<ol class=\"uagb-toc__list\"><li class=\"uagb-toc__list\"><a href=\"#secondary-objective\" class=\"uagb-toc-link__trigger\">Sekund\u00e4res Ziel<\/a><li class=\"uagb-toc__list\"><a href=\"#perks-used-for-this-mission\" class=\"uagb-toc-link__trigger\">Vorteile f\u00fcr diese Mission:<\/a><li class=\"uagb-toc__list\"><a href=\"#hidden-target\" class=\"uagb-toc-link__trigger\">Verstecktes Ziel<\/a><li class=\"uagb-toc__list\"><a href=\"#turret-placement\" class=\"uagb-toc-link__trigger\">Revolverplatzierung<\/a><li class=\"uagb-toc__list\"><a href=\"#veteran-difficulty-video-guide\" class=\"uagb-toc-link__trigger\">Video-Leitfaden f\u00fcr Veteranenschwierigkeiten<\/a><\/ol>\t\t\t\t\t<\/div>\n\t\t\t\t\t\t\t\t\t<\/div>\n\t\t\t\t<\/div>\n\t\t\t\n\n\n<hr class=\"wp-block-separator is-style-wide\"\/>\n\n\n\n<h3 class=\"wp-block-heading\">Sekund\u00e4res Ziel<\/h3>\n\n\n\n<p><em>Sch\u00fctzen Sie Ihre Flugzeuge.<\/em><\/p>\n\n\n\n<p>Auf der linken Seite der Karte befinden sich mehrere Fl\u00fcgel von Kampfflugzeugen, die auf dem Boden der feindlichen Bodeneinheiten stationiert sind. Durch die strategische Platzierung des Turmes m\u00fcssen Sie sie vor Besch\u00e4digungen sch\u00fctzen und besonders vorsichtig sein, wo Sie Ihre Bomben abwerfen. Es ist nur notwendig, eine Handvoll oder so am Leben zu halten, da es viel zu verschonen gibt.<\/p>\n\n\n\n<p><strong>Versorgungskisten:<\/strong> 4<\/p>\n\n\n\n<p><strong>Bisherige Siegpunkte:<\/strong> 140<\/p>\n\n\n\n<ul><li>Maschinengewehr Stufe 3<br><sup>X2 Power vs Flamed Spezialisierung<\/sup><\/li><li>Kanone Stufe 3<\/li><li>Bombe Stufe 2<\/li><li>Flamer Stufe 2<\/li><li>Kommunikationsstufe 3<\/li><\/ul>\n\n\n\n<hr class=\"wp-block-separator is-style-wide\"\/>\n\n\n\n<h3 class=\"wp-block-heading\">Vorteile f\u00fcr diese Mission:<\/h3>\n\n\n\n<ul><li>Greenback I.<\/li><li>Adlerauge I.<\/li><li>Sonderlieferung<\/li><\/ul>\n\n\n\n<p>Special Delivery ist wahrscheinlich die am besten austauschbare, da Fast Fingers eine weitere ausgezeichnete Wahl w\u00e4re, wenn man bedenkt, dass es in diesem Level nur 4 Kisten gibt. Eagle Eye ist jedoch wichtig f\u00fcr die schnelle Bewegung zwischen Zielen, die erforderlich sind, wenn einige der Sneak-Angriffe auftauchen. Wie immer ist Greenback ein ziemlich notwendiges Upgrade, um uns die Dinge finanziell zu erleichtern.<\/p>\n\n\n\n<hr class=\"wp-block-separator is-style-wide\"\/>\n\n\n\n<h3 class=\"wp-block-heading\">Verstecktes Ziel<\/h3>\n\n\n\n<p>In Operation Mai gibt es kein verstecktes Ziel. Da es sich um eine Gegenangriffsmission handelt, haben Sie sich technisch bereits beim letzten Mal um das versteckte Ziel gek\u00fcmmert. Dies gilt auch f\u00fcr alle anderen Gegenangriffsmissionen.<\/p>\n\n\n\n<hr class=\"wp-block-separator is-style-wide\"\/>\n\n\n\n<h3 class=\"wp-block-heading\">Revolverplatzierung<\/h3>\n\n\n\n<figure class=\"wp-block-gallery columns-2 is-cropped wp-block-gallery-1 is-layout-flex wp-block-gallery-is-layout-flex\"><ul class=\"blocks-gallery-grid\"><li class=\"blocks-gallery-item\"><figure><a href=\"https:\/\/ibomberdefensepacific.standardof.net\/de\/guide\/kampagne-mission-08-operation-mai-gegenangriff\/ibomber-defense-pacific-campaign-mission-08-operation-mai-2\/\"><img decoding=\"async\" width=\"800\" height=\"500\" src=\"https:\/\/ibomberdefensepacific.standardof.net\/wp-content\/uploads\/sites\/6\/2020\/10\/iBomber-Defense-Pacific-Campaign-Mission-08-Operation-Mai-2-800x500.jpg\" alt=\"&quot;iBomber Defense Pacific&quot; - Kampagnenmission 08 - &quot;Operation Mai&quot; (2)\" data-id=\"70\" data-full-url=\"https:\/\/ibomberdefensepacific.standardof.net\/wp-content\/uploads\/sites\/6\/2020\/10\/iBomber-Defense-Pacific-Campaign-Mission-08-Operation-Mai-2.jpg\" data-link=\"https:\/\/ibomberdefensepacific.standardof.net\/guide\/campaign-mission-08-operation-mai-counterattack\/ibomber-defense-pacific-campaign-mission-08-operation-mai-2\/\" class=\"wp-image-70\" srcset=\"https:\/\/ibomberdefensepacific.standardof.net\/wp-content\/uploads\/sites\/6\/2020\/10\/iBomber-Defense-Pacific-Campaign-Mission-08-Operation-Mai-2-800x500.jpg 800w, https:\/\/ibomberdefensepacific.standardof.net\/wp-content\/uploads\/sites\/6\/2020\/10\/iBomber-Defense-Pacific-Campaign-Mission-08-Operation-Mai-2-512x320.jpg 512w, https:\/\/ibomberdefensepacific.standardof.net\/wp-content\/uploads\/sites\/6\/2020\/10\/iBomber-Defense-Pacific-Campaign-Mission-08-Operation-Mai-2-200x125.jpg 200w, https:\/\/ibomberdefensepacific.standardof.net\/wp-content\/uploads\/sites\/6\/2020\/10\/iBomber-Defense-Pacific-Campaign-Mission-08-Operation-Mai-2-768x480.jpg 768w, https:\/\/ibomberdefensepacific.standardof.net\/wp-content\/uploads\/sites\/6\/2020\/10\/iBomber-Defense-Pacific-Campaign-Mission-08-Operation-Mai-2-16x10.jpg 16w, https:\/\/ibomberdefensepacific.standardof.net\/wp-content\/uploads\/sites\/6\/2020\/10\/iBomber-Defense-Pacific-Campaign-Mission-08-Operation-Mai-2.jpg 1280w\" sizes=\"(max-width: 800px) 100vw, 800px\" \/><\/a><figcaption class=\"blocks-gallery-item__caption\">Platzierung des Turmes der Welle 10 in Operation Mai. <\/figcaption><\/figure><\/li><li class=\"blocks-gallery-item\"><figure><a href=\"https:\/\/ibomberdefensepacific.standardof.net\/de\/guide\/kampagne-mission-08-operation-mai-gegenangriff\/ibomber-defense-pacific-campaign-mission-08-operation-mai-3\/\"><img decoding=\"async\" width=\"800\" height=\"500\" src=\"https:\/\/ibomberdefensepacific.standardof.net\/wp-content\/uploads\/sites\/6\/2020\/10\/iBomber-Defense-Pacific-Campaign-Mission-08-Operation-Mai-3-800x500.jpg\" alt=\"&quot;iBomber Defense Pacific&quot; - Kampagnenmission 08 - &quot;Operation Mai&quot; (3)\" data-id=\"71\" data-full-url=\"https:\/\/ibomberdefensepacific.standardof.net\/wp-content\/uploads\/sites\/6\/2020\/10\/iBomber-Defense-Pacific-Campaign-Mission-08-Operation-Mai-3.jpg\" data-link=\"https:\/\/ibomberdefensepacific.standardof.net\/guide\/campaign-mission-08-operation-mai-counterattack\/ibomber-defense-pacific-campaign-mission-08-operation-mai-3\/\" class=\"wp-image-71\" srcset=\"https:\/\/ibomberdefensepacific.standardof.net\/wp-content\/uploads\/sites\/6\/2020\/10\/iBomber-Defense-Pacific-Campaign-Mission-08-Operation-Mai-3-800x500.jpg 800w, https:\/\/ibomberdefensepacific.standardof.net\/wp-content\/uploads\/sites\/6\/2020\/10\/iBomber-Defense-Pacific-Campaign-Mission-08-Operation-Mai-3-512x320.jpg 512w, https:\/\/ibomberdefensepacific.standardof.net\/wp-content\/uploads\/sites\/6\/2020\/10\/iBomber-Defense-Pacific-Campaign-Mission-08-Operation-Mai-3-200x125.jpg 200w, https:\/\/ibomberdefensepacific.standardof.net\/wp-content\/uploads\/sites\/6\/2020\/10\/iBomber-Defense-Pacific-Campaign-Mission-08-Operation-Mai-3-768x480.jpg 768w, https:\/\/ibomberdefensepacific.standardof.net\/wp-content\/uploads\/sites\/6\/2020\/10\/iBomber-Defense-Pacific-Campaign-Mission-08-Operation-Mai-3-16x10.jpg 16w, https:\/\/ibomberdefensepacific.standardof.net\/wp-content\/uploads\/sites\/6\/2020\/10\/iBomber-Defense-Pacific-Campaign-Mission-08-Operation-Mai-3.jpg 1280w\" sizes=\"(max-width: 800px) 100vw, 800px\" \/><\/a><figcaption class=\"blocks-gallery-item__caption\">Platzierung des Revolvers der Welle 20.<\/figcaption><\/figure><\/li><\/ul><\/figure>\n\n\n\n<p>Die Platzierung der T\u00fcrme hier in Operation Mai konzentriert sich haupts\u00e4chlich auf den Aufbau einer erheblichen Bodenverteidigung entlang der beiden Bodenwellenlinien, w\u00e4hrend ein geringer Betrag in die Insel investiert wird, die den Seeweg bedeckt. Weitere Informationen zu den T\u00fcrmen, mit denen dieses Level beginnt und die ab dem Ende dieser Mission \u00fcbertragen werden, finden Sie im oben verlinkten Midway Atoll-Handbuch.<\/p>\n\n\n\n<p>Wie in den beiden obigen Bildern zu sehen ist, gibt es zwei Linien, in denen Sie Ihre Bodent\u00fcrme herstellen m\u00f6chten. Dies bietet einen Schutzschild zum Schutz derselben Linien von Flugzeugen, die um Ihre Basis f\u00fcr das sekund\u00e4re Ziel stationiert sind. Bomben werden am besten festgehalten, wenn Schleichangriffe auftauchen, da sie aus vielen Richtungen und ziemlich oft hier kommen. Versuchen Sie schlie\u00dflich, wenn m\u00f6glich gro\u00dfes Interesse zu wecken, da dieses Level definitiv einige M\u00f6glichkeiten f\u00fcr solche bietet, die anschlie\u00dfend Ihre Verteidigungsoptionen st\u00e4rken.<\/p>\n\n\n\n<hr class=\"wp-block-separator is-style-wide\"\/>\n\n\n\n<h3 class=\"has-text-align-center wp-block-heading\" id=\"4-veteran-difficulty-video-guide\">Video-Leitfaden f\u00fcr Veteranenschwierigkeiten<\/h3>\n\n\n\n<figure class=\"wp-block-embed-youtube wp-block-embed is-type-video is-provider-youtube wp-embed-aspect-16-9 wp-has-aspect-ratio\"><div class=\"wp-block-embed__wrapper\">\n<div class=\"ast-oembed-container\" style=\"height: 100%;\"><iframe title=\"Operation Mai - M8 iBomber Defense Pacific - Veteran Full House Walkthrough\" width=\"500\" height=\"375\" src=\"https:\/\/www.youtube.com\/embed\/NO4H2rDcIeI?feature=oembed\" frameborder=\"0\" allow=\"accelerometer; autoplay; clipboard-write; encrypted-media; gyroscope; picture-in-picture; web-share\" referrerpolicy=\"strict-origin-when-cross-origin\" allowfullscreen><\/iframe><\/div>\n<\/div><\/figure>","protected":false},"excerpt":{"rendered":"<p>Operation Mai: Counterattack Don&#8217;t let vital airstrips fall into enemy hands. Operation Mai is the first counterattack mission in iBomber Defense Pacific&#8216;s campaign, being quite similar to the previous game&#8217;s concept of returning to a previous battlefield for another round. In this level, you will return to Midway Atoll, except now you&#8217;re fighting enemies from [&hellip;]<\/p>","protected":false},"author":1,"featured_media":71,"parent":164,"menu_order":8,"comment_status":"open","ping_status":"closed","template":"","meta":{"_uag_custom_page_level_css":"","site-sidebar-layout":"default","site-content-layout":"default","ast-site-content-layout":"","site-content-style":"default","site-sidebar-style":"default","ast-global-header-display":"","ast-banner-title-visibility":"","ast-main-header-display":"","ast-hfb-above-header-display":"","ast-hfb-below-header-display":"","ast-hfb-mobile-header-display":"","site-post-title":"","ast-breadcrumbs-content":"","ast-featured-img":"","footer-sml-layout":"","theme-transparent-header-meta":"default","adv-header-id-meta":"","stick-header-meta":"","header-above-stick-meta":"","header-main-stick-meta":"","header-below-stick-meta":"","astra-migrate-meta-layouts":"default","ast-page-background-enabled":"default","ast-page-background-meta":{"desktop":{"background-color":"","background-image":"","background-repeat":"repeat","background-position":"center center","background-size":"auto","background-attachment":"scroll","background-type":"","background-media":"","overlay-type":"","overlay-color":"","overlay-gradient":""},"tablet":{"background-color":"","background-image":"","background-repeat":"repeat","background-position":"center center","background-size":"auto","background-attachment":"scroll","background-type":"","background-media":"","overlay-type":"","overlay-color":"","overlay-gradient":""},"mobile":{"background-color":"","background-image":"","background-repeat":"repeat","background-position":"center center","background-size":"auto","background-attachment":"scroll","background-type":"","background-media":"","overlay-type":"","overlay-color":"","overlay-gradient":""}},"ast-content-background-meta":{"desktop":{"background-color":"var(--ast-global-color-5)","background-image":"","background-repeat":"repeat","background-position":"center center","background-size":"auto","background-attachment":"scroll","background-type":"","background-media":"","overlay-type":"","overlay-color":"","overlay-gradient":""},"tablet":{"background-color":"var(--ast-global-color-5)","background-image":"","background-repeat":"repeat","background-position":"center center","background-size":"auto","background-attachment":"scroll","background-type":"","background-media":"","overlay-type":"","overlay-color":"","overlay-gradient":""},"mobile":{"background-color":"var(--ast-global-color-5)","background-image":"","background-repeat":"repeat","background-position":"center center","background-size":"auto","background-attachment":"scroll","background-type":"","background-media":"","overlay-type":"","overlay-color":"","overlay-gradient":""}},"footnotes":""},"uagb_featured_image_src":{"full":["https:\/\/ibomberdefensepacific.standardof.net\/wp-content\/uploads\/sites\/6\/2020\/10\/iBomber-Defense-Pacific-Campaign-Mission-08-Operation-Mai-3.jpg",1280,800,false],"thumbnail":["https:\/\/ibomberdefensepacific.standardof.net\/wp-content\/uploads\/sites\/6\/2020\/10\/iBomber-Defense-Pacific-Campaign-Mission-08-Operation-Mai-3-200x125.jpg",200,125,true],"medium":["https:\/\/ibomberdefensepacific.standardof.net\/wp-content\/uploads\/sites\/6\/2020\/10\/iBomber-Defense-Pacific-Campaign-Mission-08-Operation-Mai-3-512x320.jpg",512,320,true],"medium_large":["https:\/\/ibomberdefensepacific.standardof.net\/wp-content\/uploads\/sites\/6\/2020\/10\/iBomber-Defense-Pacific-Campaign-Mission-08-Operation-Mai-3-768x480.jpg",768,480,true],"large":["https:\/\/ibomberdefensepacific.standardof.net\/wp-content\/uploads\/sites\/6\/2020\/10\/iBomber-Defense-Pacific-Campaign-Mission-08-Operation-Mai-3-800x500.jpg",800,500,true],"1536x1536":["https:\/\/ibomberdefensepacific.standardof.net\/wp-content\/uploads\/sites\/6\/2020\/10\/iBomber-Defense-Pacific-Campaign-Mission-08-Operation-Mai-3.jpg",1280,800,false],"2048x2048":["https:\/\/ibomberdefensepacific.standardof.net\/wp-content\/uploads\/sites\/6\/2020\/10\/iBomber-Defense-Pacific-Campaign-Mission-08-Operation-Mai-3.jpg",1280,800,false],"trp-custom-language-flag":["https:\/\/ibomberdefensepacific.standardof.net\/wp-content\/uploads\/sites\/6\/2020\/10\/iBomber-Defense-Pacific-Campaign-Mission-08-Operation-Mai-3-16x10.jpg",16,10,true]},"uagb_author_info":{"display_name":"SOE","author_link":"https:\/\/ibomberdefensepacific.standardof.net\/de\/author\/k-tastic\/"},"uagb_comment_info":0,"uagb_excerpt":"Operation Mai: Counterattack Don&#8217;t let vital airstrips fall into enemy hands. Operation Mai is the first counterattack mission in iBomber Defense Pacific&#8216;s campaign, being quite similar to the previous game&#8217;s concept of returning to a previous battlefield for another round. In this level, you will return to Midway Atoll, except now you&#8217;re fighting enemies from&hellip;","_links":{"self":[{"href":"https:\/\/ibomberdefensepacific.standardof.net\/de\/wp-json\/wp\/v2\/pages\/199"}],"collection":[{"href":"https:\/\/ibomberdefensepacific.standardof.net\/de\/wp-json\/wp\/v2\/pages"}],"about":[{"href":"https:\/\/ibomberdefensepacific.standardof.net\/de\/wp-json\/wp\/v2\/types\/page"}],"author":[{"embeddable":true,"href":"https:\/\/ibomberdefensepacific.standardof.net\/de\/wp-json\/wp\/v2\/users\/1"}],"replies":[{"embeddable":true,"href":"https:\/\/ibomberdefensepacific.standardof.net\/de\/wp-json\/wp\/v2\/comments?post=199"}],"version-history":[{"count":0,"href":"https:\/\/ibomberdefensepacific.standardof.net\/de\/wp-json\/wp\/v2\/pages\/199\/revisions"}],"up":[{"embeddable":true,"href":"https:\/\/ibomberdefensepacific.standardof.net\/de\/wp-json\/wp\/v2\/pages\/164"}],"wp:featuredmedia":[{"embeddable":true,"href":"https:\/\/ibomberdefensepacific.standardof.net\/de\/wp-json\/wp\/v2\/media\/71"}],"wp:attachment":[{"href":"https:\/\/ibomberdefensepacific.standardof.net\/de\/wp-json\/wp\/v2\/media?parent=199"}],"curies":[{"name":"wp","href":"https:\/\/api.w.org\/{rel}","templated":true}]}}