{"id":198,"date":"2020-10-21T13:31:47","date_gmt":"2020-10-21T13:31:47","guid":{"rendered":"https:\/\/ibomberdefensepacific.standardof.net\/?page_id=198"},"modified":"2020-10-21T17:20:52","modified_gmt":"2020-10-21T17:20:52","slug":"campaign-mission-07-edsons-ridge-watchtower","status":"publish","type":"page","link":"https:\/\/ibomberdefensepacific.standardof.net\/de\/guide\/kampagne-mission-07-edsons-ridge-wachturm\/","title":{"rendered":"Kampagnenmission 07: Wachtturm \u201eEdsons Ridge\u201c"},"content":{"rendered":"<h2 class=\"wp-block-heading\">Edsons Ridge: Wachtturm<\/h2>\n\n\n\n<div class=\"wp-block-image\"><figure class=\"aligncenter size-large\"><a href=\"https:\/\/ibomberdefensepacific.standardof.net\/de\/guide\/kampagne-mission-07-edsons-ridge-wachturm\/ibomber-defense-pacific-campaign-mission-07-edsons-ridge-1-copy\/\"><img decoding=\"async\" width=\"800\" height=\"500\" src=\"https:\/\/ibomberdefensepacific.standardof.net\/wp-content\/uploads\/sites\/6\/2020\/10\/iBomber-Defense-Pacific-Campaign-Mission-07-Edsons-Ridge-1-copy-800x500.jpg\" alt=\"&quot;iBomber Defense Pacific&quot; - Kampagnenmission 07 - &quot;Edsons Ridge&quot; (1)\" class=\"wp-image-65\" srcset=\"https:\/\/ibomberdefensepacific.standardof.net\/wp-content\/uploads\/sites\/6\/2020\/10\/iBomber-Defense-Pacific-Campaign-Mission-07-Edsons-Ridge-1-copy-800x500.jpg 800w, https:\/\/ibomberdefensepacific.standardof.net\/wp-content\/uploads\/sites\/6\/2020\/10\/iBomber-Defense-Pacific-Campaign-Mission-07-Edsons-Ridge-1-copy-512x320.jpg 512w, https:\/\/ibomberdefensepacific.standardof.net\/wp-content\/uploads\/sites\/6\/2020\/10\/iBomber-Defense-Pacific-Campaign-Mission-07-Edsons-Ridge-1-copy-200x125.jpg 200w, https:\/\/ibomberdefensepacific.standardof.net\/wp-content\/uploads\/sites\/6\/2020\/10\/iBomber-Defense-Pacific-Campaign-Mission-07-Edsons-Ridge-1-copy-768x480.jpg 768w, https:\/\/ibomberdefensepacific.standardof.net\/wp-content\/uploads\/sites\/6\/2020\/10\/iBomber-Defense-Pacific-Campaign-Mission-07-Edsons-Ridge-1-copy-16x10.jpg 16w, https:\/\/ibomberdefensepacific.standardof.net\/wp-content\/uploads\/sites\/6\/2020\/10\/iBomber-Defense-Pacific-Campaign-Mission-07-Edsons-Ridge-1-copy.jpg 1280w\" sizes=\"(max-width: 800px) 100vw, 800px\" \/><\/a><figcaption>Angriffspfad feindlicher Einheiten in Rot gezeichnet mit geheimen Angriffsrouten mit blauen Pfeilen in Edsons Ridge.<\/figcaption><\/figure><\/div>\n\n\n\n<p><em>Sch\u00fctzen Sie Kommunikationswege zwischen den USA, Australien und Neuseeland, indem Sie eine Position in den Salomonen halten.<\/em><\/p>\n\n\n\n<p>In Edsons Ridge haben Sie die Aufgabe, Ihre Basis im oberen rechten Teil der Karte vor einem einzigen Pfad von Bodeneinheiten zu sch\u00fctzen, die sich von links unten n\u00e4hern und f\u00fcr 20 Wellen eine fast 90-Grad-Kurve in der Mitte der Karte erstellen. Es gibt zwei Hauptans\u00e4tze f\u00fcr schleichangreifende Einheiten: den Pfad von oben links, der zur Mitte der Karte f\u00fchrt, und den Pfad um den See herum, zusammen mit dem See selbst, wenn schlie\u00dflich eine einzelne Marineeinheit auftaucht.<\/p>\n\n\n\n<p>In diesem Leitfaden erfahren Sie, wie Sie ein Full House erhalten, das eine perfekte Runde mit allen Medaillen und 20 Siegpunkten auf dem Edsons Ridge-Level des <em>iBomber Defense Pacific<\/em> Kampagne, gespielt auf dem Schwierigkeitsgrad Veteran. Dar\u00fcber hinaus behandelt dieser Missionsleitfaden das sekund\u00e4re Ziel und das versteckte Ziel zusammen mit einem exemplarischen Video.<\/p>\n\n\n\t\t\t\t<div class=\"wp-block-uagb-table-of-contents uagb-toc__align-left uagb-toc__columns-1  uagb-block-00ab8ad6\"\n\t\t\t\t\tdata-scroll= \"1\"\n\t\t\t\t\tdata-offset= \"30\"\n\t\t\t\t\tstyle=\"\"\n\t\t\t\t>\n\t\t\t\t<div class=\"uagb-toc__wrap\">\n\t\t\t\t\t\t<div class=\"uagb-toc__title\">\n\t\t\t\t\t\t\tExemplarische Vorgehensweise Navigation:\t\t\t\t\t\t<\/div>\n\t\t\t\t\t\t\t\t\t\t\t\t\t\t\t\t<div class=\"uagb-toc__list-wrap\">\n\t\t\t\t\t\t<ol class=\"uagb-toc__list\"><li class=\"uagb-toc__list\"><a href=\"#secondary-objective\" class=\"uagb-toc-link__trigger\">Sekund\u00e4res Ziel<\/a><li class=\"uagb-toc__list\"><a href=\"#perks-used-for-this-mission\" class=\"uagb-toc-link__trigger\">Vorteile f\u00fcr diese Mission:<\/a><li class=\"uagb-toc__list\"><a href=\"#hidden-target\" class=\"uagb-toc-link__trigger\">Verstecktes Ziel<\/a><li class=\"uagb-toc__list\"><a href=\"#turret-placement\" class=\"uagb-toc-link__trigger\">Revolverplatzierung<\/a><li class=\"uagb-toc__list\"><a href=\"#veteran-difficulty-video-guide\" class=\"uagb-toc-link__trigger\">Video-Leitfaden f\u00fcr Veteranenschwierigkeiten<\/a><\/ol>\t\t\t\t\t<\/div>\n\t\t\t\t\t\t\t\t\t<\/div>\n\t\t\t\t<\/div>\n\t\t\t\n\n\n<hr class=\"wp-block-separator is-style-wide\"\/>\n\n\n\n<h3 class=\"wp-block-heading\">Sekund\u00e4res Ziel<\/h3>\n\n\n\n<p><em>Die Kommunikation in der Region ist schlecht. Comms erstellen. T\u00fcrme, um die Kriegsanstrengungen zu unterst\u00fctzen.<\/em><\/p>\n\n\n\n<p>Edsons Ridge f\u00fchrt den Comms Tower in die Kampagne ein, der die Effektivit\u00e4t von T\u00fcrmen in seiner Reichweite (ohne Bomben) erh\u00f6ht und Ihnen hilft, Zinsen aus Geldern zu sammeln, die am Ende jeder Welle eingespart wurden. Um Ihr sekund\u00e4res Ziel zu erreichen, m\u00fcssen Sie 5 dieser T\u00fcrme auf der Karte platzieren und sie bis zum Ende des Levels \u00fcberleben lassen.<\/p>\n\n\n\n<p><strong>Versorgungskisten:<\/strong> 5<\/p>\n\n\n\n<p><strong>Bisherige Siegpunkte:<\/strong> 120<\/p>\n\n\n\n<ul><li>Maschinengewehr Stufe 3<br>X2 Power vs Flamed Spezialisierung<\/li><li>Kanone Stufe 3<\/li><li>Bombe Stufe 2<\/li><li>Flamer Stufe 2<\/li><\/ul>\n\n\n\n<hr class=\"wp-block-separator is-style-wide\"\/>\n\n\n\n<h3 class=\"wp-block-heading\">Vorteile f\u00fcr diese Mission:<\/h3>\n\n\n\n<ul><li>Greenback I.<\/li><li>Adlerauge I.<\/li><li>Sonderlieferung<\/li><\/ul>\n\n\n\n<p>Die Sonderlieferung sollte jetzt freigeschaltet sein, damit Sie den Wert der von Ihnen aufgebrochenen Versorgungskisten von 20 auf 30 Credits erh\u00f6hen k\u00f6nnen. Dies ist eine wichtige Hilfe bei der Beschaffung der f\u00fcr alle 5 Kommunikationst\u00fcrme erforderlichen Mittel. Schnelleres Zielen hilft Ihren T\u00fcrmen, beim Ziehen etwas schneller zu sein, was Sie ben\u00f6tigen, wenn so viel Geld in die nicht offensiven Kommunikationst\u00fcrme flie\u00dft.<\/p>\n\n\n\n<hr class=\"wp-block-separator is-style-wide\"\/>\n\n\n\n<h3 class=\"wp-block-heading\">Verstecktes Ziel<\/h3>\n\n\n\n<p>Das versteckte Ziel ist etwas schwer zu erkennen, aber wenn Sie sich die 2-Uhr-Position des kleinen Gew\u00e4ssers auf der Karte ansehen, sehen Sie ein St\u00fcck Strand und dann eine einzelne kleine H\u00fctte, die teilweise von B\u00e4umen bedeckt ist Waldlinie. Diese kleine H\u00fctte ist dein verstecktes Ziel.<\/p>\n\n\n\n<div class=\"wp-block-image\"><figure class=\"aligncenter size-large\"><a href=\"https:\/\/ibomberdefensepacific.standardof.net\/de\/guide\/kampagne-mission-07-edsons-ridge-wachturm\/ibomber-defense-pacific-campaign-mission-07-edsons-ridge-2\/\"><img decoding=\"async\" width=\"393\" height=\"271\" src=\"https:\/\/ibomberdefensepacific.standardof.net\/wp-content\/uploads\/sites\/6\/2020\/10\/iBomber-Defense-Pacific-Campaign-Mission-07-Edsons-Ridge-2.jpg\" alt=\"&quot;iBomber Defense Pacific&quot; - Kampagnenmission 07 - &quot;Edsons Ridge&quot; (2)\" class=\"wp-image-66\" srcset=\"https:\/\/ibomberdefensepacific.standardof.net\/wp-content\/uploads\/sites\/6\/2020\/10\/iBomber-Defense-Pacific-Campaign-Mission-07-Edsons-Ridge-2.jpg 393w, https:\/\/ibomberdefensepacific.standardof.net\/wp-content\/uploads\/sites\/6\/2020\/10\/iBomber-Defense-Pacific-Campaign-Mission-07-Edsons-Ridge-2-200x138.jpg 200w, https:\/\/ibomberdefensepacific.standardof.net\/wp-content\/uploads\/sites\/6\/2020\/10\/iBomber-Defense-Pacific-Campaign-Mission-07-Edsons-Ridge-2-16x12.jpg 16w\" sizes=\"(max-width: 393px) 100vw, 393px\" \/><\/a><figcaption>Das versteckte Ziel, eine kleine H\u00fctte, versteckte sich in der Baumgrenze am Rande des Wassers.<\/figcaption><\/figure><\/div>\n\n\n\n<hr class=\"wp-block-separator is-style-wide\"\/>\n\n\n\n<h3 class=\"wp-block-heading\">Revolverplatzierung<\/h3>\n\n\n\n<figure class=\"wp-block-gallery columns-2 is-cropped wp-block-gallery-1 is-layout-flex wp-block-gallery-is-layout-flex\"><ul class=\"blocks-gallery-grid\"><li class=\"blocks-gallery-item\"><figure><a href=\"https:\/\/ibomberdefensepacific.standardof.net\/de\/guide\/kampagne-mission-07-edsons-ridge-wachturm\/ibomber-defense-pacific-campaign-mission-07-edsons-ridge-3\/\"><img decoding=\"async\" width=\"800\" height=\"500\" src=\"https:\/\/ibomberdefensepacific.standardof.net\/wp-content\/uploads\/sites\/6\/2020\/10\/iBomber-Defense-Pacific-Campaign-Mission-07-Edsons-Ridge-3-800x500.jpg\" alt=\"&quot;iBomber Defense Pacific&quot; - Kampagnenmission 07 - &quot;Edsons Ridge&quot; (3)\" data-id=\"67\" data-full-url=\"https:\/\/ibomberdefensepacific.standardof.net\/wp-content\/uploads\/sites\/6\/2020\/10\/iBomber-Defense-Pacific-Campaign-Mission-07-Edsons-Ridge-3.jpg\" data-link=\"https:\/\/ibomberdefensepacific.standardof.net\/guide\/campaign-mission-07-edsons-ridge-watchtower\/ibomber-defense-pacific-campaign-mission-07-edsons-ridge-3\/\" class=\"wp-image-67\" srcset=\"https:\/\/ibomberdefensepacific.standardof.net\/wp-content\/uploads\/sites\/6\/2020\/10\/iBomber-Defense-Pacific-Campaign-Mission-07-Edsons-Ridge-3-800x500.jpg 800w, https:\/\/ibomberdefensepacific.standardof.net\/wp-content\/uploads\/sites\/6\/2020\/10\/iBomber-Defense-Pacific-Campaign-Mission-07-Edsons-Ridge-3-512x320.jpg 512w, https:\/\/ibomberdefensepacific.standardof.net\/wp-content\/uploads\/sites\/6\/2020\/10\/iBomber-Defense-Pacific-Campaign-Mission-07-Edsons-Ridge-3-200x125.jpg 200w, https:\/\/ibomberdefensepacific.standardof.net\/wp-content\/uploads\/sites\/6\/2020\/10\/iBomber-Defense-Pacific-Campaign-Mission-07-Edsons-Ridge-3-768x480.jpg 768w, https:\/\/ibomberdefensepacific.standardof.net\/wp-content\/uploads\/sites\/6\/2020\/10\/iBomber-Defense-Pacific-Campaign-Mission-07-Edsons-Ridge-3-16x10.jpg 16w, https:\/\/ibomberdefensepacific.standardof.net\/wp-content\/uploads\/sites\/6\/2020\/10\/iBomber-Defense-Pacific-Campaign-Mission-07-Edsons-Ridge-3.jpg 1280w\" sizes=\"(max-width: 800px) 100vw, 800px\" \/><\/a><figcaption class=\"blocks-gallery-item__caption\">Platzierung des Turmes der Welle 10 in Edsons Ridge.<\/figcaption><\/figure><\/li><li class=\"blocks-gallery-item\"><figure><a href=\"https:\/\/ibomberdefensepacific.standardof.net\/de\/guide\/kampagne-mission-07-edsons-ridge-wachturm\/ibomber-defense-pacific-campaign-mission-07-edsons-ridge-4\/\"><img decoding=\"async\" width=\"800\" height=\"500\" src=\"https:\/\/ibomberdefensepacific.standardof.net\/wp-content\/uploads\/sites\/6\/2020\/10\/iBomber-Defense-Pacific-Campaign-Mission-07-Edsons-Ridge-4-800x500.jpg\" alt=\"&quot;iBomber Defense Pacific&quot; - Kampagnenmission 07 - &quot;Edsons Ridge&quot; (4)\" data-id=\"68\" data-full-url=\"https:\/\/ibomberdefensepacific.standardof.net\/wp-content\/uploads\/sites\/6\/2020\/10\/iBomber-Defense-Pacific-Campaign-Mission-07-Edsons-Ridge-4.jpg\" data-link=\"https:\/\/ibomberdefensepacific.standardof.net\/guide\/campaign-mission-07-edsons-ridge-watchtower\/ibomber-defense-pacific-campaign-mission-07-edsons-ridge-4\/\" class=\"wp-image-68\" srcset=\"https:\/\/ibomberdefensepacific.standardof.net\/wp-content\/uploads\/sites\/6\/2020\/10\/iBomber-Defense-Pacific-Campaign-Mission-07-Edsons-Ridge-4-800x500.jpg 800w, https:\/\/ibomberdefensepacific.standardof.net\/wp-content\/uploads\/sites\/6\/2020\/10\/iBomber-Defense-Pacific-Campaign-Mission-07-Edsons-Ridge-4-512x320.jpg 512w, https:\/\/ibomberdefensepacific.standardof.net\/wp-content\/uploads\/sites\/6\/2020\/10\/iBomber-Defense-Pacific-Campaign-Mission-07-Edsons-Ridge-4-200x125.jpg 200w, https:\/\/ibomberdefensepacific.standardof.net\/wp-content\/uploads\/sites\/6\/2020\/10\/iBomber-Defense-Pacific-Campaign-Mission-07-Edsons-Ridge-4-768x480.jpg 768w, https:\/\/ibomberdefensepacific.standardof.net\/wp-content\/uploads\/sites\/6\/2020\/10\/iBomber-Defense-Pacific-Campaign-Mission-07-Edsons-Ridge-4-16x10.jpg 16w, https:\/\/ibomberdefensepacific.standardof.net\/wp-content\/uploads\/sites\/6\/2020\/10\/iBomber-Defense-Pacific-Campaign-Mission-07-Edsons-Ridge-4.jpg 1280w\" sizes=\"(max-width: 800px) 100vw, 800px\" \/><\/a><figcaption class=\"blocks-gallery-item__caption\">Platzierung des Revolvers der Welle 20 mit allen 5 Kommunikationst\u00fcrmen nach unten.<\/figcaption><\/figure><\/li><\/ul><\/figure>\n\n\n\n<p>Das Platzieren des Turmes in Edsons Ridge sollte mit dem Aufstellen eines Paares Maschinengewehre und eines Kommunikationsger\u00e4ts auf dem kleinen Felsplateau in der Mitte der Karte an der Kurve beginnen, da dies der beste Schusspunkt auf der Karte ist. Es ist am besten, fr\u00fchzeitig mit der Platzierung von Comms zu beginnen, da deren Schub und Interesse auf lange Sicht helfen werden. Verwenden Sie diese T\u00fcrme, um die Kisten aufzubrechen, die die letzten beiden Stellen auf der Anh\u00f6he zwischen den Wellen blockieren, um schlie\u00dflich auch ein Paar Kanonen dort zu platzieren.<\/p>\n\n\n\n<p>Die anderen beiden wichtigen Platzierungsstrategien hier arbeiten an einem Paar Bombent\u00fcrme, um Kisten und geheime Angriffe zu bew\u00e4ltigen, und an einer Basis vor der Plateau-Gruppe, die aus einem Maschinengewehr und einer Flamme besteht, um die vorr\u00fcckenden Wellen zu verlangsamen. Schlie\u00dflich werden Sie Bomben f\u00fcr die letzte Welle ben\u00f6tigen, wenn Sie anfangen, den gr\u00f6\u00dften Teil Ihres Geldes auf Comms zu werfen, da dadurch Geld von den ben\u00f6tigten Schaden verursachenden T\u00fcrmen abgezogen wird.<\/p>\n\n\n\n<hr class=\"wp-block-separator is-style-wide\"\/>\n\n\n\n<h3 class=\"has-text-align-center wp-block-heading\" id=\"4-veteran-difficulty-video-guide\">Video-Leitfaden f\u00fcr Veteranenschwierigkeiten<\/h3>\n\n\n\n<figure class=\"wp-block-embed-youtube wp-block-embed is-type-video is-provider-youtube wp-embed-aspect-16-9 wp-has-aspect-ratio\"><div class=\"wp-block-embed__wrapper\">\n<div class=\"ast-oembed-container\" style=\"height: 100%;\"><iframe title=\"Edsons Ridge - M7 iBomber Defense Pacific - Veteran Full House Walkthrough\" width=\"500\" height=\"375\" src=\"https:\/\/www.youtube.com\/embed\/1aC9t3RIrVo?feature=oembed\" frameborder=\"0\" allow=\"accelerometer; autoplay; clipboard-write; encrypted-media; gyroscope; picture-in-picture; web-share\" referrerpolicy=\"strict-origin-when-cross-origin\" allowfullscreen><\/iframe><\/div>\n<\/div><\/figure>","protected":false},"excerpt":{"rendered":"<p>Edsons Ridge: Watchtower Protect communication routes between the U.S., Australia, and New Zealand by holding position in the Solomons. In Edsons Ridge, you are tasked with protecting your base in the top right portion of the map from a single path of ground units that approach from the bottom left, making an almost 90-degree curve [&hellip;]<\/p>","protected":false},"author":1,"featured_media":68,"parent":164,"menu_order":7,"comment_status":"open","ping_status":"closed","template":"","meta":{"_uag_custom_page_level_css":"","site-sidebar-layout":"default","site-content-layout":"default","ast-site-content-layout":"","site-content-style":"default","site-sidebar-style":"default","ast-global-header-display":"","ast-banner-title-visibility":"","ast-main-header-display":"","ast-hfb-above-header-display":"","ast-hfb-below-header-display":"","ast-hfb-mobile-header-display":"","site-post-title":"","ast-breadcrumbs-content":"","ast-featured-img":"","footer-sml-layout":"","theme-transparent-header-meta":"default","adv-header-id-meta":"","stick-header-meta":"","header-above-stick-meta":"","header-main-stick-meta":"","header-below-stick-meta":"","astra-migrate-meta-layouts":"default","ast-page-background-enabled":"default","ast-page-background-meta":{"desktop":{"background-color":"","background-image":"","background-repeat":"repeat","background-position":"center center","background-size":"auto","background-attachment":"scroll","background-type":"","background-media":"","overlay-type":"","overlay-color":"","overlay-gradient":""},"tablet":{"background-color":"","background-image":"","background-repeat":"repeat","background-position":"center center","background-size":"auto","background-attachment":"scroll","background-type":"","background-media":"","overlay-type":"","overlay-color":"","overlay-gradient":""},"mobile":{"background-color":"","background-image":"","background-repeat":"repeat","background-position":"center center","background-size":"auto","background-attachment":"scroll","background-type":"","background-media":"","overlay-type":"","overlay-color":"","overlay-gradient":""}},"ast-content-background-meta":{"desktop":{"background-color":"var(--ast-global-color-5)","background-image":"","background-repeat":"repeat","background-position":"center center","background-size":"auto","background-attachment":"scroll","background-type":"","background-media":"","overlay-type":"","overlay-color":"","overlay-gradient":""},"tablet":{"background-color":"var(--ast-global-color-5)","background-image":"","background-repeat":"repeat","background-position":"center center","background-size":"auto","background-attachment":"scroll","background-type":"","background-media":"","overlay-type":"","overlay-color":"","overlay-gradient":""},"mobile":{"background-color":"var(--ast-global-color-5)","background-image":"","background-repeat":"repeat","background-position":"center center","background-size":"auto","background-attachment":"scroll","background-type":"","background-media":"","overlay-type":"","overlay-color":"","overlay-gradient":""}},"footnotes":""},"uagb_featured_image_src":{"full":["https:\/\/ibomberdefensepacific.standardof.net\/wp-content\/uploads\/sites\/6\/2020\/10\/iBomber-Defense-Pacific-Campaign-Mission-07-Edsons-Ridge-4.jpg",1280,800,false],"thumbnail":["https:\/\/ibomberdefensepacific.standardof.net\/wp-content\/uploads\/sites\/6\/2020\/10\/iBomber-Defense-Pacific-Campaign-Mission-07-Edsons-Ridge-4-200x125.jpg",200,125,true],"medium":["https:\/\/ibomberdefensepacific.standardof.net\/wp-content\/uploads\/sites\/6\/2020\/10\/iBomber-Defense-Pacific-Campaign-Mission-07-Edsons-Ridge-4-512x320.jpg",512,320,true],"medium_large":["https:\/\/ibomberdefensepacific.standardof.net\/wp-content\/uploads\/sites\/6\/2020\/10\/iBomber-Defense-Pacific-Campaign-Mission-07-Edsons-Ridge-4-768x480.jpg",768,480,true],"large":["https:\/\/ibomberdefensepacific.standardof.net\/wp-content\/uploads\/sites\/6\/2020\/10\/iBomber-Defense-Pacific-Campaign-Mission-07-Edsons-Ridge-4-800x500.jpg",800,500,true],"1536x1536":["https:\/\/ibomberdefensepacific.standardof.net\/wp-content\/uploads\/sites\/6\/2020\/10\/iBomber-Defense-Pacific-Campaign-Mission-07-Edsons-Ridge-4.jpg",1280,800,false],"2048x2048":["https:\/\/ibomberdefensepacific.standardof.net\/wp-content\/uploads\/sites\/6\/2020\/10\/iBomber-Defense-Pacific-Campaign-Mission-07-Edsons-Ridge-4.jpg",1280,800,false],"trp-custom-language-flag":["https:\/\/ibomberdefensepacific.standardof.net\/wp-content\/uploads\/sites\/6\/2020\/10\/iBomber-Defense-Pacific-Campaign-Mission-07-Edsons-Ridge-4-16x10.jpg",16,10,true]},"uagb_author_info":{"display_name":"SOE","author_link":"https:\/\/ibomberdefensepacific.standardof.net\/de\/author\/k-tastic\/"},"uagb_comment_info":0,"uagb_excerpt":"Edsons Ridge: Watchtower Protect communication routes between the U.S., Australia, and New Zealand by holding position in the Solomons. In Edsons Ridge, you are tasked with protecting your base in the top right portion of the map from a single path of ground units that approach from the bottom left, making an almost 90-degree curve&hellip;","_links":{"self":[{"href":"https:\/\/ibomberdefensepacific.standardof.net\/de\/wp-json\/wp\/v2\/pages\/198"}],"collection":[{"href":"https:\/\/ibomberdefensepacific.standardof.net\/de\/wp-json\/wp\/v2\/pages"}],"about":[{"href":"https:\/\/ibomberdefensepacific.standardof.net\/de\/wp-json\/wp\/v2\/types\/page"}],"author":[{"embeddable":true,"href":"https:\/\/ibomberdefensepacific.standardof.net\/de\/wp-json\/wp\/v2\/users\/1"}],"replies":[{"embeddable":true,"href":"https:\/\/ibomberdefensepacific.standardof.net\/de\/wp-json\/wp\/v2\/comments?post=198"}],"version-history":[{"count":0,"href":"https:\/\/ibomberdefensepacific.standardof.net\/de\/wp-json\/wp\/v2\/pages\/198\/revisions"}],"up":[{"embeddable":true,"href":"https:\/\/ibomberdefensepacific.standardof.net\/de\/wp-json\/wp\/v2\/pages\/164"}],"wp:featuredmedia":[{"embeddable":true,"href":"https:\/\/ibomberdefensepacific.standardof.net\/de\/wp-json\/wp\/v2\/media\/68"}],"wp:attachment":[{"href":"https:\/\/ibomberdefensepacific.standardof.net\/de\/wp-json\/wp\/v2\/media?parent=198"}],"curies":[{"name":"wp","href":"https:\/\/api.w.org\/{rel}","templated":true}]}}