{"id":197,"date":"2020-10-21T13:31:27","date_gmt":"2020-10-21T13:31:27","guid":{"rendered":"https:\/\/ibomberdefensepacific.standardof.net\/?page_id=197"},"modified":"2020-10-21T17:20:42","modified_gmt":"2020-10-21T17:20:42","slug":"campaign-mission-06-tulagi-south-pacific","status":"publish","type":"page","link":"https:\/\/ibomberdefensepacific.standardof.net\/de\/guide\/kampagne-mission-06-tulagi-sud-pazifik\/","title":{"rendered":"Kampagnenmission 06: \u201eTulagi\u201c S\u00fcdpazifik"},"content":{"rendered":"<h2 class=\"wp-block-heading\">Tulagi: S\u00fcdpazifik<\/h2>\n\n\n\n<div class=\"wp-block-image\"><figure class=\"aligncenter size-large\"><a href=\"https:\/\/ibomberdefensepacific.standardof.net\/de\/guide\/kampagne-mission-06-tulagi-sud-pazifik\/ibomber-defense-pacific-campaign-mission-06-tulagi-1\/\"><img decoding=\"async\" width=\"800\" height=\"450\" src=\"https:\/\/ibomberdefensepacific.standardof.net\/wp-content\/uploads\/sites\/6\/2020\/10\/iBomber-Defense-Pacific-Campaign-Mission-06-Tulagi-1-800x450.jpg\" alt=\"&quot;iBomber Defense Pacific&quot; - Kampagnenmission 06 - &quot;Tulagi&quot; (1)\" class=\"wp-image-60\" srcset=\"https:\/\/ibomberdefensepacific.standardof.net\/wp-content\/uploads\/sites\/6\/2020\/10\/iBomber-Defense-Pacific-Campaign-Mission-06-Tulagi-1-800x450.jpg 800w, https:\/\/ibomberdefensepacific.standardof.net\/wp-content\/uploads\/sites\/6\/2020\/10\/iBomber-Defense-Pacific-Campaign-Mission-06-Tulagi-1-512x288.jpg 512w, https:\/\/ibomberdefensepacific.standardof.net\/wp-content\/uploads\/sites\/6\/2020\/10\/iBomber-Defense-Pacific-Campaign-Mission-06-Tulagi-1-200x113.jpg 200w, https:\/\/ibomberdefensepacific.standardof.net\/wp-content\/uploads\/sites\/6\/2020\/10\/iBomber-Defense-Pacific-Campaign-Mission-06-Tulagi-1-768x432.jpg 768w, https:\/\/ibomberdefensepacific.standardof.net\/wp-content\/uploads\/sites\/6\/2020\/10\/iBomber-Defense-Pacific-Campaign-Mission-06-Tulagi-1-16x9.jpg 16w, https:\/\/ibomberdefensepacific.standardof.net\/wp-content\/uploads\/sites\/6\/2020\/10\/iBomber-Defense-Pacific-Campaign-Mission-06-Tulagi-1.jpg 1280w\" sizes=\"(max-width: 800px) 100vw, 800px\" \/><\/a><figcaption>Der Hauptwellenweg des Feindes in Tulagi ist rot gezeichnet.<\/figcaption><\/figure><\/div>\n\n\n\n<p><em>Halten Sie den Feind davon ab, die Kontrolle \u00fcber Tulagi zu \u00fcbernehmen und eine Wasserflugzeugbasis zu bauen.<\/em><\/p>\n\n\n\n<p>In Tulagi befindet sich Ihre Basis links von der Karte, aus der zwei Pfade herausragen: einer kurz und im Norden, der andere l\u00e4nger und im S\u00fcden, bevor Sie nach Nordosten fahren. Sie werden nur von Bodeneinheiten auf dem einzigen, l\u00e4ngeren Weg angegriffen. Sie werden jedoch einigen Schleichangriffen aus anderen Richtungen ausgesetzt sein. Die zwei alliierten Panzer in der N\u00e4he Ihrer Basis sind nur zur Schau.<\/p>\n\n\n\n<p>In diesem Leitfaden erfahren Sie, wie Sie ein Full House erhalten, das eine perfekte Runde mit allen Medaillen und 20 Siegpunkten auf der Tulagi-Ebene des <em>iBomber Defense Pacific<\/em> Kampagne, gespielt auf dem Schwierigkeitsgrad Veteran. Dar\u00fcber hinaus behandelt dieser Missionsleitfaden das sekund\u00e4re Ziel und das versteckte Ziel zusammen mit einem exemplarischen Video.<\/p>\n\n\n\t\t\t\t<div class=\"wp-block-uagb-table-of-contents uagb-toc__align-left uagb-toc__columns-1  uagb-block-ae3afce6\"\n\t\t\t\t\tdata-scroll= \"1\"\n\t\t\t\t\tdata-offset= \"30\"\n\t\t\t\t\tstyle=\"\"\n\t\t\t\t>\n\t\t\t\t<div class=\"uagb-toc__wrap\">\n\t\t\t\t\t\t<div class=\"uagb-toc__title\">\n\t\t\t\t\t\t\tExemplarische Vorgehensweise Navigation:\t\t\t\t\t\t<\/div>\n\t\t\t\t\t\t\t\t\t\t\t\t\t\t\t\t<div class=\"uagb-toc__list-wrap\">\n\t\t\t\t\t\t<ol class=\"uagb-toc__list\"><li class=\"uagb-toc__list\"><a href=\"#secondary-objective\" class=\"uagb-toc-link__trigger\">Sekund\u00e4res Ziel<\/a><li class=\"uagb-toc__list\"><a href=\"#perks-used-for-this-mission\" class=\"uagb-toc-link__trigger\">Vorteile f\u00fcr diese Mission:<\/a><li class=\"uagb-toc__list\"><a href=\"#hidden-target\" class=\"uagb-toc-link__trigger\">Verstecktes Ziel<\/a><li class=\"uagb-toc__list\"><a href=\"#turret-placement\" class=\"uagb-toc-link__trigger\">Revolverplatzierung<\/a><li class=\"uagb-toc__list\"><a href=\"#veteran-difficulty-video-guide\" class=\"uagb-toc-link__trigger\">Video-Leitfaden f\u00fcr Veteranenschwierigkeiten<\/a><\/ol>\t\t\t\t\t<\/div>\n\t\t\t\t\t\t\t\t\t<\/div>\n\t\t\t\t<\/div>\n\t\t\t\n\n\n<hr class=\"wp-block-separator is-style-wide\"\/>\n\n\n\n<h3 class=\"wp-block-heading\">Sekund\u00e4res Ziel<\/h3>\n\n\n\n<p><em>Zerst\u00f6re das feindliche Hauptquartier.<\/em><\/p>\n\n\n\n<p>In diesem Level befindet sich rechts von Ihnen eine feindliche Basis auf der gegen\u00fcberliegenden Seite des Hauptwellenpfades, von der aus Sie Ihre T\u00fcrme platzieren k\u00f6nnen, die Sie f\u00fcr dieses sekund\u00e4re Ziel zerst\u00f6ren m\u00fcssen. Alles in allem sollten nur 3 gut platzierte Bomben ben\u00f6tigt werden, um die Basis zu beseitigen und die Ziele zu erreichen. Beachten Sie, dass die Basis aus der gesamten Geb\u00e4udegruppe besteht, nicht nur aus der Hauptanlage selbst.<\/p>\n\n\n\n<div class=\"wp-block-image\"><figure class=\"aligncenter size-large\"><a href=\"https:\/\/ibomberdefensepacific.standardof.net\/de\/guide\/kampagne-mission-06-tulagi-sud-pazifik\/ibomber-defense-pacific-campaign-mission-06-tulagi-2\/\"><img decoding=\"async\" width=\"407\" height=\"323\" src=\"https:\/\/ibomberdefensepacific.standardof.net\/wp-content\/uploads\/sites\/6\/2020\/10\/iBomber-Defense-Pacific-Campaign-Mission-06-Tulagi-2.jpg\" alt=\"&quot;iBomber Defense Pacific&quot; - Kampagnenmission 06 - &quot;Tulagi&quot; (2)\" class=\"wp-image-61\" srcset=\"https:\/\/ibomberdefensepacific.standardof.net\/wp-content\/uploads\/sites\/6\/2020\/10\/iBomber-Defense-Pacific-Campaign-Mission-06-Tulagi-2.jpg 407w, https:\/\/ibomberdefensepacific.standardof.net\/wp-content\/uploads\/sites\/6\/2020\/10\/iBomber-Defense-Pacific-Campaign-Mission-06-Tulagi-2-200x159.jpg 200w, https:\/\/ibomberdefensepacific.standardof.net\/wp-content\/uploads\/sites\/6\/2020\/10\/iBomber-Defense-Pacific-Campaign-Mission-06-Tulagi-2-16x12.jpg 16w\" sizes=\"(max-width: 407px) 100vw, 407px\" \/><\/a><figcaption>Die feindliche Basis, die Sie f\u00fcr das sekund\u00e4re Ziel zerst\u00f6ren m\u00fcssen, mit Bombenplatzierungsmarkierungen, die als rote X gezeichnet sind.<\/figcaption><\/figure><\/div>\n\n\n\n<p><strong>Versorgungskisten:<\/strong> 4<\/p>\n\n\n\n<p><strong>Ausgegebene Siegpunkte:<\/strong> 100<\/p>\n\n\n\n<ul><li>Maschinengewehr Stufe 3<br>X2 Power vs Flamed Spezialisierung<\/li><li>Kanone Stufe 3<\/li><li>Bombe Stufe 2<\/li><\/ul>\n\n\n\n<hr class=\"wp-block-separator is-style-wide\"\/>\n\n\n\n<h3 class=\"wp-block-heading\">Vorteile f\u00fcr diese Mission:<\/h3>\n\n\n\n<ul><li>Greenback I.<\/li><li>Adlerauge I.<\/li><\/ul>\n\n\n\n<p>Zu diesem Zeitpunkt ist die Auswahl des Greenback-Bargeldbonus f\u00fcr Ihre erste Wahl immer noch von unsch\u00e4tzbarem Wert. In der Zwischenzeit hilft die erh\u00f6hte Zielgeschwindigkeit f\u00fcr T\u00fcrme aus dem Eagle Eye-Vorteil bei Sneak-Angriffen, die versuchen, Ihre T\u00fcrme abzulenken.<\/p>\n\n\n\n<hr class=\"wp-block-separator is-style-wide\"\/>\n\n\n\n<h3 class=\"wp-block-heading\">Verstecktes Ziel<\/h3>\n\n\n\n<p>Das versteckte Ziel ist hier in Tulagi im Freien; Es ist die einzelne H\u00fctte, die in der Mitte des gro\u00dfen gr\u00fcnen Feldes rechts von Ihrer Basis steht. Irgendwann werden einige Einheiten hier angreifen, was eine Gelegenheit f\u00fcr ein 2: 1-Special bedeutet.<\/p>\n\n\n\n<div class=\"wp-block-image\"><figure class=\"aligncenter size-large\"><a href=\"https:\/\/ibomberdefensepacific.standardof.net\/de\/guide\/kampagne-mission-06-tulagi-sud-pazifik\/ibomber-defense-pacific-campaign-mission-06-tulagi-3\/\"><img decoding=\"async\" width=\"305\" height=\"246\" src=\"https:\/\/ibomberdefensepacific.standardof.net\/wp-content\/uploads\/sites\/6\/2020\/10\/iBomber-Defense-Pacific-Campaign-Mission-06-Tulagi-3.jpg\" alt=\"&quot;iBomber Defense Pacific&quot; - Kampagnenmission 06 - &quot;Tulagi&quot; (3)\" class=\"wp-image-62\" srcset=\"https:\/\/ibomberdefensepacific.standardof.net\/wp-content\/uploads\/sites\/6\/2020\/10\/iBomber-Defense-Pacific-Campaign-Mission-06-Tulagi-3.jpg 305w, https:\/\/ibomberdefensepacific.standardof.net\/wp-content\/uploads\/sites\/6\/2020\/10\/iBomber-Defense-Pacific-Campaign-Mission-06-Tulagi-3-200x161.jpg 200w, https:\/\/ibomberdefensepacific.standardof.net\/wp-content\/uploads\/sites\/6\/2020\/10\/iBomber-Defense-Pacific-Campaign-Mission-06-Tulagi-3-16x12.jpg 16w\" sizes=\"(max-width: 305px) 100vw, 305px\" \/><\/a><figcaption>Die kleine H\u00fctte, die das versteckte Ziel in Tulagi ist.<\/figcaption><\/figure><\/div>\n\n\n\n<hr class=\"wp-block-separator is-style-wide\"\/>\n\n\n\n<h3 class=\"wp-block-heading\">Revolverplatzierung<\/h3>\n\n\n\n<figure class=\"wp-block-gallery columns-2 is-cropped wp-block-gallery-1 is-layout-flex wp-block-gallery-is-layout-flex\"><ul class=\"blocks-gallery-grid\"><li class=\"blocks-gallery-item\"><figure><a href=\"https:\/\/ibomberdefensepacific.standardof.net\/de\/guide\/kampagne-mission-06-tulagi-sud-pazifik\/ibomber-defense-pacific-campaign-mission-06-tulagi-4\/\"><img decoding=\"async\" width=\"800\" height=\"450\" src=\"https:\/\/ibomberdefensepacific.standardof.net\/wp-content\/uploads\/sites\/6\/2020\/10\/iBomber-Defense-Pacific-Campaign-Mission-06-Tulagi-4-800x450.jpg\" alt=\"&quot;iBomber Defense Pacific&quot; - Kampagnenmission 06 - &quot;Tulagi&quot; (4)\" data-id=\"63\" data-full-url=\"https:\/\/ibomberdefensepacific.standardof.net\/wp-content\/uploads\/sites\/6\/2020\/10\/iBomber-Defense-Pacific-Campaign-Mission-06-Tulagi-4.jpg\" data-link=\"https:\/\/ibomberdefensepacific.standardof.net\/guide\/campaign-mission-06-tulagi-south-pacific\/ibomber-defense-pacific-campaign-mission-06-tulagi-4\/\" class=\"wp-image-63\" srcset=\"https:\/\/ibomberdefensepacific.standardof.net\/wp-content\/uploads\/sites\/6\/2020\/10\/iBomber-Defense-Pacific-Campaign-Mission-06-Tulagi-4-800x450.jpg 800w, https:\/\/ibomberdefensepacific.standardof.net\/wp-content\/uploads\/sites\/6\/2020\/10\/iBomber-Defense-Pacific-Campaign-Mission-06-Tulagi-4-512x288.jpg 512w, https:\/\/ibomberdefensepacific.standardof.net\/wp-content\/uploads\/sites\/6\/2020\/10\/iBomber-Defense-Pacific-Campaign-Mission-06-Tulagi-4-200x113.jpg 200w, https:\/\/ibomberdefensepacific.standardof.net\/wp-content\/uploads\/sites\/6\/2020\/10\/iBomber-Defense-Pacific-Campaign-Mission-06-Tulagi-4-768x432.jpg 768w, https:\/\/ibomberdefensepacific.standardof.net\/wp-content\/uploads\/sites\/6\/2020\/10\/iBomber-Defense-Pacific-Campaign-Mission-06-Tulagi-4-16x9.jpg 16w, https:\/\/ibomberdefensepacific.standardof.net\/wp-content\/uploads\/sites\/6\/2020\/10\/iBomber-Defense-Pacific-Campaign-Mission-06-Tulagi-4.jpg 1280w\" sizes=\"(max-width: 800px) 100vw, 800px\" \/><\/a><figcaption class=\"blocks-gallery-item__caption\">Platzierung des Revolvers der Welle 10.<\/figcaption><\/figure><\/li><li class=\"blocks-gallery-item\"><figure><a href=\"https:\/\/ibomberdefensepacific.standardof.net\/de\/guide\/kampagne-mission-06-tulagi-sud-pazifik\/ibomber-defense-pacific-campaign-mission-06-tulagi-5\/\"><img decoding=\"async\" width=\"800\" height=\"450\" src=\"https:\/\/ibomberdefensepacific.standardof.net\/wp-content\/uploads\/sites\/6\/2020\/10\/iBomber-Defense-Pacific-Campaign-Mission-06-Tulagi-5-800x450.jpg\" alt=\"&quot;iBomber Defense Pacific&quot; - Kampagnenmission 06 - &quot;Tulagi&quot; (5)\" data-id=\"64\" data-full-url=\"https:\/\/ibomberdefensepacific.standardof.net\/wp-content\/uploads\/sites\/6\/2020\/10\/iBomber-Defense-Pacific-Campaign-Mission-06-Tulagi-5.jpg\" data-link=\"https:\/\/ibomberdefensepacific.standardof.net\/guide\/campaign-mission-06-tulagi-south-pacific\/ibomber-defense-pacific-campaign-mission-06-tulagi-5\/\" class=\"wp-image-64\" srcset=\"https:\/\/ibomberdefensepacific.standardof.net\/wp-content\/uploads\/sites\/6\/2020\/10\/iBomber-Defense-Pacific-Campaign-Mission-06-Tulagi-5-800x450.jpg 800w, https:\/\/ibomberdefensepacific.standardof.net\/wp-content\/uploads\/sites\/6\/2020\/10\/iBomber-Defense-Pacific-Campaign-Mission-06-Tulagi-5-512x288.jpg 512w, https:\/\/ibomberdefensepacific.standardof.net\/wp-content\/uploads\/sites\/6\/2020\/10\/iBomber-Defense-Pacific-Campaign-Mission-06-Tulagi-5-200x113.jpg 200w, https:\/\/ibomberdefensepacific.standardof.net\/wp-content\/uploads\/sites\/6\/2020\/10\/iBomber-Defense-Pacific-Campaign-Mission-06-Tulagi-5-768x432.jpg 768w, https:\/\/ibomberdefensepacific.standardof.net\/wp-content\/uploads\/sites\/6\/2020\/10\/iBomber-Defense-Pacific-Campaign-Mission-06-Tulagi-5-16x9.jpg 16w, https:\/\/ibomberdefensepacific.standardof.net\/wp-content\/uploads\/sites\/6\/2020\/10\/iBomber-Defense-Pacific-Campaign-Mission-06-Tulagi-5.jpg 1280w\" sizes=\"(max-width: 800px) 100vw, 800px\" \/><\/a><figcaption class=\"blocks-gallery-item__caption\">Platzierung des Revolvers der Welle 20.<\/figcaption><\/figure><\/li><\/ul><\/figure>\n\n\n\n<p>Die Platzierung der T\u00fcrme f\u00fcr dieses Level ist recht unkompliziert und begrenzt und konzentriert sich haupts\u00e4chlich auf die Einrichtung einer Gruppe von Kanonen und Maschinengewehren, die von einigen Flamment\u00fcrmen (die f\u00fcr die beste Abdeckung gleichm\u00e4\u00dfig verteilt sind) entlang des erh\u00f6hten Kamms auf der gegen\u00fcberliegenden Seite der feindlichen Basis entlang der Ebene unterst\u00fctzt werden Hauptweg. Ein einzelner Bombenrevolver, der w\u00e4hrend der gesamten Mission aufger\u00fcstet und von Ihrer Basis platziert wurde, sollte ausreichen, um Ihnen gen\u00fcgend Kampfmittel zur Verf\u00fcgung zu stellen, mit denen Sie das geheime Ziel treffen, die feindliche Basis treffen und die Kisten in Tulagi \u00f6ffnen k\u00f6nnen. In der zweiten H\u00e4lfte des Levels wird es schlie\u00dflich von Vorteil sein, dem Bombenturm einen Partner zu geben.<\/p>\n\n\n\n<p>Neben der Arbeit daran, Ihr Geld f\u00fcr die oben genannte Mischung von T\u00fcrmen auf dem erh\u00f6hten Kamm auszugeben, dient die Platzierung eines einzelnen Maschinengewehrs auf dem offenen Platz links unten in der Versorgungskiste direkt in der N\u00e4he Ihrer Basis als gute Schutzverteidigung f\u00fcr potenzielle Nachz\u00fcgler \u00fcberstehen. Es wird auch die Versorgungskiste aufbrechen und einen schleichangreifenden Tank zerst\u00f6ren.<\/p>\n\n\n\n<hr class=\"wp-block-separator is-style-wide\"\/>\n\n\n\n<h3 class=\"has-text-align-center wp-block-heading\" id=\"4-veteran-difficulty-video-guide\">Video-Leitfaden f\u00fcr Veteranenschwierigkeiten<\/h3>\n\n\n\n<figure class=\"wp-block-embed-youtube wp-block-embed is-type-video is-provider-youtube wp-embed-aspect-4-3 wp-has-aspect-ratio\"><div class=\"wp-block-embed__wrapper\">\n<div class=\"ast-oembed-container\" style=\"height: 100%;\"><iframe title=\"Talugi - M6 iBomber Defense Pacific - Veteran Full House Walkthrough\" width=\"500\" height=\"375\" src=\"https:\/\/www.youtube.com\/embed\/4_mKTZbTxto?feature=oembed\" frameborder=\"0\" allow=\"accelerometer; autoplay; clipboard-write; encrypted-media; gyroscope; picture-in-picture; web-share\" referrerpolicy=\"strict-origin-when-cross-origin\" allowfullscreen><\/iframe><\/div>\n<\/div><\/figure>","protected":false},"excerpt":{"rendered":"<p>Tulagi: South Pacific Stop the enemy from taking control of Tulagi and building a seaplane base. In Tulagi, your base is positioned to the left of the map, with a pair of paths curving out of it: one short and to the north, the other longer and curving around the south before heading northeast. You [&hellip;]<\/p>","protected":false},"author":1,"featured_media":64,"parent":164,"menu_order":6,"comment_status":"open","ping_status":"closed","template":"","meta":{"_uag_custom_page_level_css":"","site-sidebar-layout":"default","site-content-layout":"default","ast-site-content-layout":"","site-content-style":"default","site-sidebar-style":"default","ast-global-header-display":"","ast-banner-title-visibility":"","ast-main-header-display":"","ast-hfb-above-header-display":"","ast-hfb-below-header-display":"","ast-hfb-mobile-header-display":"","site-post-title":"","ast-breadcrumbs-content":"","ast-featured-img":"","footer-sml-layout":"","theme-transparent-header-meta":"default","adv-header-id-meta":"","stick-header-meta":"","header-above-stick-meta":"","header-main-stick-meta":"","header-below-stick-meta":"","astra-migrate-meta-layouts":"default","ast-page-background-enabled":"default","ast-page-background-meta":{"desktop":{"background-color":"","background-image":"","background-repeat":"repeat","background-position":"center center","background-size":"auto","background-attachment":"scroll","background-type":"","background-media":"","overlay-type":"","overlay-color":"","overlay-gradient":""},"tablet":{"background-color":"","background-image":"","background-repeat":"repeat","background-position":"center center","background-size":"auto","background-attachment":"scroll","background-type":"","background-media":"","overlay-type":"","overlay-color":"","overlay-gradient":""},"mobile":{"background-color":"","background-image":"","background-repeat":"repeat","background-position":"center center","background-size":"auto","background-attachment":"scroll","background-type":"","background-media":"","overlay-type":"","overlay-color":"","overlay-gradient":""}},"ast-content-background-meta":{"desktop":{"background-color":"var(--ast-global-color-5)","background-image":"","background-repeat":"repeat","background-position":"center center","background-size":"auto","background-attachment":"scroll","background-type":"","background-media":"","overlay-type":"","overlay-color":"","overlay-gradient":""},"tablet":{"background-color":"var(--ast-global-color-5)","background-image":"","background-repeat":"repeat","background-position":"center center","background-size":"auto","background-attachment":"scroll","background-type":"","background-media":"","overlay-type":"","overlay-color":"","overlay-gradient":""},"mobile":{"background-color":"var(--ast-global-color-5)","background-image":"","background-repeat":"repeat","background-position":"center center","background-size":"auto","background-attachment":"scroll","background-type":"","background-media":"","overlay-type":"","overlay-color":"","overlay-gradient":""}},"footnotes":""},"uagb_featured_image_src":{"full":["https:\/\/ibomberdefensepacific.standardof.net\/wp-content\/uploads\/sites\/6\/2020\/10\/iBomber-Defense-Pacific-Campaign-Mission-06-Tulagi-5.jpg",1280,720,false],"thumbnail":["https:\/\/ibomberdefensepacific.standardof.net\/wp-content\/uploads\/sites\/6\/2020\/10\/iBomber-Defense-Pacific-Campaign-Mission-06-Tulagi-5-200x113.jpg",200,113,true],"medium":["https:\/\/ibomberdefensepacific.standardof.net\/wp-content\/uploads\/sites\/6\/2020\/10\/iBomber-Defense-Pacific-Campaign-Mission-06-Tulagi-5-512x288.jpg",512,288,true],"medium_large":["https:\/\/ibomberdefensepacific.standardof.net\/wp-content\/uploads\/sites\/6\/2020\/10\/iBomber-Defense-Pacific-Campaign-Mission-06-Tulagi-5-768x432.jpg",768,432,true],"large":["https:\/\/ibomberdefensepacific.standardof.net\/wp-content\/uploads\/sites\/6\/2020\/10\/iBomber-Defense-Pacific-Campaign-Mission-06-Tulagi-5-800x450.jpg",800,450,true],"1536x1536":["https:\/\/ibomberdefensepacific.standardof.net\/wp-content\/uploads\/sites\/6\/2020\/10\/iBomber-Defense-Pacific-Campaign-Mission-06-Tulagi-5.jpg",1280,720,false],"2048x2048":["https:\/\/ibomberdefensepacific.standardof.net\/wp-content\/uploads\/sites\/6\/2020\/10\/iBomber-Defense-Pacific-Campaign-Mission-06-Tulagi-5.jpg",1280,720,false],"trp-custom-language-flag":["https:\/\/ibomberdefensepacific.standardof.net\/wp-content\/uploads\/sites\/6\/2020\/10\/iBomber-Defense-Pacific-Campaign-Mission-06-Tulagi-5-16x9.jpg",16,9,true]},"uagb_author_info":{"display_name":"SOE","author_link":"https:\/\/ibomberdefensepacific.standardof.net\/de\/author\/k-tastic\/"},"uagb_comment_info":0,"uagb_excerpt":"Tulagi: South Pacific Stop the enemy from taking control of Tulagi and building a seaplane base. In Tulagi, your base is positioned to the left of the map, with a pair of paths curving out of it: one short and to the north, the other longer and curving around the south before heading northeast. You&hellip;","_links":{"self":[{"href":"https:\/\/ibomberdefensepacific.standardof.net\/de\/wp-json\/wp\/v2\/pages\/197"}],"collection":[{"href":"https:\/\/ibomberdefensepacific.standardof.net\/de\/wp-json\/wp\/v2\/pages"}],"about":[{"href":"https:\/\/ibomberdefensepacific.standardof.net\/de\/wp-json\/wp\/v2\/types\/page"}],"author":[{"embeddable":true,"href":"https:\/\/ibomberdefensepacific.standardof.net\/de\/wp-json\/wp\/v2\/users\/1"}],"replies":[{"embeddable":true,"href":"https:\/\/ibomberdefensepacific.standardof.net\/de\/wp-json\/wp\/v2\/comments?post=197"}],"version-history":[{"count":0,"href":"https:\/\/ibomberdefensepacific.standardof.net\/de\/wp-json\/wp\/v2\/pages\/197\/revisions"}],"up":[{"embeddable":true,"href":"https:\/\/ibomberdefensepacific.standardof.net\/de\/wp-json\/wp\/v2\/pages\/164"}],"wp:featuredmedia":[{"embeddable":true,"href":"https:\/\/ibomberdefensepacific.standardof.net\/de\/wp-json\/wp\/v2\/media\/64"}],"wp:attachment":[{"href":"https:\/\/ibomberdefensepacific.standardof.net\/de\/wp-json\/wp\/v2\/media?parent=197"}],"curies":[{"name":"wp","href":"https:\/\/api.w.org\/{rel}","templated":true}]}}