{"id":196,"date":"2020-10-21T13:31:09","date_gmt":"2020-10-21T13:31:09","guid":{"rendered":"https:\/\/ibomberdefensepacific.standardof.net\/?page_id=196"},"modified":"2020-10-21T17:20:32","modified_gmt":"2020-10-21T17:20:32","slug":"campaign-mission-05-midway-atoll-sea-attack","status":"publish","type":"page","link":"https:\/\/ibomberdefensepacific.standardof.net\/de\/guide\/kampagne-mission-05-midway-atoll-sea-angriff\/","title":{"rendered":"Kampagnenmission 05: Seeangriff \u201eMidway Atoll\u201c!"},"content":{"rendered":"<h2 class=\"wp-block-heading\">Midway Atoll: Seeangriff!<\/h2>\n\n\n\n<div class=\"wp-block-image\"><figure class=\"aligncenter size-large\"><a href=\"https:\/\/ibomberdefensepacific.standardof.net\/de\/guide\/kampagne-mission-05-midway-atoll-sea-angriff\/ibomber-defense-pacific-campaign-mission-05-midway-atoll-1\/\"><img decoding=\"async\" width=\"800\" height=\"450\" src=\"https:\/\/ibomberdefensepacific.standardof.net\/wp-content\/uploads\/sites\/6\/2020\/10\/iBomber-Defense-Pacific-Campaign-Mission-05-Midway-Atoll-1-800x450.jpg\" alt=\"&quot;iBomber Defense Pacific&quot; - Kampagnenmission 05 - &quot;Midway Atoll&quot; (1)\" class=\"wp-image-55\" srcset=\"https:\/\/ibomberdefensepacific.standardof.net\/wp-content\/uploads\/sites\/6\/2020\/10\/iBomber-Defense-Pacific-Campaign-Mission-05-Midway-Atoll-1-800x450.jpg 800w, https:\/\/ibomberdefensepacific.standardof.net\/wp-content\/uploads\/sites\/6\/2020\/10\/iBomber-Defense-Pacific-Campaign-Mission-05-Midway-Atoll-1-512x288.jpg 512w, https:\/\/ibomberdefensepacific.standardof.net\/wp-content\/uploads\/sites\/6\/2020\/10\/iBomber-Defense-Pacific-Campaign-Mission-05-Midway-Atoll-1-200x113.jpg 200w, https:\/\/ibomberdefensepacific.standardof.net\/wp-content\/uploads\/sites\/6\/2020\/10\/iBomber-Defense-Pacific-Campaign-Mission-05-Midway-Atoll-1-768x432.jpg 768w, https:\/\/ibomberdefensepacific.standardof.net\/wp-content\/uploads\/sites\/6\/2020\/10\/iBomber-Defense-Pacific-Campaign-Mission-05-Midway-Atoll-1-16x9.jpg 16w, https:\/\/ibomberdefensepacific.standardof.net\/wp-content\/uploads\/sites\/6\/2020\/10\/iBomber-Defense-Pacific-Campaign-Mission-05-Midway-Atoll-1.jpg 1280w\" sizes=\"(max-width: 800px) 100vw, 800px\" \/><\/a><figcaption>Die Pfade der feindlichen Marineeinheiten sind rot gezeichnet, als sie sich der Basis im Midway Atoll n\u00e4hern.<\/figcaption><\/figure><\/div>\n\n\n\n<p><em>Sch\u00fctzen Sie Ihre Position auf halbem Weg, um zu verhindern, dass der Feind seinen Verteidigungsumfang erweitert.<\/em><\/p>\n\n\n\n<p>Im Midway Atoll stehen Sie zwei Hauptpfaden von Wellen von Marineeinheiten gegen\u00fcber, die f\u00fcr 20 Wellen von unten rechts und oben in der Mitte der Karte zu Ihrer Basis unten links kommen. Es gibt zwei Inseln, von denen die gr\u00f6\u00dfere besser zum Platzieren von T\u00fcrmen geeignet ist. Der obere Pfad wird auch zwischen der kleinen und der gro\u00dfen Insel aufgeteilt, um sich gelegentlich um beide Seiten zu kr\u00fcmmen. Denken Sie also daran. Schlie\u00dflich gibt es links auf dem Festland eine Bodenbasis von Ihnen, die jedoch ignoriert werden kann, da sie unber\u00fchrt bleibt und in diesem Level nur als Kulisse fungiert.<\/p>\n\n\n\n<p>In diesem Leitfaden erfahren Sie, wie Sie ein Full House erhalten, das eine perfekte Runde mit allen Medaillen und 20 Siegpunkten auf dem Midway Atoll-Level des <em>iBomber Defense Pacific<\/em> Kampagne, gespielt auf dem Schwierigkeitsgrad Veteran. Dar\u00fcber hinaus behandelt dieser Missionsleitfaden das sekund\u00e4re Ziel und das versteckte Ziel zusammen mit einem exemplarischen Video.<\/p>\n\n\n\t\t\t\t<div class=\"wp-block-uagb-table-of-contents uagb-toc__align-left uagb-toc__columns-1  uagb-block-a73a7bfa\"\n\t\t\t\t\tdata-scroll= \"1\"\n\t\t\t\t\tdata-offset= \"30\"\n\t\t\t\t\tstyle=\"\"\n\t\t\t\t>\n\t\t\t\t<div class=\"uagb-toc__wrap\">\n\t\t\t\t\t\t<div class=\"uagb-toc__title\">\n\t\t\t\t\t\t\tExemplarische Vorgehensweise Navigation:\t\t\t\t\t\t<\/div>\n\t\t\t\t\t\t\t\t\t\t\t\t\t\t\t\t<div class=\"uagb-toc__list-wrap\">\n\t\t\t\t\t\t<ol class=\"uagb-toc__list\"><li class=\"uagb-toc__list\"><a href=\"#secondary-objective\" class=\"uagb-toc-link__trigger\">Sekund\u00e4res Ziel<\/a><li class=\"uagb-toc__list\"><a href=\"#perks-used-for-this-mission\" class=\"uagb-toc-link__trigger\">Vorteile f\u00fcr diese Mission:<\/a><li class=\"uagb-toc__list\"><a href=\"#hidden-target\" class=\"uagb-toc-link__trigger\">Verstecktes Ziel<\/a><li class=\"uagb-toc__list\"><a href=\"#turret-placement\" class=\"uagb-toc-link__trigger\">Revolverplatzierung<\/a><li class=\"uagb-toc__list\"><a href=\"#veteran-difficulty-video-guide\" class=\"uagb-toc-link__trigger\">Video-Leitfaden f\u00fcr Veteranenschwierigkeiten<\/a><\/ol>\t\t\t\t\t<\/div>\n\t\t\t\t\t\t\t\t\t<\/div>\n\t\t\t\t<\/div>\n\t\t\t\n\n\n<hr class=\"wp-block-separator is-style-wide\"\/>\n\n\n\n<h3 class=\"wp-block-heading\">Sekund\u00e4res Ziel<\/h3>\n\n\n\n<p><em>Sch\u00fctzen Sie Ihre Versorgungsschiffe.<\/em><\/p>\n\n\n\n<p>Im unteren rechten Teil der Karte befindet sich eine Reihe geparkter Boote an einem Dock. Dies sind die Versorgungsschiffe, die Sie f\u00fcr das sekund\u00e4re Ziel sch\u00fctzen m\u00fcssen. Der beste Weg, dies zu tun, ist mit einem Turm am Ende jedes der Holzdocks zuerst und mit der Zeit auf dem Beton. Au\u00dferdem ist es am besten, die Kiste auf den Docks mit normalem Waffenfeuer zu zerst\u00f6ren, da das Abwerfen einer Bombe eine sehr hohe Wahrscheinlichkeit f\u00fcr Kollateralsch\u00e4den aufweist.<\/p>\n\n\n\n<div class=\"wp-block-image\"><figure class=\"aligncenter size-large\"><a href=\"https:\/\/ibomberdefensepacific.standardof.net\/de\/guide\/kampagne-mission-05-midway-atoll-sea-angriff\/ibomber-defense-pacific-campaign-mission-05-midway-atoll-2\/\"><img decoding=\"async\" width=\"444\" height=\"215\" src=\"https:\/\/ibomberdefensepacific.standardof.net\/wp-content\/uploads\/sites\/6\/2020\/10\/iBomber-Defense-Pacific-Campaign-Mission-05-Midway-Atoll-2.jpg\" alt=\"&quot;iBomber Defense Pacific&quot; - Kampagnenmission 05 - &quot;Midway Atoll&quot; (2)\" class=\"wp-image-56\" srcset=\"https:\/\/ibomberdefensepacific.standardof.net\/wp-content\/uploads\/sites\/6\/2020\/10\/iBomber-Defense-Pacific-Campaign-Mission-05-Midway-Atoll-2.jpg 444w, https:\/\/ibomberdefensepacific.standardof.net\/wp-content\/uploads\/sites\/6\/2020\/10\/iBomber-Defense-Pacific-Campaign-Mission-05-Midway-Atoll-2-200x97.jpg 200w, https:\/\/ibomberdefensepacific.standardof.net\/wp-content\/uploads\/sites\/6\/2020\/10\/iBomber-Defense-Pacific-Campaign-Mission-05-Midway-Atoll-2-16x8.jpg 16w\" sizes=\"(max-width: 444px) 100vw, 444px\" \/><\/a><figcaption>Die Versorgungsschiffe, die Sie f\u00fcr das sekund\u00e4re Ziel sch\u00fctzen m\u00fcssen.<\/figcaption><\/figure><\/div>\n\n\n\n<p><strong>Versorgungskisten:<\/strong> 6<\/p>\n\n\n\n<p><strong>Ausgegebene Siegpunkte:<\/strong> 80<\/p>\n\n\n\n<ul><li>Maschinengewehr Stufe 3<\/li><li>Kanone Stufe 3<\/li><li>Bombe Stufe 3<\/li><\/ul>\n\n\n\n<hr class=\"wp-block-separator is-style-wide\"\/>\n\n\n\n<h3 class=\"wp-block-heading\">Vorteile f\u00fcr diese Mission:<\/h3>\n\n\n\n<ul><li>Greenback I.<\/li><li>Adlerauge I.<\/li><\/ul>\n\n\n\n<p>Wie immer kann das zus\u00e4tzliche Geld zu Beginn des Levels einen gro\u00dfen Unterschied machen. Wir tauschen jetzt die zus\u00e4tzliche Bombe aus, um schneller auf alle T\u00fcrme zu zielen, da sowieso mehr Zeit bleibt, um Bomben zu bauen. Dieser Vorteil ist hilfreich, um einige gut platzierte Waffen optimal zu nutzen.<\/p>\n\n\n\n<hr class=\"wp-block-separator is-style-wide\"\/>\n\n\n\n<h3 class=\"wp-block-heading\">Verstecktes Ziel<\/h3>\n\n\n\n<p>Das versteckte Ziel ist in dieser Mission sehr leicht zu finden (solange Sie wissen, wonach Sie suchen m\u00fcssen). In der unteren Mitte der Karte im s\u00fcdlichen Teil des Festlandes befindet sich das orangefarbene Lagerhaus im Bild oben. Bomben weg.<\/p>\n\n\n\n<div class=\"wp-block-image\"><figure class=\"aligncenter size-large\"><a href=\"https:\/\/ibomberdefensepacific.standardof.net\/de\/guide\/kampagne-mission-05-midway-atoll-sea-angriff\/ibomber-defense-pacific-campaign-mission-05-midway-atoll-3\/\"><img decoding=\"async\" width=\"248\" height=\"190\" src=\"https:\/\/ibomberdefensepacific.standardof.net\/wp-content\/uploads\/sites\/6\/2020\/10\/iBomber-Defense-Pacific-Campaign-Mission-05-Midway-Atoll-3.jpg\" alt=\"&quot;iBomber Defense Pacific&quot; - Kampagnenmission 05 - &quot;Midway Atoll&quot; (3)\" class=\"wp-image-57\" srcset=\"https:\/\/ibomberdefensepacific.standardof.net\/wp-content\/uploads\/sites\/6\/2020\/10\/iBomber-Defense-Pacific-Campaign-Mission-05-Midway-Atoll-3.jpg 248w, https:\/\/ibomberdefensepacific.standardof.net\/wp-content\/uploads\/sites\/6\/2020\/10\/iBomber-Defense-Pacific-Campaign-Mission-05-Midway-Atoll-3-200x153.jpg 200w, https:\/\/ibomberdefensepacific.standardof.net\/wp-content\/uploads\/sites\/6\/2020\/10\/iBomber-Defense-Pacific-Campaign-Mission-05-Midway-Atoll-3-16x12.jpg 16w\" sizes=\"(max-width: 248px) 100vw, 248px\" \/><\/a><figcaption>Das versteckte Ziel des orangefarbenen Lagerhauses im Midway Atoll.<\/figcaption><\/figure><\/div>\n\n\n\n<hr class=\"wp-block-separator is-style-wide\"\/>\n\n\n\n<h3 class=\"wp-block-heading\">Revolverplatzierung<\/h3>\n\n\n\n<figure class=\"wp-block-gallery columns-2 is-cropped wp-block-gallery-1 is-layout-flex wp-block-gallery-is-layout-flex\"><ul class=\"blocks-gallery-grid\"><li class=\"blocks-gallery-item\"><figure><a href=\"https:\/\/ibomberdefensepacific.standardof.net\/de\/guide\/kampagne-mission-05-midway-atoll-sea-angriff\/ibomber-defense-pacific-campaign-mission-05-midway-atoll-4\/\"><img decoding=\"async\" width=\"800\" height=\"450\" src=\"https:\/\/ibomberdefensepacific.standardof.net\/wp-content\/uploads\/sites\/6\/2020\/10\/iBomber-Defense-Pacific-Campaign-Mission-05-Midway-Atoll-4-800x450.jpg\" alt=\"&quot;iBomber Defense Pacific&quot; - Kampagnenmission 05 - &quot;Midway Atoll&quot; (4)\" data-id=\"58\" data-full-url=\"https:\/\/ibomberdefensepacific.standardof.net\/wp-content\/uploads\/sites\/6\/2020\/10\/iBomber-Defense-Pacific-Campaign-Mission-05-Midway-Atoll-4.jpg\" data-link=\"https:\/\/ibomberdefensepacific.standardof.net\/guide\/campaign-mission-05-midway-atoll-sea-attack\/ibomber-defense-pacific-campaign-mission-05-midway-atoll-4\/\" class=\"wp-image-58\" srcset=\"https:\/\/ibomberdefensepacific.standardof.net\/wp-content\/uploads\/sites\/6\/2020\/10\/iBomber-Defense-Pacific-Campaign-Mission-05-Midway-Atoll-4-800x450.jpg 800w, https:\/\/ibomberdefensepacific.standardof.net\/wp-content\/uploads\/sites\/6\/2020\/10\/iBomber-Defense-Pacific-Campaign-Mission-05-Midway-Atoll-4-512x288.jpg 512w, https:\/\/ibomberdefensepacific.standardof.net\/wp-content\/uploads\/sites\/6\/2020\/10\/iBomber-Defense-Pacific-Campaign-Mission-05-Midway-Atoll-4-200x113.jpg 200w, https:\/\/ibomberdefensepacific.standardof.net\/wp-content\/uploads\/sites\/6\/2020\/10\/iBomber-Defense-Pacific-Campaign-Mission-05-Midway-Atoll-4-768x432.jpg 768w, https:\/\/ibomberdefensepacific.standardof.net\/wp-content\/uploads\/sites\/6\/2020\/10\/iBomber-Defense-Pacific-Campaign-Mission-05-Midway-Atoll-4-16x9.jpg 16w, https:\/\/ibomberdefensepacific.standardof.net\/wp-content\/uploads\/sites\/6\/2020\/10\/iBomber-Defense-Pacific-Campaign-Mission-05-Midway-Atoll-4.jpg 1280w\" sizes=\"(max-width: 800px) 100vw, 800px\" \/><\/a><figcaption class=\"blocks-gallery-item__caption\">Platzierung des Revolvers der Welle 10.<\/figcaption><\/figure><\/li><li class=\"blocks-gallery-item\"><figure><a href=\"https:\/\/ibomberdefensepacific.standardof.net\/de\/guide\/kampagne-mission-05-midway-atoll-sea-angriff\/ibomber-defense-pacific-campaign-mission-05-midway-atoll-5\/\"><img decoding=\"async\" width=\"800\" height=\"450\" src=\"https:\/\/ibomberdefensepacific.standardof.net\/wp-content\/uploads\/sites\/6\/2020\/10\/iBomber-Defense-Pacific-Campaign-Mission-05-Midway-Atoll-5-800x450.jpg\" alt=\"&quot;iBomber Defense Pacific&quot; - Kampagnenmission 05 - &quot;Midway Atoll&quot; (5)\" data-id=\"59\" data-full-url=\"https:\/\/ibomberdefensepacific.standardof.net\/wp-content\/uploads\/sites\/6\/2020\/10\/iBomber-Defense-Pacific-Campaign-Mission-05-Midway-Atoll-5.jpg\" data-link=\"https:\/\/ibomberdefensepacific.standardof.net\/guide\/campaign-mission-05-midway-atoll-sea-attack\/ibomber-defense-pacific-campaign-mission-05-midway-atoll-5\/\" class=\"wp-image-59\" srcset=\"https:\/\/ibomberdefensepacific.standardof.net\/wp-content\/uploads\/sites\/6\/2020\/10\/iBomber-Defense-Pacific-Campaign-Mission-05-Midway-Atoll-5-800x450.jpg 800w, https:\/\/ibomberdefensepacific.standardof.net\/wp-content\/uploads\/sites\/6\/2020\/10\/iBomber-Defense-Pacific-Campaign-Mission-05-Midway-Atoll-5-512x288.jpg 512w, https:\/\/ibomberdefensepacific.standardof.net\/wp-content\/uploads\/sites\/6\/2020\/10\/iBomber-Defense-Pacific-Campaign-Mission-05-Midway-Atoll-5-200x113.jpg 200w, https:\/\/ibomberdefensepacific.standardof.net\/wp-content\/uploads\/sites\/6\/2020\/10\/iBomber-Defense-Pacific-Campaign-Mission-05-Midway-Atoll-5-768x432.jpg 768w, https:\/\/ibomberdefensepacific.standardof.net\/wp-content\/uploads\/sites\/6\/2020\/10\/iBomber-Defense-Pacific-Campaign-Mission-05-Midway-Atoll-5-16x9.jpg 16w, https:\/\/ibomberdefensepacific.standardof.net\/wp-content\/uploads\/sites\/6\/2020\/10\/iBomber-Defense-Pacific-Campaign-Mission-05-Midway-Atoll-5.jpg 1280w\" sizes=\"(max-width: 800px) 100vw, 800px\" \/><\/a><figcaption class=\"blocks-gallery-item__caption\">Platzierung des Revolvers der Welle 20.<\/figcaption><\/figure><\/li><\/ul><\/figure>\n\n\n\n<p>Wenn Sie T\u00fcrme im Midway Atoll auf Veteranen platzieren, konzentrieren Sie sich darauf, zuerst ein Paar Maschinengewehre an jedem Ende der Holzdocks von den Versorgungsschiffen zu bekommen und diese T\u00fcrme dann reparieren zu lassen. Halten Sie sie jedoch f\u00fcr den gr\u00f6\u00dften Teil der Mission auf Stufe 1, da diese vorerst nur das Feuer aufsaugen sollen.<\/p>\n\n\n\n<p>Ein weiteres Paar Maschinengewehre, diesmal aufger\u00fcstet, kann auf der Nord- und S\u00fcdseite der gro\u00dfen Insel platziert werden, wobei die Aufr\u00fcstungen des s\u00fcdlichen Turms Vorrang haben. Arbeiten Sie dann an einer Kanone in der Mitte der Insel, die beide Hauptwege und eine Sekunde am Ende des Betonpfeilers abdeckt, um Ihren Versorgungsschiffen einen vollst\u00e4ndigen Turmschild zu geben. Ein einziger Bombenturm reicht aus, der gelegentlich aufger\u00fcstet wird, um einige der Kisten aufzubrechen und das versteckte Ziel zu treffen.<\/p>\n\n\n\n<p>Versuchen Sie auf Ihrem Weg in Richtung Welle 20, eine weitere Kanone (wobei eine der beiden aufger\u00fcstet wird) auf der zentralen Insel zu erhalten, auf der beide Hauptpfade abdecken. Diese Insel ist der beste Punkt, um den gr\u00f6\u00dften Teil Ihres Geldes zu sammeln, da hier die beste Turmabdeckung vorhanden ist. Wenn Sie etwas Geld in einen zweiten Bombenturm stecken und einer der beiden auf Stufe 3, k\u00f6nnen Sie das Aufbrechen der Kisten beenden und sich dann an die Verteidigung mit gut platzierten Bomben wenden.<\/p>\n\n\n\n<hr class=\"wp-block-separator is-style-wide\"\/>\n\n\n\n<h3 class=\"has-text-align-center wp-block-heading\" id=\"4-veteran-difficulty-video-guide\">Video-Leitfaden f\u00fcr Veteranenschwierigkeiten<\/h3>\n\n\n\n<figure class=\"wp-block-embed-youtube wp-block-embed is-type-video is-provider-youtube wp-embed-aspect-4-3 wp-has-aspect-ratio\"><div class=\"wp-block-embed__wrapper\">\n<div class=\"ast-oembed-container\" style=\"height: 100%;\"><iframe title=\"Midway Atoll - M5 iBomber Defense Pacific - Veteran Full House Walkthrough\" width=\"500\" height=\"375\" src=\"https:\/\/www.youtube.com\/embed\/20I4_NaAHFk?feature=oembed\" frameborder=\"0\" allow=\"accelerometer; autoplay; clipboard-write; encrypted-media; gyroscope; picture-in-picture; web-share\" referrerpolicy=\"strict-origin-when-cross-origin\" allowfullscreen><\/iframe><\/div>\n<\/div><\/figure>","protected":false},"excerpt":{"rendered":"<p>Midway Atoll: Sea Attack! Protect your position on Midway to stop the enemy from extending their defensive perimeter. In Midway Atoll, you are facing two main paths of naval unit waves that come from the bottom right and top center of the map towards your base in the bottom left for 20 waves. There are [&hellip;]<\/p>","protected":false},"author":1,"featured_media":59,"parent":164,"menu_order":5,"comment_status":"open","ping_status":"closed","template":"","meta":{"_uag_custom_page_level_css":"","site-sidebar-layout":"default","site-content-layout":"default","ast-site-content-layout":"","site-content-style":"default","site-sidebar-style":"default","ast-global-header-display":"","ast-banner-title-visibility":"","ast-main-header-display":"","ast-hfb-above-header-display":"","ast-hfb-below-header-display":"","ast-hfb-mobile-header-display":"","site-post-title":"","ast-breadcrumbs-content":"","ast-featured-img":"","footer-sml-layout":"","theme-transparent-header-meta":"default","adv-header-id-meta":"","stick-header-meta":"","header-above-stick-meta":"","header-main-stick-meta":"","header-below-stick-meta":"","astra-migrate-meta-layouts":"default","ast-page-background-enabled":"default","ast-page-background-meta":{"desktop":{"background-color":"","background-image":"","background-repeat":"repeat","background-position":"center center","background-size":"auto","background-attachment":"scroll","background-type":"","background-media":"","overlay-type":"","overlay-color":"","overlay-gradient":""},"tablet":{"background-color":"","background-image":"","background-repeat":"repeat","background-position":"center center","background-size":"auto","background-attachment":"scroll","background-type":"","background-media":"","overlay-type":"","overlay-color":"","overlay-gradient":""},"mobile":{"background-color":"","background-image":"","background-repeat":"repeat","background-position":"center center","background-size":"auto","background-attachment":"scroll","background-type":"","background-media":"","overlay-type":"","overlay-color":"","overlay-gradient":""}},"ast-content-background-meta":{"desktop":{"background-color":"var(--ast-global-color-5)","background-image":"","background-repeat":"repeat","background-position":"center center","background-size":"auto","background-attachment":"scroll","background-type":"","background-media":"","overlay-type":"","overlay-color":"","overlay-gradient":""},"tablet":{"background-color":"var(--ast-global-color-5)","background-image":"","background-repeat":"repeat","background-position":"center center","background-size":"auto","background-attachment":"scroll","background-type":"","background-media":"","overlay-type":"","overlay-color":"","overlay-gradient":""},"mobile":{"background-color":"var(--ast-global-color-5)","background-image":"","background-repeat":"repeat","background-position":"center center","background-size":"auto","background-attachment":"scroll","background-type":"","background-media":"","overlay-type":"","overlay-color":"","overlay-gradient":""}},"footnotes":""},"uagb_featured_image_src":{"full":["https:\/\/ibomberdefensepacific.standardof.net\/wp-content\/uploads\/sites\/6\/2020\/10\/iBomber-Defense-Pacific-Campaign-Mission-05-Midway-Atoll-5.jpg",1280,720,false],"thumbnail":["https:\/\/ibomberdefensepacific.standardof.net\/wp-content\/uploads\/sites\/6\/2020\/10\/iBomber-Defense-Pacific-Campaign-Mission-05-Midway-Atoll-5-200x113.jpg",200,113,true],"medium":["https:\/\/ibomberdefensepacific.standardof.net\/wp-content\/uploads\/sites\/6\/2020\/10\/iBomber-Defense-Pacific-Campaign-Mission-05-Midway-Atoll-5-512x288.jpg",512,288,true],"medium_large":["https:\/\/ibomberdefensepacific.standardof.net\/wp-content\/uploads\/sites\/6\/2020\/10\/iBomber-Defense-Pacific-Campaign-Mission-05-Midway-Atoll-5-768x432.jpg",768,432,true],"large":["https:\/\/ibomberdefensepacific.standardof.net\/wp-content\/uploads\/sites\/6\/2020\/10\/iBomber-Defense-Pacific-Campaign-Mission-05-Midway-Atoll-5-800x450.jpg",800,450,true],"1536x1536":["https:\/\/ibomberdefensepacific.standardof.net\/wp-content\/uploads\/sites\/6\/2020\/10\/iBomber-Defense-Pacific-Campaign-Mission-05-Midway-Atoll-5.jpg",1280,720,false],"2048x2048":["https:\/\/ibomberdefensepacific.standardof.net\/wp-content\/uploads\/sites\/6\/2020\/10\/iBomber-Defense-Pacific-Campaign-Mission-05-Midway-Atoll-5.jpg",1280,720,false],"trp-custom-language-flag":["https:\/\/ibomberdefensepacific.standardof.net\/wp-content\/uploads\/sites\/6\/2020\/10\/iBomber-Defense-Pacific-Campaign-Mission-05-Midway-Atoll-5-16x9.jpg",16,9,true]},"uagb_author_info":{"display_name":"SOE","author_link":"https:\/\/ibomberdefensepacific.standardof.net\/de\/author\/k-tastic\/"},"uagb_comment_info":0,"uagb_excerpt":"Midway Atoll: Sea Attack! Protect your position on Midway to stop the enemy from extending their defensive perimeter. In Midway Atoll, you are facing two main paths of naval unit waves that come from the bottom right and top center of the map towards your base in the bottom left for 20 waves. There are&hellip;","_links":{"self":[{"href":"https:\/\/ibomberdefensepacific.standardof.net\/de\/wp-json\/wp\/v2\/pages\/196"}],"collection":[{"href":"https:\/\/ibomberdefensepacific.standardof.net\/de\/wp-json\/wp\/v2\/pages"}],"about":[{"href":"https:\/\/ibomberdefensepacific.standardof.net\/de\/wp-json\/wp\/v2\/types\/page"}],"author":[{"embeddable":true,"href":"https:\/\/ibomberdefensepacific.standardof.net\/de\/wp-json\/wp\/v2\/users\/1"}],"replies":[{"embeddable":true,"href":"https:\/\/ibomberdefensepacific.standardof.net\/de\/wp-json\/wp\/v2\/comments?post=196"}],"version-history":[{"count":0,"href":"https:\/\/ibomberdefensepacific.standardof.net\/de\/wp-json\/wp\/v2\/pages\/196\/revisions"}],"up":[{"embeddable":true,"href":"https:\/\/ibomberdefensepacific.standardof.net\/de\/wp-json\/wp\/v2\/pages\/164"}],"wp:featuredmedia":[{"embeddable":true,"href":"https:\/\/ibomberdefensepacific.standardof.net\/de\/wp-json\/wp\/v2\/media\/59"}],"wp:attachment":[{"href":"https:\/\/ibomberdefensepacific.standardof.net\/de\/wp-json\/wp\/v2\/media?parent=196"}],"curies":[{"name":"wp","href":"https:\/\/api.w.org\/{rel}","templated":true}]}}