{"id":195,"date":"2020-10-21T13:30:46","date_gmt":"2020-10-21T13:30:46","guid":{"rendered":"https:\/\/ibomberdefensepacific.standardof.net\/?page_id=195"},"modified":"2020-10-21T17:20:21","modified_gmt":"2020-10-21T17:20:21","slug":"campaign-mission-04-guadalcanal-watchtower","status":"publish","type":"page","link":"https:\/\/ibomberdefensepacific.standardof.net\/de\/guide\/kampagne-mission-04-guadalcanal-wachturm\/","title":{"rendered":"Kampagnenmission 04: Wachtturm \u201eGuadalcanal\u201c"},"content":{"rendered":"<h2 class=\"wp-block-heading\">Guadalcanal: Wachtturm<\/h2>\n\n\n\n<div class=\"wp-block-image\"><figure class=\"aligncenter size-large\"><a href=\"https:\/\/ibomberdefensepacific.standardof.net\/de\/guide\/kampagne-mission-04-guadalcanal-wachturm\/ibomber-defense-pacific-campaign-mission-04-guadalcanal-1\/\"><img decoding=\"async\" width=\"800\" height=\"450\" src=\"https:\/\/ibomberdefensepacific.standardof.net\/wp-content\/uploads\/sites\/6\/2020\/10\/iBomber-Defense-Pacific-Campaign-Mission-04-Guadalcanal-1-800x450.jpg\" alt=\"&quot;iBomber Defense Pacific&quot; - Kampagnenmission 04 - &quot;Guadalcanal&quot; (1)\" class=\"wp-image-50\" srcset=\"https:\/\/ibomberdefensepacific.standardof.net\/wp-content\/uploads\/sites\/6\/2020\/10\/iBomber-Defense-Pacific-Campaign-Mission-04-Guadalcanal-1-800x450.jpg 800w, https:\/\/ibomberdefensepacific.standardof.net\/wp-content\/uploads\/sites\/6\/2020\/10\/iBomber-Defense-Pacific-Campaign-Mission-04-Guadalcanal-1-512x288.jpg 512w, https:\/\/ibomberdefensepacific.standardof.net\/wp-content\/uploads\/sites\/6\/2020\/10\/iBomber-Defense-Pacific-Campaign-Mission-04-Guadalcanal-1-200x113.jpg 200w, https:\/\/ibomberdefensepacific.standardof.net\/wp-content\/uploads\/sites\/6\/2020\/10\/iBomber-Defense-Pacific-Campaign-Mission-04-Guadalcanal-1-768x432.jpg 768w, https:\/\/ibomberdefensepacific.standardof.net\/wp-content\/uploads\/sites\/6\/2020\/10\/iBomber-Defense-Pacific-Campaign-Mission-04-Guadalcanal-1-16x9.jpg 16w, https:\/\/ibomberdefensepacific.standardof.net\/wp-content\/uploads\/sites\/6\/2020\/10\/iBomber-Defense-Pacific-Campaign-Mission-04-Guadalcanal-1.jpg 1280w\" sizes=\"(max-width: 800px) 100vw, 800px\" \/><\/a><figcaption>Feindliche Route der Hauptwelle in Rot mit blauen Linien, die spezielle Sneak-Angriffsrouten zeigen.<\/figcaption><\/figure><\/div>\n\n\n\n<p><em>Sch\u00fctzen Sie Ihre Position in Guadalcanal und verhindern Sie, dass es zu einer japanischen Hochburg wird.<\/em><\/p>\n\n\n\n<p>In diesem Level stehen Sie 16 Wellen feindlicher Landeinheiten gegen\u00fcber, die sich von links oben n\u00e4hern und rechts auf der Karte eine riesige scharfe Kurve machen, bevor Sie Ihre Basis unten in der Mitte treffen. Hier werden Sie in den Flammenwerfer-Turm eingef\u00fchrt, der sich als n\u00fctzlich f\u00fcr die Verteidigung dieser Basis erweist und ein wesentlicher Bestandteil zuk\u00fcnftiger Strategien wird.<\/p>\n\n\n\n<p>In diesem Leitfaden erfahren Sie, wie Sie ein Full House erhalten, das eine perfekte Runde mit allen Medaillen und 20 Siegpunkten auf der Guadalcanal-Ebene des <em>iBomber Defense Pacific<\/em> Kampagne, gespielt auf dem Schwierigkeitsgrad Veteran. Dar\u00fcber hinaus behandelt dieser Missionsf\u00fchrer auch das sekund\u00e4re Ziel und das versteckte Ziel.<\/p>\n\n\n\t\t\t\t<div class=\"wp-block-uagb-table-of-contents uagb-toc__align-left uagb-toc__columns-1  uagb-block-5eabf030\"\n\t\t\t\t\tdata-scroll= \"1\"\n\t\t\t\t\tdata-offset= \"30\"\n\t\t\t\t\tstyle=\"\"\n\t\t\t\t>\n\t\t\t\t<div class=\"uagb-toc__wrap\">\n\t\t\t\t\t\t<div class=\"uagb-toc__title\">\n\t\t\t\t\t\t\tExemplarische Vorgehensweise Navigation:\t\t\t\t\t\t<\/div>\n\t\t\t\t\t\t\t\t\t\t\t\t\t\t\t\t<div class=\"uagb-toc__list-wrap\">\n\t\t\t\t\t\t<ol class=\"uagb-toc__list\"><li class=\"uagb-toc__list\"><a href=\"#secondary-objective\" class=\"uagb-toc-link__trigger\">Sekund\u00e4res Ziel<\/a><li class=\"uagb-toc__list\"><a href=\"#perks-used-for-this-mission\" class=\"uagb-toc-link__trigger\">Vorteile f\u00fcr diese Mission:<\/a><li class=\"uagb-toc__list\"><a href=\"#hidden-target\" class=\"uagb-toc-link__trigger\">Verstecktes Ziel<\/a><li class=\"uagb-toc__list\"><a href=\"#turret-placement\" class=\"uagb-toc-link__trigger\">Revolverplatzierung<\/a><li class=\"uagb-toc__list\"><a href=\"#veteran-difficulty-video-guide\" class=\"uagb-toc-link__trigger\">Video-Leitfaden f\u00fcr Veteranenschwierigkeiten<\/a><\/ol>\t\t\t\t\t<\/div>\n\t\t\t\t\t\t\t\t\t<\/div>\n\t\t\t\t<\/div>\n\t\t\t\n\n\n<hr class=\"wp-block-separator is-style-wide\"\/>\n\n\n\n<h3 class=\"wp-block-heading\">Sekund\u00e4res Ziel<\/h3>\n\n\n\n<p><em>Sch\u00fctzen Sie die \u00d6lraffinerie.<\/em><\/p>\n\n\n\n<p>Die \u00d6lraffinerie ist das betr\u00e4chtlich gro\u00dfe Geb\u00e4ude oben links von Ihrer Basis. Um es zu sch\u00fctzen, m\u00fcssen Bomben eingesetzt werden, da sich irgendwann ein kleiner Schleichangriff (Welle 7) au\u00dferhalb der Reichweite Ihrer T\u00fcrme seinem Heck n\u00e4hert. Es wird lange dauern, bis sie die Raffinerie vollst\u00e4ndig zerst\u00f6rt haben, aber es ist am besten, sie so schnell wie m\u00f6glich zu t\u00f6ten. Wenn Sie einige T\u00fcrme vor dem Geb\u00e4ude zwischen dem Geb\u00e4ude und dem Wellenweg platzieren, wird verhindert, dass es aus dieser Richtung Feuer f\u00e4ngt.<\/p>\n\n\n\n<p>Wenn Sie Bomben auf drei Kisten in der N\u00e4he der Raffinerie einsetzen, achten Sie darauf, diese so weit wie m\u00f6glich vom Geb\u00e4ude entfernt abzulegen. Selbst wenn Sie es mit der Explosion Ihrer eigenen Bombe einschlagen, kann dies massiven Schaden verursachen.<\/p>\n\n\n\n<div class=\"wp-block-image\"><figure class=\"aligncenter size-large\"><a href=\"https:\/\/ibomberdefensepacific.standardof.net\/de\/guide\/kampagne-mission-04-guadalcanal-wachturm\/ibomber-defense-pacific-campaign-mission-04-guadalcanal-2\/\"><img decoding=\"async\" width=\"407\" height=\"242\" src=\"https:\/\/ibomberdefensepacific.standardof.net\/wp-content\/uploads\/sites\/6\/2020\/10\/iBomber-Defense-Pacific-Campaign-Mission-04-Guadalcanal-2.jpg\" alt=\"&quot;iBomber Defense Pacific&quot; - Kampagnenmission 04 - &quot;Guadalcanal&quot; (2)\" class=\"wp-image-51\" srcset=\"https:\/\/ibomberdefensepacific.standardof.net\/wp-content\/uploads\/sites\/6\/2020\/10\/iBomber-Defense-Pacific-Campaign-Mission-04-Guadalcanal-2.jpg 407w, https:\/\/ibomberdefensepacific.standardof.net\/wp-content\/uploads\/sites\/6\/2020\/10\/iBomber-Defense-Pacific-Campaign-Mission-04-Guadalcanal-2-200x119.jpg 200w, https:\/\/ibomberdefensepacific.standardof.net\/wp-content\/uploads\/sites\/6\/2020\/10\/iBomber-Defense-Pacific-Campaign-Mission-04-Guadalcanal-2-16x10.jpg 16w\" sizes=\"(max-width: 407px) 100vw, 407px\" \/><\/a><figcaption>Die \u00d6lraffinerie.<\/figcaption><\/figure><\/div>\n\n\n\n<p><strong>Versorgungskisten:<\/strong> 4<\/p>\n\n\n\n<p><strong>Ausgegebene Siegpunkte:<\/strong> 60<\/p>\n\n\n\n<ul><li>Maschinengewehr Stufe 3<\/li><li>Kanone Stufe 3<\/li><li>Bombe Stufe 2<\/li><\/ul>\n\n\n\n<hr class=\"wp-block-separator is-style-wide\"\/>\n\n\n\n<h3 class=\"wp-block-heading\">Vorteile f\u00fcr diese Mission:<\/h3>\n\n\n\n<ul><li>Greenback I.<\/li><li>Bombardier I.<\/li><\/ul>\n\n\n\n<p>Wieder Geld und Bomben \u00ab, sagte Nuff.<\/p>\n\n\n\n<hr class=\"wp-block-separator is-style-wide\"\/>\n\n\n\n<h3 class=\"wp-block-heading\">Verstecktes Ziel<\/h3>\n\n\n\n<p>Das versteckte Ziel von Guadalcanal ist eine der kleinen H\u00fctten, die sich oben rechts auf der Karte befinden. Suchen Sie nach der H\u00fctte, die im Wald liegt und von B\u00e4umen bedeckt ist, im Gegensatz zu den beiden, die am Sandstrand im Freien stehen. Suchen Sie unten links in diesem Paar nach dem mit B\u00e4umen bedeckten Ziel (siehe Abbildung oben).<\/p>\n\n\n\n<div class=\"wp-block-image\"><figure class=\"aligncenter size-large\"><a href=\"https:\/\/ibomberdefensepacific.standardof.net\/de\/guide\/kampagne-mission-04-guadalcanal-wachturm\/ibomber-defense-pacific-campaign-mission-04-guadalcanal-3\/\"><img decoding=\"async\" width=\"245\" height=\"176\" src=\"https:\/\/ibomberdefensepacific.standardof.net\/wp-content\/uploads\/sites\/6\/2020\/10\/iBomber-Defense-Pacific-Campaign-Mission-04-Guadalcanal-3.jpg\" alt=\"&quot;iBomber Defense Pacific&quot; - Kampagnenmission 04 - &quot;Guadalcanal&quot; (3)\" class=\"wp-image-52\" srcset=\"https:\/\/ibomberdefensepacific.standardof.net\/wp-content\/uploads\/sites\/6\/2020\/10\/iBomber-Defense-Pacific-Campaign-Mission-04-Guadalcanal-3.jpg 245w, https:\/\/ibomberdefensepacific.standardof.net\/wp-content\/uploads\/sites\/6\/2020\/10\/iBomber-Defense-Pacific-Campaign-Mission-04-Guadalcanal-3-200x144.jpg 200w, https:\/\/ibomberdefensepacific.standardof.net\/wp-content\/uploads\/sites\/6\/2020\/10\/iBomber-Defense-Pacific-Campaign-Mission-04-Guadalcanal-3-16x12.jpg 16w\" sizes=\"(max-width: 245px) 100vw, 245px\" \/><\/a><figcaption>Die verdeckte H\u00fctte unten links ist das versteckte Ziel in Guadalcanal.<\/figcaption><\/figure><\/div>\n\n\n\n<hr class=\"wp-block-separator is-style-wide\"\/>\n\n\n\n<h3 class=\"wp-block-heading\">Revolverplatzierung<\/h3>\n\n\n\n<figure class=\"wp-block-gallery columns-2 is-cropped wp-block-gallery-1 is-layout-flex wp-block-gallery-is-layout-flex\"><ul class=\"blocks-gallery-grid\"><li class=\"blocks-gallery-item\"><figure><a href=\"https:\/\/ibomberdefensepacific.standardof.net\/de\/guide\/kampagne-mission-04-guadalcanal-wachturm\/ibomber-defense-pacific-campaign-mission-04-guadalcanal-4\/\"><img decoding=\"async\" width=\"800\" height=\"450\" src=\"https:\/\/ibomberdefensepacific.standardof.net\/wp-content\/uploads\/sites\/6\/2020\/10\/iBomber-Defense-Pacific-Campaign-Mission-04-Guadalcanal-4-800x450.jpg\" alt=\"&quot;iBomber Defense Pacific&quot; - Kampagnenmission 04 - &quot;Guadalcanal&quot; (4)\" data-id=\"53\" data-full-url=\"https:\/\/ibomberdefensepacific.standardof.net\/wp-content\/uploads\/sites\/6\/2020\/10\/iBomber-Defense-Pacific-Campaign-Mission-04-Guadalcanal-4.jpg\" data-link=\"https:\/\/ibomberdefensepacific.standardof.net\/guide\/campaign-mission-04-guadalcanal-watchtower\/ibomber-defense-pacific-campaign-mission-04-guadalcanal-4\/\" class=\"wp-image-53\" srcset=\"https:\/\/ibomberdefensepacific.standardof.net\/wp-content\/uploads\/sites\/6\/2020\/10\/iBomber-Defense-Pacific-Campaign-Mission-04-Guadalcanal-4-800x450.jpg 800w, https:\/\/ibomberdefensepacific.standardof.net\/wp-content\/uploads\/sites\/6\/2020\/10\/iBomber-Defense-Pacific-Campaign-Mission-04-Guadalcanal-4-512x288.jpg 512w, https:\/\/ibomberdefensepacific.standardof.net\/wp-content\/uploads\/sites\/6\/2020\/10\/iBomber-Defense-Pacific-Campaign-Mission-04-Guadalcanal-4-200x113.jpg 200w, https:\/\/ibomberdefensepacific.standardof.net\/wp-content\/uploads\/sites\/6\/2020\/10\/iBomber-Defense-Pacific-Campaign-Mission-04-Guadalcanal-4-768x432.jpg 768w, https:\/\/ibomberdefensepacific.standardof.net\/wp-content\/uploads\/sites\/6\/2020\/10\/iBomber-Defense-Pacific-Campaign-Mission-04-Guadalcanal-4-16x9.jpg 16w, https:\/\/ibomberdefensepacific.standardof.net\/wp-content\/uploads\/sites\/6\/2020\/10\/iBomber-Defense-Pacific-Campaign-Mission-04-Guadalcanal-4.jpg 1280w\" sizes=\"(max-width: 800px) 100vw, 800px\" \/><\/a><figcaption class=\"blocks-gallery-item__caption\">Platzierung des Revolvers der Welle 8.<\/figcaption><\/figure><\/li><li class=\"blocks-gallery-item\"><figure><a href=\"https:\/\/ibomberdefensepacific.standardof.net\/de\/guide\/kampagne-mission-04-guadalcanal-wachturm\/ibomber-defense-pacific-campaign-mission-04-guadalcanal-5\/\"><img decoding=\"async\" width=\"800\" height=\"450\" src=\"https:\/\/ibomberdefensepacific.standardof.net\/wp-content\/uploads\/sites\/6\/2020\/10\/iBomber-Defense-Pacific-Campaign-Mission-04-Guadalcanal-5-800x450.jpg\" alt=\"&quot;iBomber Defense Pacific&quot; - Kampagnenmission 04 - &quot;Guadalcanal&quot; (5)\" data-id=\"54\" data-full-url=\"https:\/\/ibomberdefensepacific.standardof.net\/wp-content\/uploads\/sites\/6\/2020\/10\/iBomber-Defense-Pacific-Campaign-Mission-04-Guadalcanal-5.jpg\" data-link=\"https:\/\/ibomberdefensepacific.standardof.net\/guide\/campaign-mission-04-guadalcanal-watchtower\/ibomber-defense-pacific-campaign-mission-04-guadalcanal-5\/\" class=\"wp-image-54\" srcset=\"https:\/\/ibomberdefensepacific.standardof.net\/wp-content\/uploads\/sites\/6\/2020\/10\/iBomber-Defense-Pacific-Campaign-Mission-04-Guadalcanal-5-800x450.jpg 800w, https:\/\/ibomberdefensepacific.standardof.net\/wp-content\/uploads\/sites\/6\/2020\/10\/iBomber-Defense-Pacific-Campaign-Mission-04-Guadalcanal-5-512x288.jpg 512w, https:\/\/ibomberdefensepacific.standardof.net\/wp-content\/uploads\/sites\/6\/2020\/10\/iBomber-Defense-Pacific-Campaign-Mission-04-Guadalcanal-5-200x113.jpg 200w, https:\/\/ibomberdefensepacific.standardof.net\/wp-content\/uploads\/sites\/6\/2020\/10\/iBomber-Defense-Pacific-Campaign-Mission-04-Guadalcanal-5-768x432.jpg 768w, https:\/\/ibomberdefensepacific.standardof.net\/wp-content\/uploads\/sites\/6\/2020\/10\/iBomber-Defense-Pacific-Campaign-Mission-04-Guadalcanal-5-16x9.jpg 16w, https:\/\/ibomberdefensepacific.standardof.net\/wp-content\/uploads\/sites\/6\/2020\/10\/iBomber-Defense-Pacific-Campaign-Mission-04-Guadalcanal-5.jpg 1280w\" sizes=\"(max-width: 800px) 100vw, 800px\" \/><\/a><figcaption class=\"blocks-gallery-item__caption\">Platzierung des Revolvers der Welle 16.<\/figcaption><\/figure><\/li><\/ul><\/figure>\n\n\n\n<p>Wenn Sie Ihre T\u00fcrme in diesem Level platzieren, folgen Sie einer allgemeinen Cluster-Regel, bei der ein Maschinengewehr und eine Kanone neben einem nahe gelegenen Flammenwerfer sitzen, um die Wirksamkeit der Flammeneffekte zu maximieren. Sie k\u00f6nnen nur mit dem Maschinengewehr und einem einzelnen Flamer am Anfang des Wellenwegs beginnen, aber Sie m\u00f6chten schnell an zwei Bombent\u00fcrmen in der N\u00e4he Ihrer Basis und einem zweiten Cluster arbeiten, um vor der Raffinerie zu sitzen - nicht nur um Helfen Sie mit, es zu verteidigen, aber r\u00e4umen Sie auch die drei Kisten aus, zus\u00e4tzlich zu einer sehr sorgf\u00e4ltig abgeworfenen Bombe. Stellen Sie sicher, dass eine Bombe f\u00fcr den Schleichangriff auf die R\u00fcckseite der Raffinerie bei Welle 7 gespeichert ist.<\/p>\n\n\n\n<p>Ein weiterer guter Ort, um eine Ansammlung von T\u00fcrmen zu bilden, ist in der N\u00e4he der Kurve zum \u00f6stlichsten Teil der Karte, der scharfen Kurve. Wenn Sie direkt an der Kurve platzieren, erhalten Ihre T\u00fcrme eine zus\u00e4tzliche Abdeckung, was bedeutet, dass sie die Feinde mehr als auf einem geraden Teil des Pfades abschie\u00dfen. Machen Sie sich keine Sorgen, wenn die Raffinerie Schaden nimmt, da es sich bis zu einem gewissen Grad um eine harte Struktur handelt und sie nur durch einen Faden \u00fcberleben muss, um die sekund\u00e4re Zielmedaille zu gewinnen.<\/p>\n\n\n\n<hr class=\"wp-block-separator is-style-wide\"\/>\n\n\n\n<h3 class=\"has-text-align-center wp-block-heading\" id=\"4-veteran-difficulty-video-guide\">Video-Leitfaden f\u00fcr Veteranenschwierigkeiten<\/h3>\n\n\n\n<figure class=\"wp-block-embed-youtube wp-block-embed is-type-video is-provider-youtube wp-embed-aspect-16-9 wp-has-aspect-ratio\"><div class=\"wp-block-embed__wrapper\">\n<div class=\"ast-oembed-container\" style=\"height: 100%;\"><iframe title=\"Guadalcanal - M4 iBomber Defense Pacific - Veteran Full House Walkthrough\" width=\"500\" height=\"375\" src=\"https:\/\/www.youtube.com\/embed\/TR5DfAdb2SQ?feature=oembed\" frameborder=\"0\" allow=\"accelerometer; autoplay; clipboard-write; encrypted-media; gyroscope; picture-in-picture; web-share\" referrerpolicy=\"strict-origin-when-cross-origin\" allowfullscreen><\/iframe><\/div>\n<\/div><\/figure>","protected":false},"excerpt":{"rendered":"<p>Guadalcanal: Watchtower Protect your position in Guadalcanal and prevent it from becoming a Japanese stronghold. In this level, you are facing 16 waves of enemy land units approaching from the top left and making a giant sharp curve at the right of the map before meeting your base at the central bottom. Here you will [&hellip;]<\/p>","protected":false},"author":1,"featured_media":54,"parent":164,"menu_order":4,"comment_status":"open","ping_status":"closed","template":"","meta":{"_uag_custom_page_level_css":"","site-sidebar-layout":"default","site-content-layout":"default","ast-site-content-layout":"","site-content-style":"default","site-sidebar-style":"default","ast-global-header-display":"","ast-banner-title-visibility":"","ast-main-header-display":"","ast-hfb-above-header-display":"","ast-hfb-below-header-display":"","ast-hfb-mobile-header-display":"","site-post-title":"","ast-breadcrumbs-content":"","ast-featured-img":"","footer-sml-layout":"","theme-transparent-header-meta":"default","adv-header-id-meta":"","stick-header-meta":"","header-above-stick-meta":"","header-main-stick-meta":"","header-below-stick-meta":"","astra-migrate-meta-layouts":"default","ast-page-background-enabled":"default","ast-page-background-meta":{"desktop":{"background-color":"","background-image":"","background-repeat":"repeat","background-position":"center center","background-size":"auto","background-attachment":"scroll","background-type":"","background-media":"","overlay-type":"","overlay-color":"","overlay-gradient":""},"tablet":{"background-color":"","background-image":"","background-repeat":"repeat","background-position":"center center","background-size":"auto","background-attachment":"scroll","background-type":"","background-media":"","overlay-type":"","overlay-color":"","overlay-gradient":""},"mobile":{"background-color":"","background-image":"","background-repeat":"repeat","background-position":"center center","background-size":"auto","background-attachment":"scroll","background-type":"","background-media":"","overlay-type":"","overlay-color":"","overlay-gradient":""}},"ast-content-background-meta":{"desktop":{"background-color":"var(--ast-global-color-5)","background-image":"","background-repeat":"repeat","background-position":"center center","background-size":"auto","background-attachment":"scroll","background-type":"","background-media":"","overlay-type":"","overlay-color":"","overlay-gradient":""},"tablet":{"background-color":"var(--ast-global-color-5)","background-image":"","background-repeat":"repeat","background-position":"center center","background-size":"auto","background-attachment":"scroll","background-type":"","background-media":"","overlay-type":"","overlay-color":"","overlay-gradient":""},"mobile":{"background-color":"var(--ast-global-color-5)","background-image":"","background-repeat":"repeat","background-position":"center center","background-size":"auto","background-attachment":"scroll","background-type":"","background-media":"","overlay-type":"","overlay-color":"","overlay-gradient":""}},"footnotes":""},"uagb_featured_image_src":{"full":["https:\/\/ibomberdefensepacific.standardof.net\/wp-content\/uploads\/sites\/6\/2020\/10\/iBomber-Defense-Pacific-Campaign-Mission-04-Guadalcanal-5.jpg",1280,720,false],"thumbnail":["https:\/\/ibomberdefensepacific.standardof.net\/wp-content\/uploads\/sites\/6\/2020\/10\/iBomber-Defense-Pacific-Campaign-Mission-04-Guadalcanal-5-200x113.jpg",200,113,true],"medium":["https:\/\/ibomberdefensepacific.standardof.net\/wp-content\/uploads\/sites\/6\/2020\/10\/iBomber-Defense-Pacific-Campaign-Mission-04-Guadalcanal-5-512x288.jpg",512,288,true],"medium_large":["https:\/\/ibomberdefensepacific.standardof.net\/wp-content\/uploads\/sites\/6\/2020\/10\/iBomber-Defense-Pacific-Campaign-Mission-04-Guadalcanal-5-768x432.jpg",768,432,true],"large":["https:\/\/ibomberdefensepacific.standardof.net\/wp-content\/uploads\/sites\/6\/2020\/10\/iBomber-Defense-Pacific-Campaign-Mission-04-Guadalcanal-5-800x450.jpg",800,450,true],"1536x1536":["https:\/\/ibomberdefensepacific.standardof.net\/wp-content\/uploads\/sites\/6\/2020\/10\/iBomber-Defense-Pacific-Campaign-Mission-04-Guadalcanal-5.jpg",1280,720,false],"2048x2048":["https:\/\/ibomberdefensepacific.standardof.net\/wp-content\/uploads\/sites\/6\/2020\/10\/iBomber-Defense-Pacific-Campaign-Mission-04-Guadalcanal-5.jpg",1280,720,false],"trp-custom-language-flag":["https:\/\/ibomberdefensepacific.standardof.net\/wp-content\/uploads\/sites\/6\/2020\/10\/iBomber-Defense-Pacific-Campaign-Mission-04-Guadalcanal-5-16x9.jpg",16,9,true]},"uagb_author_info":{"display_name":"SOE","author_link":"https:\/\/ibomberdefensepacific.standardof.net\/de\/author\/k-tastic\/"},"uagb_comment_info":0,"uagb_excerpt":"Guadalcanal: Watchtower Protect your position in Guadalcanal and prevent it from becoming a Japanese stronghold. In this level, you are facing 16 waves of enemy land units approaching from the top left and making a giant sharp curve at the right of the map before meeting your base at the central bottom. Here you will&hellip;","_links":{"self":[{"href":"https:\/\/ibomberdefensepacific.standardof.net\/de\/wp-json\/wp\/v2\/pages\/195"}],"collection":[{"href":"https:\/\/ibomberdefensepacific.standardof.net\/de\/wp-json\/wp\/v2\/pages"}],"about":[{"href":"https:\/\/ibomberdefensepacific.standardof.net\/de\/wp-json\/wp\/v2\/types\/page"}],"author":[{"embeddable":true,"href":"https:\/\/ibomberdefensepacific.standardof.net\/de\/wp-json\/wp\/v2\/users\/1"}],"replies":[{"embeddable":true,"href":"https:\/\/ibomberdefensepacific.standardof.net\/de\/wp-json\/wp\/v2\/comments?post=195"}],"version-history":[{"count":0,"href":"https:\/\/ibomberdefensepacific.standardof.net\/de\/wp-json\/wp\/v2\/pages\/195\/revisions"}],"up":[{"embeddable":true,"href":"https:\/\/ibomberdefensepacific.standardof.net\/de\/wp-json\/wp\/v2\/pages\/164"}],"wp:featuredmedia":[{"embeddable":true,"href":"https:\/\/ibomberdefensepacific.standardof.net\/de\/wp-json\/wp\/v2\/media\/54"}],"wp:attachment":[{"href":"https:\/\/ibomberdefensepacific.standardof.net\/de\/wp-json\/wp\/v2\/media?parent=195"}],"curies":[{"name":"wp","href":"https:\/\/api.w.org\/{rel}","templated":true}]}}