{"id":194,"date":"2020-10-21T13:30:15","date_gmt":"2020-10-21T13:30:15","guid":{"rendered":"https:\/\/ibomberdefensepacific.standardof.net\/?page_id=194"},"modified":"2020-10-21T17:20:02","modified_gmt":"2020-10-21T17:20:02","slug":"campaign-mission-03-battle-of-savo-island-ironbottom-sound","status":"publish","type":"page","link":"https:\/\/ibomberdefensepacific.standardof.net\/de\/guide\/kampagne-mission-03-schlacht-von-savo-insel-eisenboden-sound\/","title":{"rendered":"Kampagnenmission 03: Ironbottom Sound \u201eSchlacht um Savo Island\u201c"},"content":{"rendered":"<h2 class=\"wp-block-heading\">Schlacht von Savo Island - Ironbottom Sound<\/h2>\n\n\n\n<div class=\"wp-block-image\"><figure class=\"aligncenter size-large\"><a href=\"https:\/\/ibomberdefensepacific.standardof.net\/de\/guide\/kampagne-mission-03-schlacht-von-savo-insel-eisenboden-sound\/ibomber-defense-pacific-campaign-mission-03-savo-island-1\/\"><img decoding=\"async\" width=\"800\" height=\"450\" src=\"https:\/\/ibomberdefensepacific.standardof.net\/wp-content\/uploads\/sites\/6\/2020\/10\/iBomber-Defense-Pacific-Campaign-Mission-03-Savo-Island-1-800x450.jpg\" alt=\"Eine Karte der Kampagnenebene der Schlacht von Savo Island mit gezeichneten Pfeilen, die die Wege zeigen, die feindliche Einheiten zur Basis nehmen, die Sie im Videospiel &quot;iBomber Defense Pacific&quot; verteidigen m\u00fcssen.\" class=\"wp-image-49\" srcset=\"https:\/\/ibomberdefensepacific.standardof.net\/wp-content\/uploads\/sites\/6\/2020\/10\/iBomber-Defense-Pacific-Campaign-Mission-03-Savo-Island-1-800x450.jpg 800w, https:\/\/ibomberdefensepacific.standardof.net\/wp-content\/uploads\/sites\/6\/2020\/10\/iBomber-Defense-Pacific-Campaign-Mission-03-Savo-Island-1-512x288.jpg 512w, https:\/\/ibomberdefensepacific.standardof.net\/wp-content\/uploads\/sites\/6\/2020\/10\/iBomber-Defense-Pacific-Campaign-Mission-03-Savo-Island-1-200x113.jpg 200w, https:\/\/ibomberdefensepacific.standardof.net\/wp-content\/uploads\/sites\/6\/2020\/10\/iBomber-Defense-Pacific-Campaign-Mission-03-Savo-Island-1-768x432.jpg 768w, https:\/\/ibomberdefensepacific.standardof.net\/wp-content\/uploads\/sites\/6\/2020\/10\/iBomber-Defense-Pacific-Campaign-Mission-03-Savo-Island-1-16x9.jpg 16w, https:\/\/ibomberdefensepacific.standardof.net\/wp-content\/uploads\/sites\/6\/2020\/10\/iBomber-Defense-Pacific-Campaign-Mission-03-Savo-Island-1.jpg 1280w\" sizes=\"(max-width: 800px) 100vw, 800px\" \/><\/a><figcaption>Pfad der ankommenden feindlichen Marineeinheiten in der Schlacht von Savo Island.<\/figcaption><\/figure><\/div>\n\n\n\n<p><em>Sch\u00fctzen Sie Ihre Versorgungsleitungen nach Guadalcanal.<\/em><\/p>\n\n\n\n<p>Diese Stufe wird als erste echte Herausforderung angesehen, wobei die ersten beiden Stufen als Tutorials betrachtet werden. Es ist auch die erste Ebene der Marineeinheiten, mit zwei Pfaden ausschlie\u00dflich Marineeinheiten, die sich von der oberen rechten Ecke her n\u00e4hern, am d\u00fcnnen Teil des Einlasses zusammenkommen und sich dann wieder aufteilen, wo sich die Mini-Insel in der Mitte des breiteren Teils von befindet den Weg des Wassers, bevor wir uns wieder an der Basis treffen. Sie werden auch auf diese feindlichen Sneak Attack-Einheiten treffen, die nicht auf Ihre Basis zusteuern, sondern herum sitzen und auf Ihre T\u00fcrme schie\u00dfen, erkennbar an ihren roten Umrissen.<\/p>\n\n\n\t\t\t\t<div class=\"wp-block-uagb-table-of-contents uagb-toc__align-left uagb-toc__columns-1  uagb-block-69b76d12\"\n\t\t\t\t\tdata-scroll= \"1\"\n\t\t\t\t\tdata-offset= \"30\"\n\t\t\t\t\tstyle=\"\"\n\t\t\t\t>\n\t\t\t\t<div class=\"uagb-toc__wrap\">\n\t\t\t\t\t\t<div class=\"uagb-toc__title\">\n\t\t\t\t\t\t\tExemplarische Vorgehensweise Navigation:\t\t\t\t\t\t<\/div>\n\t\t\t\t\t\t\t\t\t\t\t\t\t\t\t\t<div class=\"uagb-toc__list-wrap\">\n\t\t\t\t\t\t<ol class=\"uagb-toc__list\"><li class=\"uagb-toc__list\"><a href=\"#secondary-objective\" class=\"uagb-toc-link__trigger\">Sekund\u00e4res Ziel<\/a><li class=\"uagb-toc__list\"><a href=\"#perks-used-for-this-mission\" class=\"uagb-toc-link__trigger\">Vorteile f\u00fcr diese Mission:<\/a><li class=\"uagb-toc__list\"><a href=\"#hidden-target\" class=\"uagb-toc-link__trigger\">Verstecktes Ziel<\/a><li class=\"uagb-toc__list\"><a href=\"#turret-placement\" class=\"uagb-toc-link__trigger\">Revolverplatzierung<\/a><li class=\"uagb-toc__list\"><a href=\"#veteran-difficulty-video-guide\" class=\"uagb-toc-link__trigger\">Video-Leitfaden f\u00fcr Veteranenschwierigkeiten<\/a><\/ol>\t\t\t\t\t<\/div>\n\t\t\t\t\t\t\t\t\t<\/div>\n\t\t\t\t<\/div>\n\t\t\t\n\n\n<hr class=\"wp-block-separator is-style-wide\"\/>\n\n\n\n<h3 class=\"wp-block-heading\">Sekund\u00e4res Ziel<\/h3>\n\n\n\n<p><em>Die Vorr\u00e4te sind niedrig. Sammle sie alle, um die Kriegsanstrengungen zu unterst\u00fctzen.<\/em><\/p>\n\n\n\n<p>Sie m\u00fcssen Bomben und eine sorgf\u00e4ltige Platzierung des Turms verwenden, um alle auf der Karte verstreuten Kisten vor dem Ende des Levels aufzubrechen und dieses sekund\u00e4re Ziel zu erreichen.<\/p>\n\n\n\n<p><strong>Versorgungskisten: <\/strong>5<\/p>\n\n\n\n<p><strong>Ausgegebene Siegpunkte:<\/strong> 40<\/p>\n\n\n\n<ul><li>Maschinengewehr Stufe 3<\/li><li>Kanone Stufe 2<\/li><li>Bombenturm Stufe 2<\/li><\/ul>\n\n\n\n<hr class=\"wp-block-separator is-style-wide\"\/>\n\n\n\n<h3 class=\"wp-block-heading\">Vorteile f\u00fcr diese Mission:<\/h3>\n\n\n\n<p>Greenback I, Bombardier I.<br>Wie bei der vorherigen Mission ist es unglaublich hilfreich, eine zus\u00e4tzliche Bombe und zus\u00e4tzliches Startgeld zu haben. In diesem Fall ist die Bombe eine weitere gro\u00dfe Hilfe f\u00fcr das sekund\u00e4re Ziel.<\/p>\n\n\n\n<hr class=\"wp-block-separator is-style-wide\"\/>\n\n\n\n<h3 class=\"wp-block-heading\">Verstecktes Ziel<\/h3>\n\n\n\n<p>Das geheime Geb\u00e4ude mit versteckten Zielen in der Schlacht von Savo Island befindet sich rechts unten in Ihrer Basis. Das Geb\u00e4ude ist ein braunes, kleines Lagerhaus, das fast vollst\u00e4ndig von den nahe gelegenen B\u00e4umen bedeckt ist, in deren N\u00e4he sich eine der Gruppen von drei Soldaten angreifen wird.<\/p>\n\n\n\n<div class=\"wp-block-image\"><figure class=\"aligncenter size-large is-resized\"><a href=\"https:\/\/ibomberdefensepacific.standardof.net\/de\/guide\/kampagne-mission-03-schlacht-von-savo-insel-eisenboden-sound\/ibomber-defense-pacific-campaign-mission-03-savo-island-2\/\"><img decoding=\"async\" src=\"https:\/\/ibomberdefensepacific.standardof.net\/wp-content\/uploads\/sites\/6\/2020\/10\/iBomber-Defense-Pacific-Campaign-Mission-03-Savo-Island-2.jpg\" alt=\"Screenshot des Hidden Target-Geb\u00e4udes in der Kampagnenebene der Schlacht von Savo Island des Videospiels &quot;iBomber Defense Pacific&quot;.\" class=\"wp-image-46\" width=\"269\" height=\"198\" srcset=\"https:\/\/ibomberdefensepacific.standardof.net\/wp-content\/uploads\/sites\/6\/2020\/10\/iBomber-Defense-Pacific-Campaign-Mission-03-Savo-Island-2.jpg 269w, https:\/\/ibomberdefensepacific.standardof.net\/wp-content\/uploads\/sites\/6\/2020\/10\/iBomber-Defense-Pacific-Campaign-Mission-03-Savo-Island-2-200x147.jpg 200w, https:\/\/ibomberdefensepacific.standardof.net\/wp-content\/uploads\/sites\/6\/2020\/10\/iBomber-Defense-Pacific-Campaign-Mission-03-Savo-Island-2-16x12.jpg 16w\" sizes=\"(max-width: 269px) 100vw, 269px\" \/><\/a><figcaption>Verstecktes Ziel<\/figcaption><\/figure><\/div>\n\n\n\n<hr class=\"wp-block-separator is-style-wide\"\/>\n\n\n\n<h3 class=\"wp-block-heading\">Revolverplatzierung<\/h3>\n\n\n\n<figure class=\"wp-block-gallery columns-2 is-cropped wp-block-gallery-1 is-layout-flex wp-block-gallery-is-layout-flex\"><ul class=\"blocks-gallery-grid\"><li class=\"blocks-gallery-item\"><figure><a href=\"https:\/\/ibomberdefensepacific.standardof.net\/de\/guide\/kampagne-mission-03-schlacht-von-savo-insel-eisenboden-sound\/ibomber-defense-pacific-campaign-mission-03-savo-island-3\/\"><img decoding=\"async\" width=\"800\" height=\"450\" src=\"https:\/\/ibomberdefensepacific.standardof.net\/wp-content\/uploads\/sites\/6\/2020\/10\/iBomber-Defense-Pacific-Campaign-Mission-03-Savo-Island-3-800x450.jpg\" alt=\"Screenshot der vorgeschlagenen Turmplatzierung bei Erreichen von Welle 8 im Kampagnenlevel &quot;Battle of Savo Island&quot; des Videospiels &quot;iBomber Defense Pacific&quot;.\" data-id=\"47\" data-full-url=\"https:\/\/ibomberdefensepacific.standardof.net\/wp-content\/uploads\/sites\/6\/2020\/10\/iBomber-Defense-Pacific-Campaign-Mission-03-Savo-Island-3.jpg\" data-link=\"https:\/\/ibomberdefensepacific.standardof.net\/guide\/campaign-mission-03-battle-of-savo-island-ironbottom-sound\/ibomber-defense-pacific-campaign-mission-03-savo-island-3\/\" class=\"wp-image-47\" srcset=\"https:\/\/ibomberdefensepacific.standardof.net\/wp-content\/uploads\/sites\/6\/2020\/10\/iBomber-Defense-Pacific-Campaign-Mission-03-Savo-Island-3-800x450.jpg 800w, https:\/\/ibomberdefensepacific.standardof.net\/wp-content\/uploads\/sites\/6\/2020\/10\/iBomber-Defense-Pacific-Campaign-Mission-03-Savo-Island-3-512x288.jpg 512w, https:\/\/ibomberdefensepacific.standardof.net\/wp-content\/uploads\/sites\/6\/2020\/10\/iBomber-Defense-Pacific-Campaign-Mission-03-Savo-Island-3-200x113.jpg 200w, https:\/\/ibomberdefensepacific.standardof.net\/wp-content\/uploads\/sites\/6\/2020\/10\/iBomber-Defense-Pacific-Campaign-Mission-03-Savo-Island-3-768x432.jpg 768w, https:\/\/ibomberdefensepacific.standardof.net\/wp-content\/uploads\/sites\/6\/2020\/10\/iBomber-Defense-Pacific-Campaign-Mission-03-Savo-Island-3-16x9.jpg 16w, https:\/\/ibomberdefensepacific.standardof.net\/wp-content\/uploads\/sites\/6\/2020\/10\/iBomber-Defense-Pacific-Campaign-Mission-03-Savo-Island-3.jpg 1280w\" sizes=\"(max-width: 800px) 100vw, 800px\" \/><\/a><figcaption class=\"blocks-gallery-item__caption\">Platzierung des Turmes der Welle 8 in der Schlacht von Savo Island.<\/figcaption><\/figure><\/li><li class=\"blocks-gallery-item\"><figure><a href=\"https:\/\/ibomberdefensepacific.standardof.net\/de\/guide\/kampagne-mission-03-schlacht-von-savo-insel-eisenboden-sound\/ibomber-defense-pacific-campaign-mission-03-savo-island-4\/\"><img decoding=\"async\" width=\"800\" height=\"450\" src=\"https:\/\/ibomberdefensepacific.standardof.net\/wp-content\/uploads\/sites\/6\/2020\/10\/iBomber-Defense-Pacific-Campaign-Mission-03-Savo-Island-4-800x450.jpg\" alt=\"Screenshot der vorgeschlagenen Turmplatzierung bei Erreichen von Welle 14 in der Kampagnenstufe &quot;Battle of Savo Island&quot; des Videospiels &quot;iBomber Defense Pacific&quot;.\" data-id=\"48\" data-full-url=\"https:\/\/ibomberdefensepacific.standardof.net\/wp-content\/uploads\/sites\/6\/2020\/10\/iBomber-Defense-Pacific-Campaign-Mission-03-Savo-Island-4.jpg\" data-link=\"https:\/\/ibomberdefensepacific.standardof.net\/guide\/campaign-mission-03-battle-of-savo-island-ironbottom-sound\/ibomber-defense-pacific-campaign-mission-03-savo-island-4\/\" class=\"wp-image-48\" srcset=\"https:\/\/ibomberdefensepacific.standardof.net\/wp-content\/uploads\/sites\/6\/2020\/10\/iBomber-Defense-Pacific-Campaign-Mission-03-Savo-Island-4-800x450.jpg 800w, https:\/\/ibomberdefensepacific.standardof.net\/wp-content\/uploads\/sites\/6\/2020\/10\/iBomber-Defense-Pacific-Campaign-Mission-03-Savo-Island-4-512x288.jpg 512w, https:\/\/ibomberdefensepacific.standardof.net\/wp-content\/uploads\/sites\/6\/2020\/10\/iBomber-Defense-Pacific-Campaign-Mission-03-Savo-Island-4-200x113.jpg 200w, https:\/\/ibomberdefensepacific.standardof.net\/wp-content\/uploads\/sites\/6\/2020\/10\/iBomber-Defense-Pacific-Campaign-Mission-03-Savo-Island-4-768x432.jpg 768w, https:\/\/ibomberdefensepacific.standardof.net\/wp-content\/uploads\/sites\/6\/2020\/10\/iBomber-Defense-Pacific-Campaign-Mission-03-Savo-Island-4-16x9.jpg 16w, https:\/\/ibomberdefensepacific.standardof.net\/wp-content\/uploads\/sites\/6\/2020\/10\/iBomber-Defense-Pacific-Campaign-Mission-03-Savo-Island-4.jpg 1280w\" sizes=\"(max-width: 800px) 100vw, 800px\" \/><\/a><figcaption class=\"blocks-gallery-item__caption\">Platzierung des Revolvers der Welle 14.<\/figcaption><\/figure><\/li><\/ul><\/figure>\n\n\n\n<p>Das Platzieren des Turmes in diesem Level ist ziemlich einfach und unkompliziert. Platzieren Sie ein Paar Maschinengewehrrevolver in der N\u00e4he des Drosselpunkts, an dem die Pfade zusammenlaufen und der Einlass d\u00fcnner wird. Einer von ihnen auf der S\u00fcdseite, der auf Stufe 3 aufger\u00fcstet wurde, kann die wenigen Anfangswellen zur\u00fcckhalten, w\u00e4hrend Ihr oberster Turm auf nahegelegene Kisten schie\u00dft. Versuchen Sie auch, in der ersten Welle oder so ein Paar Bombent\u00fcrme zu bekommen. Konzentrieren Sie sich darauf, zuerst Bomben auf die Kisten in der N\u00e4he dieser T\u00fcrme zu werfen und schlie\u00dflich eine der Schleichangriffsgruppen zu treffen, die sich in der N\u00e4he der Kiste neben dem Y-f\u00f6rmigen Feldweg parken, der durch den Wald f\u00fchrt. Sobald Sie bei Welle 6 sind, werden beide MG-T\u00fcrme ben\u00f6tigt, um die Wellen abzuwehren. Bomben sind hier eine gro\u00dfe Sache. Wenn Sie also beide von den vorderen MGs auf Stufe 3 bringen k\u00f6nnen, arbeiten Sie an Ihrem Paar Bombent\u00fcrme und bringen Sie sie auf Stufe 2.<\/p>\n\n\n\n<p>Welle 8 wird den Schleichangriff eines der gro\u00dfen Schiffe in Kreuzergr\u00f6\u00dfe ausl\u00f6sen, das wie eine normale Welleneinheit aussieht, aber kurz vor Ihrer Basis anh\u00e4lt und am breiten Teil des Wassers bei der Mini-Insel parkt. Sie sollten versuchen, es vorerst zu ignorieren, w\u00e4hrend Sie sich auf Ihr sekund\u00e4res Ziel konzentrieren, aber schlie\u00dflich kann ein MG-Turm n\u00f6rdlich davon sowohl den Kreuzer herausnehmen als auch dabei helfen, die nahe gelegene Kiste abzuschie\u00dfen. Verbessere das MG, das von dieser Kiste platziert wurde, auf Stufe 2 und finde das Geld f\u00fcr eine Kanone, die am Eingang deiner Basis platziert ist. Dies hilft auch dabei, die nahe gelegene Kiste auf der Westseite des Einlasses in deine Basis zu schie\u00dfen, und du bist so ziemlich Sauce f\u00fcr diese Mission.<\/p>\n\n\n\n<hr class=\"wp-block-separator is-style-wide\"\/>\n\n\n\n<h3 class=\"has-text-align-center wp-block-heading\" id=\"4-veteran-difficulty-video-guide\">Video-Leitfaden f\u00fcr Veteranenschwierigkeiten<\/h3>\n\n\n\n<figure class=\"wp-block-embed-youtube wp-block-embed is-type-video is-provider-youtube wp-embed-aspect-16-9 wp-has-aspect-ratio\"><div class=\"wp-block-embed__wrapper\">\n<div class=\"ast-oembed-container\" style=\"height: 100%;\"><iframe title=\"Schlacht von Savo Island - M3 iBomber Defense Pacific - Walkthrough f\u00fcr Veteranen im Full House\" width=\"500\" height=\"375\" src=\"https:\/\/www.youtube.com\/embed\/-QjPl5nCqEc?feature=oembed\" frameborder=\"0\" allow=\"accelerometer; autoplay; clipboard-write; encrypted-media; gyroscope; picture-in-picture; web-share\" referrerpolicy=\"strict-origin-when-cross-origin\" allowfullscreen><\/iframe><\/div>\n<\/div><\/figure>","protected":false},"excerpt":{"rendered":"<p>Battle of Savo Island &#8211; Ironbottom Sound Protect your supply lines into Guadalcanal. This level is considered the first real challenge, the first two levels being considered tutorials. It is also the first naval unit level, with two paths of exclusively naval units approaching from the top right corner, coming together at the thin part [&hellip;]<\/p>","protected":false},"author":1,"featured_media":47,"parent":164,"menu_order":3,"comment_status":"open","ping_status":"closed","template":"","meta":{"_uag_custom_page_level_css":"","site-sidebar-layout":"default","site-content-layout":"default","ast-site-content-layout":"","site-content-style":"default","site-sidebar-style":"default","ast-global-header-display":"","ast-banner-title-visibility":"","ast-main-header-display":"","ast-hfb-above-header-display":"","ast-hfb-below-header-display":"","ast-hfb-mobile-header-display":"","site-post-title":"","ast-breadcrumbs-content":"","ast-featured-img":"","footer-sml-layout":"","theme-transparent-header-meta":"default","adv-header-id-meta":"","stick-header-meta":"","header-above-stick-meta":"","header-main-stick-meta":"","header-below-stick-meta":"","astra-migrate-meta-layouts":"default","ast-page-background-enabled":"default","ast-page-background-meta":{"desktop":{"background-color":"","background-image":"","background-repeat":"repeat","background-position":"center center","background-size":"auto","background-attachment":"scroll","background-type":"","background-media":"","overlay-type":"","overlay-color":"","overlay-gradient":""},"tablet":{"background-color":"","background-image":"","background-repeat":"repeat","background-position":"center center","background-size":"auto","background-attachment":"scroll","background-type":"","background-media":"","overlay-type":"","overlay-color":"","overlay-gradient":""},"mobile":{"background-color":"","background-image":"","background-repeat":"repeat","background-position":"center center","background-size":"auto","background-attachment":"scroll","background-type":"","background-media":"","overlay-type":"","overlay-color":"","overlay-gradient":""}},"ast-content-background-meta":{"desktop":{"background-color":"var(--ast-global-color-5)","background-image":"","background-repeat":"repeat","background-position":"center center","background-size":"auto","background-attachment":"scroll","background-type":"","background-media":"","overlay-type":"","overlay-color":"","overlay-gradient":""},"tablet":{"background-color":"var(--ast-global-color-5)","background-image":"","background-repeat":"repeat","background-position":"center center","background-size":"auto","background-attachment":"scroll","background-type":"","background-media":"","overlay-type":"","overlay-color":"","overlay-gradient":""},"mobile":{"background-color":"var(--ast-global-color-5)","background-image":"","background-repeat":"repeat","background-position":"center center","background-size":"auto","background-attachment":"scroll","background-type":"","background-media":"","overlay-type":"","overlay-color":"","overlay-gradient":""}},"footnotes":""},"uagb_featured_image_src":{"full":["https:\/\/ibomberdefensepacific.standardof.net\/wp-content\/uploads\/sites\/6\/2020\/10\/iBomber-Defense-Pacific-Campaign-Mission-03-Savo-Island-3.jpg",1280,720,false],"thumbnail":["https:\/\/ibomberdefensepacific.standardof.net\/wp-content\/uploads\/sites\/6\/2020\/10\/iBomber-Defense-Pacific-Campaign-Mission-03-Savo-Island-3-200x113.jpg",200,113,true],"medium":["https:\/\/ibomberdefensepacific.standardof.net\/wp-content\/uploads\/sites\/6\/2020\/10\/iBomber-Defense-Pacific-Campaign-Mission-03-Savo-Island-3-512x288.jpg",512,288,true],"medium_large":["https:\/\/ibomberdefensepacific.standardof.net\/wp-content\/uploads\/sites\/6\/2020\/10\/iBomber-Defense-Pacific-Campaign-Mission-03-Savo-Island-3-768x432.jpg",768,432,true],"large":["https:\/\/ibomberdefensepacific.standardof.net\/wp-content\/uploads\/sites\/6\/2020\/10\/iBomber-Defense-Pacific-Campaign-Mission-03-Savo-Island-3-800x450.jpg",800,450,true],"1536x1536":["https:\/\/ibomberdefensepacific.standardof.net\/wp-content\/uploads\/sites\/6\/2020\/10\/iBomber-Defense-Pacific-Campaign-Mission-03-Savo-Island-3.jpg",1280,720,false],"2048x2048":["https:\/\/ibomberdefensepacific.standardof.net\/wp-content\/uploads\/sites\/6\/2020\/10\/iBomber-Defense-Pacific-Campaign-Mission-03-Savo-Island-3.jpg",1280,720,false],"trp-custom-language-flag":["https:\/\/ibomberdefensepacific.standardof.net\/wp-content\/uploads\/sites\/6\/2020\/10\/iBomber-Defense-Pacific-Campaign-Mission-03-Savo-Island-3-16x9.jpg",16,9,true]},"uagb_author_info":{"display_name":"SOE","author_link":"https:\/\/ibomberdefensepacific.standardof.net\/de\/author\/k-tastic\/"},"uagb_comment_info":0,"uagb_excerpt":"Battle of Savo Island &#8211; Ironbottom Sound Protect your supply lines into Guadalcanal. This level is considered the first real challenge, the first two levels being considered tutorials. It is also the first naval unit level, with two paths of exclusively naval units approaching from the top right corner, coming together at the thin part&hellip;","_links":{"self":[{"href":"https:\/\/ibomberdefensepacific.standardof.net\/de\/wp-json\/wp\/v2\/pages\/194"}],"collection":[{"href":"https:\/\/ibomberdefensepacific.standardof.net\/de\/wp-json\/wp\/v2\/pages"}],"about":[{"href":"https:\/\/ibomberdefensepacific.standardof.net\/de\/wp-json\/wp\/v2\/types\/page"}],"author":[{"embeddable":true,"href":"https:\/\/ibomberdefensepacific.standardof.net\/de\/wp-json\/wp\/v2\/users\/1"}],"replies":[{"embeddable":true,"href":"https:\/\/ibomberdefensepacific.standardof.net\/de\/wp-json\/wp\/v2\/comments?post=194"}],"version-history":[{"count":0,"href":"https:\/\/ibomberdefensepacific.standardof.net\/de\/wp-json\/wp\/v2\/pages\/194\/revisions"}],"up":[{"embeddable":true,"href":"https:\/\/ibomberdefensepacific.standardof.net\/de\/wp-json\/wp\/v2\/pages\/164"}],"wp:featuredmedia":[{"embeddable":true,"href":"https:\/\/ibomberdefensepacific.standardof.net\/de\/wp-json\/wp\/v2\/media\/47"}],"wp:attachment":[{"href":"https:\/\/ibomberdefensepacific.standardof.net\/de\/wp-json\/wp\/v2\/media?parent=194"}],"curies":[{"name":"wp","href":"https:\/\/api.w.org\/{rel}","templated":true}]}}