{"id":189,"date":"2020-10-20T13:33:39","date_gmt":"2020-10-20T13:33:39","guid":{"rendered":"https:\/\/ibomberdefensepacific.standardof.net\/?page_id=189"},"modified":"2020-10-21T17:19:38","modified_gmt":"2020-10-21T17:19:38","slug":"campaign-mission-02-buna-gona","status":"publish","type":"page","link":"https:\/\/ibomberdefensepacific.standardof.net\/de\/guide\/kampagne-mission-02-buna-gona\/","title":{"rendered":"Kampagnenmission 02: Perimeter \u201eBuna Gona\u201c"},"content":{"rendered":"<h2 class=\"wp-block-heading\">Buna Gona - Umfang<\/h2>\n\n\n\n<div class=\"wp-block-image\"><figure class=\"aligncenter size-large\"><a href=\"https:\/\/ibomberdefensepacific.standardof.net\/de\/guide\/kampagne-mission-02-buna-gona\/ibomber-defense-pacific-campaign-mission-02-buna-gona-1\/\"><img decoding=\"async\" width=\"800\" height=\"450\" src=\"https:\/\/ibomberdefensepacific.standardof.net\/wp-content\/uploads\/sites\/6\/2020\/10\/iBomber-Defense-Pacific-Campaign-Mission-02-Buna-Gona-1-800x450.jpg\" alt=\"iBomber Defense Pacific - Kampagnenmission 02 - Buna Gona (1)\" class=\"wp-image-41\" srcset=\"https:\/\/ibomberdefensepacific.standardof.net\/wp-content\/uploads\/sites\/6\/2020\/10\/iBomber-Defense-Pacific-Campaign-Mission-02-Buna-Gona-1-800x450.jpg 800w, https:\/\/ibomberdefensepacific.standardof.net\/wp-content\/uploads\/sites\/6\/2020\/10\/iBomber-Defense-Pacific-Campaign-Mission-02-Buna-Gona-1-512x288.jpg 512w, https:\/\/ibomberdefensepacific.standardof.net\/wp-content\/uploads\/sites\/6\/2020\/10\/iBomber-Defense-Pacific-Campaign-Mission-02-Buna-Gona-1-200x113.jpg 200w, https:\/\/ibomberdefensepacific.standardof.net\/wp-content\/uploads\/sites\/6\/2020\/10\/iBomber-Defense-Pacific-Campaign-Mission-02-Buna-Gona-1-768x432.jpg 768w, https:\/\/ibomberdefensepacific.standardof.net\/wp-content\/uploads\/sites\/6\/2020\/10\/iBomber-Defense-Pacific-Campaign-Mission-02-Buna-Gona-1-16x9.jpg 16w, https:\/\/ibomberdefensepacific.standardof.net\/wp-content\/uploads\/sites\/6\/2020\/10\/iBomber-Defense-Pacific-Campaign-Mission-02-Buna-Gona-1.jpg 1280w\" sizes=\"(max-width: 800px) 100vw, 800px\" \/><\/a><figcaption>Der rote Pfad zeigt die Route der ankommenden feindlichen Streitkr\u00e4fte in Buna Gona.<\/figcaption><\/figure><\/div>\n\n\n\n<p><em>Sch\u00fctzen Sie Ihre Position in Buna, Neuguinea.<\/em><\/p>\n\n\n\n<p>In der Stufe Buna Gona n\u00e4hern sich die feindlichen Landstreitkr\u00e4fte Ihrer Basis auf einem spiralf\u00f6rmigen Pfad, der oben in der Mitte der Karte beginnt und in der N\u00e4he der Mitte endet und fast eine vollst\u00e4ndige Schleife bildet. Diese Mission wird den Bomb Turret und seine Verwendung vorstellen und ist gleichzeitig die letzte H\u00e4lfte der Tutorial-Missionen, die zum Freischalten des Grundtrainings erforderlich sind.<\/p>\n\n\n\t\t\t\t<div class=\"wp-block-uagb-table-of-contents uagb-toc__align-left uagb-toc__columns-1  uagb-block-e609e29d\"\n\t\t\t\t\tdata-scroll= \"1\"\n\t\t\t\t\tdata-offset= \"30\"\n\t\t\t\t\tstyle=\"\"\n\t\t\t\t>\n\t\t\t\t<div class=\"uagb-toc__wrap\">\n\t\t\t\t\t\t<div class=\"uagb-toc__title\">\n\t\t\t\t\t\t\tExemplarische Vorgehensweise Navigation:\t\t\t\t\t\t<\/div>\n\t\t\t\t\t\t\t\t\t\t\t\t\t\t\t\t<div class=\"uagb-toc__list-wrap\">\n\t\t\t\t\t\t<ol class=\"uagb-toc__list\"><li class=\"uagb-toc__list\"><a href=\"#secondary-objective\" class=\"uagb-toc-link__trigger\">Sekund\u00e4res Ziel<\/a><li class=\"uagb-toc__list\"><a href=\"#victory-points\" class=\"uagb-toc-link__trigger\">Siegpunkte<\/a><li class=\"uagb-toc__list\"><a href=\"#perks-used-for-this-mission\" class=\"uagb-toc-link__trigger\">Vorteile f\u00fcr diese Mission:<\/a><li class=\"uagb-toc__list\"><a href=\"#hidden-target\" class=\"uagb-toc-link__trigger\">Verstecktes Ziel<\/a><li class=\"uagb-toc__list\"><a href=\"#turret-placement\" class=\"uagb-toc-link__trigger\">Revolverplatzierung<\/a><li class=\"uagb-toc__list\"><a href=\"#basic-training-achievement\" class=\"uagb-toc-link__trigger\">Grundausbildung Leistung<\/a><li class=\"uagb-toc__list\"><a href=\"#veteran-difficulty-video-guide\" class=\"uagb-toc-link__trigger\">Video-Leitfaden f\u00fcr Veteranenschwierigkeiten<\/a><\/ol>\t\t\t\t\t<\/div>\n\t\t\t\t\t\t\t\t\t<\/div>\n\t\t\t\t<\/div>\n\t\t\t\n\n\n<hr class=\"wp-block-separator is-style-wide\"\/>\n\n\n\n<h3 class=\"wp-block-heading\">Sekund\u00e4res Ziel<\/h3>\n\n\n\n<p><em>Zerst\u00f6re alle japanischen Bunker in der Gegend.<\/em><\/p>\n\n\n\n<p>Dieses Ziel erfordert den Einsatz Ihrer Bomben. Am besten so schnell wie m\u00f6glich, allerdings nicht auf Kosten der vollst\u00e4ndigen Ignorierung der Versorgungskisten, bis dies erledigt ist. Wirf einfach eine einzelne Bombe \u00fcber jede der drei erhabenen sechseckigen Formen, die sich im Wald befinden, weg vom Pfad und deinen T\u00fcrmen, mit der kreisf\u00f6rmigen Lichtung um jede.<\/p>\n\n\n\n<div class=\"wp-block-image\"><figure class=\"aligncenter size-large\"><a href=\"https:\/\/ibomberdefensepacific.standardof.net\/de\/guide\/kampagne-mission-02-buna-gona\/ibomber-defense-pacific-campaign-mission-02-buna-gona-3\/\"><img decoding=\"async\" width=\"244\" height=\"230\" src=\"https:\/\/ibomberdefensepacific.standardof.net\/wp-content\/uploads\/sites\/6\/2020\/10\/iBomber-Defense-Pacific-Campaign-Mission-02-Buna-Gona-3.jpg\" alt=\"Screenshot eines der Bunker, die Sie f\u00fcr das sekund\u00e4re Ziel in der Buna-Gona-Kampagnenebene des Videospiels &quot;iBomber Defense Pacific&quot; zerst\u00f6ren m\u00fcssen.\" class=\"wp-image-43\" srcset=\"https:\/\/ibomberdefensepacific.standardof.net\/wp-content\/uploads\/sites\/6\/2020\/10\/iBomber-Defense-Pacific-Campaign-Mission-02-Buna-Gona-3.jpg 244w, https:\/\/ibomberdefensepacific.standardof.net\/wp-content\/uploads\/sites\/6\/2020\/10\/iBomber-Defense-Pacific-Campaign-Mission-02-Buna-Gona-3-200x189.jpg 200w, https:\/\/ibomberdefensepacific.standardof.net\/wp-content\/uploads\/sites\/6\/2020\/10\/iBomber-Defense-Pacific-Campaign-Mission-02-Buna-Gona-3-13x12.jpg 13w\" sizes=\"(max-width: 244px) 100vw, 244px\" \/><\/a><figcaption>Einer der japanischen Bunker, den Sie f\u00fcr das sekund\u00e4re Ziel mit Bomben zerst\u00f6ren m\u00fcssen.<\/figcaption><\/figure><\/div>\n\n\n\n<h3 class=\"wp-block-heading\">Siegpunkte<\/h3>\n\n\n\n<ul><li>Maschinengewehr Stufe 3<\/li><\/ul>\n\n\n\n<p>Insgesamt 20 Punkte<\/p>\n\n\n\n<hr class=\"wp-block-separator is-style-wide\"\/>\n\n\n\n<h3 class=\"wp-block-heading\">Vorteile f\u00fcr diese Mission:<\/h3>\n\n\n\n<p>Greenback I, Bombardier I.<br>Das zus\u00e4tzliche Geld mit dem Greenback-Bonus ist immer eine wertvolle Wahl, w\u00e4hrend eine zus\u00e4tzliche Bombe einen langen Weg in einem Level zur\u00fccklegt, das in kurzer Zeit einen guten Teil ihres Einsatzes erfordert.<\/p>\n\n\n\n<hr class=\"wp-block-separator is-style-wide\"\/>\n\n\n\n<h3 class=\"wp-block-heading\">Verstecktes Ziel<\/h3>\n\n\n\n<p>Dies ist das erste Level mit einer speziellen Struktur, die etwas unauff\u00e4llig auf der Karte platziert ist und bei Zerst\u00f6rung (durch Abwerfen einer Bombe) als Bonus f\u00fcr einen Erfolg dient. Das versteckte Ziel in Buna-Gona ist eine kleine H\u00fctte zwischen den B\u00e4umen, links von Ihrer Basis.<\/p>\n\n\n\n<div class=\"wp-block-image is-style-default\"><figure class=\"aligncenter size-large\"><a href=\"https:\/\/ibomberdefensepacific.standardof.net\/de\/guide\/kampagne-mission-02-buna-gona\/ibomber-defense-pacific-campaign-mission-02-buna-gona-2\/\"><img decoding=\"async\" width=\"221\" height=\"229\" src=\"https:\/\/ibomberdefensepacific.standardof.net\/wp-content\/uploads\/sites\/6\/2020\/10\/iBomber-Defense-Pacific-Campaign-Mission-02-Buna-Gona-2.jpg\" alt=\"Screenshot des Hidden Target-Geb\u00e4udes in der Buna-Gona-Kampagnenebene des Videospiels &quot;iBomber Defense Pacific&quot;.\" class=\"wp-image-42\" srcset=\"https:\/\/ibomberdefensepacific.standardof.net\/wp-content\/uploads\/sites\/6\/2020\/10\/iBomber-Defense-Pacific-Campaign-Mission-02-Buna-Gona-2.jpg 221w, https:\/\/ibomberdefensepacific.standardof.net\/wp-content\/uploads\/sites\/6\/2020\/10\/iBomber-Defense-Pacific-Campaign-Mission-02-Buna-Gona-2-193x200.jpg 193w, https:\/\/ibomberdefensepacific.standardof.net\/wp-content\/uploads\/sites\/6\/2020\/10\/iBomber-Defense-Pacific-Campaign-Mission-02-Buna-Gona-2-12x12.jpg 12w\" sizes=\"(max-width: 221px) 100vw, 221px\" \/><\/a><figcaption>Das versteckte Ziel, versteckt in der N\u00e4he der Kartenmitte in Buna-Gona.<\/figcaption><\/figure><\/div>\n\n\n\n<hr class=\"wp-block-separator is-style-wide\"\/>\n\n\n\n<h3 class=\"wp-block-heading\">Revolverplatzierung<\/h3>\n\n\n\n<figure class=\"wp-block-gallery columns-2 is-cropped wp-block-gallery-1 is-layout-flex wp-block-gallery-is-layout-flex\"><ul class=\"blocks-gallery-grid\"><li class=\"blocks-gallery-item\"><figure><a href=\"https:\/\/ibomberdefensepacific.standardof.net\/de\/guide\/kampagne-mission-02-buna-gona\/ibomber-defense-pacific-campaign-mission-02-buna-gona-4\/\"><img decoding=\"async\" width=\"800\" height=\"450\" src=\"https:\/\/ibomberdefensepacific.standardof.net\/wp-content\/uploads\/sites\/6\/2020\/10\/iBomber-Defense-Pacific-Campaign-Mission-02-Buna-Gona-4-800x450.jpg\" alt=\"Screenshot der vorgeschlagenen Turmplatzierung bei Erreichen von Welle 5 in der Buna-Gona-Kampagnenebene des Videospiels &quot;iBomber Defense Pacific&quot;.\" data-id=\"44\" data-full-url=\"https:\/\/ibomberdefensepacific.standardof.net\/wp-content\/uploads\/sites\/6\/2020\/10\/iBomber-Defense-Pacific-Campaign-Mission-02-Buna-Gona-4.jpg\" data-link=\"https:\/\/ibomberdefensepacific.standardof.net\/guide\/campaign-mission-02-buna-gona\/ibomber-defense-pacific-campaign-mission-02-buna-gona-4\/\" class=\"wp-image-44\" srcset=\"https:\/\/ibomberdefensepacific.standardof.net\/wp-content\/uploads\/sites\/6\/2020\/10\/iBomber-Defense-Pacific-Campaign-Mission-02-Buna-Gona-4-800x450.jpg 800w, https:\/\/ibomberdefensepacific.standardof.net\/wp-content\/uploads\/sites\/6\/2020\/10\/iBomber-Defense-Pacific-Campaign-Mission-02-Buna-Gona-4-512x288.jpg 512w, https:\/\/ibomberdefensepacific.standardof.net\/wp-content\/uploads\/sites\/6\/2020\/10\/iBomber-Defense-Pacific-Campaign-Mission-02-Buna-Gona-4-200x113.jpg 200w, https:\/\/ibomberdefensepacific.standardof.net\/wp-content\/uploads\/sites\/6\/2020\/10\/iBomber-Defense-Pacific-Campaign-Mission-02-Buna-Gona-4-768x432.jpg 768w, https:\/\/ibomberdefensepacific.standardof.net\/wp-content\/uploads\/sites\/6\/2020\/10\/iBomber-Defense-Pacific-Campaign-Mission-02-Buna-Gona-4-16x9.jpg 16w, https:\/\/ibomberdefensepacific.standardof.net\/wp-content\/uploads\/sites\/6\/2020\/10\/iBomber-Defense-Pacific-Campaign-Mission-02-Buna-Gona-4.jpg 1280w\" sizes=\"(max-width: 800px) 100vw, 800px\" \/><\/a><figcaption class=\"blocks-gallery-item__caption\">Revolverplatzierung bei Welle 5.<\/figcaption><\/figure><\/li><li class=\"blocks-gallery-item\"><figure><a href=\"https:\/\/ibomberdefensepacific.standardof.net\/de\/guide\/kampagne-mission-02-buna-gona\/ibomber-defense-pacific-campaign-mission-02-buna-gona-5\/\"><img decoding=\"async\" width=\"800\" height=\"450\" src=\"https:\/\/ibomberdefensepacific.standardof.net\/wp-content\/uploads\/sites\/6\/2020\/10\/iBomber-Defense-Pacific-Campaign-Mission-02-Buna-Gona-5-800x450.jpg\" alt=\"Screenshot der vorgeschlagenen Turmplatzierung bei Erreichen von Welle 10 in der Buna-Gona-Kampagnenebene des Videospiels &quot;iBomber Defense Pacific&quot;.\" data-id=\"45\" data-full-url=\"https:\/\/ibomberdefensepacific.standardof.net\/wp-content\/uploads\/sites\/6\/2020\/10\/iBomber-Defense-Pacific-Campaign-Mission-02-Buna-Gona-5.jpg\" data-link=\"https:\/\/ibomberdefensepacific.standardof.net\/guide\/campaign-mission-02-buna-gona\/ibomber-defense-pacific-campaign-mission-02-buna-gona-5\/\" class=\"wp-image-45\" srcset=\"https:\/\/ibomberdefensepacific.standardof.net\/wp-content\/uploads\/sites\/6\/2020\/10\/iBomber-Defense-Pacific-Campaign-Mission-02-Buna-Gona-5-800x450.jpg 800w, https:\/\/ibomberdefensepacific.standardof.net\/wp-content\/uploads\/sites\/6\/2020\/10\/iBomber-Defense-Pacific-Campaign-Mission-02-Buna-Gona-5-512x288.jpg 512w, https:\/\/ibomberdefensepacific.standardof.net\/wp-content\/uploads\/sites\/6\/2020\/10\/iBomber-Defense-Pacific-Campaign-Mission-02-Buna-Gona-5-200x113.jpg 200w, https:\/\/ibomberdefensepacific.standardof.net\/wp-content\/uploads\/sites\/6\/2020\/10\/iBomber-Defense-Pacific-Campaign-Mission-02-Buna-Gona-5-768x432.jpg 768w, https:\/\/ibomberdefensepacific.standardof.net\/wp-content\/uploads\/sites\/6\/2020\/10\/iBomber-Defense-Pacific-Campaign-Mission-02-Buna-Gona-5-16x9.jpg 16w, https:\/\/ibomberdefensepacific.standardof.net\/wp-content\/uploads\/sites\/6\/2020\/10\/iBomber-Defense-Pacific-Campaign-Mission-02-Buna-Gona-5.jpg 1280w\" sizes=\"(max-width: 800px) 100vw, 800px\" \/><\/a><figcaption class=\"blocks-gallery-item__caption\">Revolverplatzierung bei Welle 10.<\/figcaption><\/figure><\/li><\/ul><\/figure>\n\n\n\n<p>Mit Ihrem Startgeld m\u00f6chten Sie ein Paar Bombent\u00fcrme an Ihrer Basis platzieren, wo sie weniger wahrscheinlich von vorr\u00fcckenden Feinden abgefeuert werden, da Sie mehr als nur einen ben\u00f6tigen, um alle Ziele und Kisten rechtzeitig zu bombardieren. Nehmen Sie, was noch \u00fcbrig ist, und platzieren Sie ein Maschinengewehr auf dem Weg vor der ersten Versorgungskiste, um es auf Stufe 3 zu verbessern. Nehmen Sie Ihr n\u00e4chstes Geld und stellen Sie ein weiteres MG und schlie\u00dflich eine Kanone neben das Kistenpaar, damit sie die Kisten abschie\u00dfen, wenn Feinde sind nicht anwesend, um darauf hinzuarbeiten, dass die Leckereien hineingelangen.<\/p>\n\n\n\n<p>Die Wellen in dieser Mission gehen schnell, also stellen Sie sicher, dass Sie Ihre Bomben auf die Ziele werfen, die Sie treffen m\u00fcssen, wenn sie hergestellt werden. Sie k\u00f6nnen Ihre eigenen T\u00fcrme besch\u00e4digen, wenn Sie sp\u00e4ter auf die Vorratskisten treffen. Warten Sie jedoch nicht zu lange, um die Kisten zu \u00f6ffnen, da die darin enthaltenen Mittel eine gute Hilfe sind. Sie sollten versuchen, diese Mission mit einem Paar MGs der Stufen 2 und 3 und einem Paar Kanonen abzuschlie\u00dfen, ohne die Bombent\u00fcrme zu z\u00e4hlen.<\/p>\n\n\n\n<hr class=\"wp-block-separator is-style-wide\"\/>\n\n\n\n<h3 class=\"wp-block-heading\">Grundausbildung Leistung<\/h3>\n\n\n\n<p>Nachdem Sie dieses und das vorherige Level abgeschlossen haben, erhalten Sie mit Kokada Track die Grundausbildung f\u00fcr das Abschlie\u00dfen beider Tutorial-Levels des Spiels. Es spielt keine Rolle, auf welcher Schwierigkeit Sie diese Missionen bestehen.<\/p>\n\n\n\n<hr class=\"wp-block-separator is-style-wide\"\/>\n\n\n\n<h3 class=\"has-text-align-center wp-block-heading\" id=\"4-veteran-difficulty-video-guide\">Video-Leitfaden f\u00fcr Veteranenschwierigkeiten<\/h3>\n\n\n\n<figure class=\"wp-block-embed-youtube wp-block-embed is-type-video is-provider-youtube wp-embed-aspect-16-9 wp-has-aspect-ratio\"><div class=\"wp-block-embed__wrapper\">\n<div class=\"ast-oembed-container\" style=\"height: 100%;\"><iframe title=\"Buna Gona - M2 iBomber Verteidigung Pazifik - Veteran Full House Walkthrough\" width=\"500\" height=\"375\" src=\"https:\/\/www.youtube.com\/embed\/Z7bDZOrR9j0?feature=oembed\" frameborder=\"0\" allow=\"accelerometer; autoplay; clipboard-write; encrypted-media; gyroscope; picture-in-picture; web-share\" referrerpolicy=\"strict-origin-when-cross-origin\" allowfullscreen><\/iframe><\/div>\n<\/div><\/figure>","protected":false},"excerpt":{"rendered":"<p>Buna Gona &#8211; Perimeter Protect your position in Buna, New Guinea. The level Buna Gona will have the enemy land forces approaching your base in a spiraling path that starts at the center-top of the map, ending near the center, almost making a complete loop. This mission will introduce the Bomb Turret and how to [&hellip;]<\/p>","protected":false},"author":1,"featured_media":45,"parent":164,"menu_order":2,"comment_status":"open","ping_status":"closed","template":"","meta":{"_uag_custom_page_level_css":"","site-sidebar-layout":"default","site-content-layout":"default","ast-site-content-layout":"","site-content-style":"default","site-sidebar-style":"default","ast-global-header-display":"","ast-banner-title-visibility":"","ast-main-header-display":"","ast-hfb-above-header-display":"","ast-hfb-below-header-display":"","ast-hfb-mobile-header-display":"","site-post-title":"","ast-breadcrumbs-content":"","ast-featured-img":"","footer-sml-layout":"","theme-transparent-header-meta":"default","adv-header-id-meta":"","stick-header-meta":"","header-above-stick-meta":"","header-main-stick-meta":"","header-below-stick-meta":"","astra-migrate-meta-layouts":"default","ast-page-background-enabled":"default","ast-page-background-meta":{"desktop":{"background-color":"","background-image":"","background-repeat":"repeat","background-position":"center center","background-size":"auto","background-attachment":"scroll","background-type":"","background-media":"","overlay-type":"","overlay-color":"","overlay-gradient":""},"tablet":{"background-color":"","background-image":"","background-repeat":"repeat","background-position":"center center","background-size":"auto","background-attachment":"scroll","background-type":"","background-media":"","overlay-type":"","overlay-color":"","overlay-gradient":""},"mobile":{"background-color":"","background-image":"","background-repeat":"repeat","background-position":"center center","background-size":"auto","background-attachment":"scroll","background-type":"","background-media":"","overlay-type":"","overlay-color":"","overlay-gradient":""}},"ast-content-background-meta":{"desktop":{"background-color":"var(--ast-global-color-5)","background-image":"","background-repeat":"repeat","background-position":"center center","background-size":"auto","background-attachment":"scroll","background-type":"","background-media":"","overlay-type":"","overlay-color":"","overlay-gradient":""},"tablet":{"background-color":"var(--ast-global-color-5)","background-image":"","background-repeat":"repeat","background-position":"center center","background-size":"auto","background-attachment":"scroll","background-type":"","background-media":"","overlay-type":"","overlay-color":"","overlay-gradient":""},"mobile":{"background-color":"var(--ast-global-color-5)","background-image":"","background-repeat":"repeat","background-position":"center center","background-size":"auto","background-attachment":"scroll","background-type":"","background-media":"","overlay-type":"","overlay-color":"","overlay-gradient":""}},"footnotes":""},"uagb_featured_image_src":{"full":["https:\/\/ibomberdefensepacific.standardof.net\/wp-content\/uploads\/sites\/6\/2020\/10\/iBomber-Defense-Pacific-Campaign-Mission-02-Buna-Gona-5.jpg",1280,720,false],"thumbnail":["https:\/\/ibomberdefensepacific.standardof.net\/wp-content\/uploads\/sites\/6\/2020\/10\/iBomber-Defense-Pacific-Campaign-Mission-02-Buna-Gona-5-200x113.jpg",200,113,true],"medium":["https:\/\/ibomberdefensepacific.standardof.net\/wp-content\/uploads\/sites\/6\/2020\/10\/iBomber-Defense-Pacific-Campaign-Mission-02-Buna-Gona-5-512x288.jpg",512,288,true],"medium_large":["https:\/\/ibomberdefensepacific.standardof.net\/wp-content\/uploads\/sites\/6\/2020\/10\/iBomber-Defense-Pacific-Campaign-Mission-02-Buna-Gona-5-768x432.jpg",768,432,true],"large":["https:\/\/ibomberdefensepacific.standardof.net\/wp-content\/uploads\/sites\/6\/2020\/10\/iBomber-Defense-Pacific-Campaign-Mission-02-Buna-Gona-5-800x450.jpg",800,450,true],"1536x1536":["https:\/\/ibomberdefensepacific.standardof.net\/wp-content\/uploads\/sites\/6\/2020\/10\/iBomber-Defense-Pacific-Campaign-Mission-02-Buna-Gona-5.jpg",1280,720,false],"2048x2048":["https:\/\/ibomberdefensepacific.standardof.net\/wp-content\/uploads\/sites\/6\/2020\/10\/iBomber-Defense-Pacific-Campaign-Mission-02-Buna-Gona-5.jpg",1280,720,false],"trp-custom-language-flag":["https:\/\/ibomberdefensepacific.standardof.net\/wp-content\/uploads\/sites\/6\/2020\/10\/iBomber-Defense-Pacific-Campaign-Mission-02-Buna-Gona-5-16x9.jpg",16,9,true]},"uagb_author_info":{"display_name":"SOE","author_link":"https:\/\/ibomberdefensepacific.standardof.net\/de\/author\/k-tastic\/"},"uagb_comment_info":0,"uagb_excerpt":"Buna Gona &#8211; Perimeter Protect your position in Buna, New Guinea. The level Buna Gona will have the enemy land forces approaching your base in a spiraling path that starts at the center-top of the map, ending near the center, almost making a complete loop. This mission will introduce the Bomb Turret and how to&hellip;","_links":{"self":[{"href":"https:\/\/ibomberdefensepacific.standardof.net\/de\/wp-json\/wp\/v2\/pages\/189"}],"collection":[{"href":"https:\/\/ibomberdefensepacific.standardof.net\/de\/wp-json\/wp\/v2\/pages"}],"about":[{"href":"https:\/\/ibomberdefensepacific.standardof.net\/de\/wp-json\/wp\/v2\/types\/page"}],"author":[{"embeddable":true,"href":"https:\/\/ibomberdefensepacific.standardof.net\/de\/wp-json\/wp\/v2\/users\/1"}],"replies":[{"embeddable":true,"href":"https:\/\/ibomberdefensepacific.standardof.net\/de\/wp-json\/wp\/v2\/comments?post=189"}],"version-history":[{"count":0,"href":"https:\/\/ibomberdefensepacific.standardof.net\/de\/wp-json\/wp\/v2\/pages\/189\/revisions"}],"up":[{"embeddable":true,"href":"https:\/\/ibomberdefensepacific.standardof.net\/de\/wp-json\/wp\/v2\/pages\/164"}],"wp:featuredmedia":[{"embeddable":true,"href":"https:\/\/ibomberdefensepacific.standardof.net\/de\/wp-json\/wp\/v2\/media\/45"}],"wp:attachment":[{"href":"https:\/\/ibomberdefensepacific.standardof.net\/de\/wp-json\/wp\/v2\/media?parent=189"}],"curies":[{"name":"wp","href":"https:\/\/api.w.org\/{rel}","templated":true}]}}